{"id":145189,"date":"2023-05-04T09:28:18","date_gmt":"2023-05-04T07:49:09","guid":{"rendered":"https:\/\/ab-marineservice.com\/product\/schnittstelle-mk2-2b-ve-bus-zu-rs232\/"},"modified":"2024-12-13T15:25:22","modified_gmt":"2024-12-13T14:25:22","slug":"schnittstelle-mk2-2b-ve-bus-zu-rs232","status":"publish","type":"product","link":"https:\/\/ab-marineservice.com\/de\/produkt\/schnittstelle-mk2-2b-ve-bus-zu-rs232\/","title":{"rendered":"Schnittstelle MK2.2b (VE.Bus zu RS232)"},"content":{"rendered":"","protected":false},"excerpt":{"rendered":"<p>ASS030120210 Victron<\/p>\n<p>Die Victron-Schnittstelle MK2.2b (VE.Bus zu RS232) ist f\u00fcr die Kommunikation mit alten Victron Phoenix Multi- oder MultiPlus-Wechselrichter-\/Ladeger\u00e4t-Kombinationen erforderlich.<\/p>\n<p>Jeder Phoenix Multi\/MultiPlus ist mit der M\u00f6glichkeit ausgestattet, \u00fcber die RS-232-Datenschnittstelle mit einem Computer zu kommunizieren. Die neuen Modelle verf\u00fcgen \u00fcber einen USB-Anschluss, mit dem eine direkte Verbindung m\u00f6glich ist. Diese Schnittstelle k\u00f6nnen Sie mit den \u00e4lteren Modellen nutzen.<\/p>\n<p>Zus\u00e4tzlich zu dieser Schnittstelle ben\u00f6tigen Sie noch die kostenlose Software VE-Configure. Dar\u00fcber hinaus ist ein Kommunikationskabel zwischen dem Multi oder MultiPlus und der Schnittstelle MK2.2b (VE.Bus zu RS232) erforderlich.<\/p>\n","protected":false},"featured_media":152512,"comment_status":"open","ping_status":"closed","template":"","meta":[],"location":[4275,4276],"product_brand":[],"product_cat":[4282,4383,4401,11143],"product_tag":[],"class_list":{"0":"post-145189","1":"product","2":"type-product","3":"status-publish","4":"has-post-thumbnail","6":"location-aes-emmeloord","7":"location-aes-lemmer","8":"product_cat-victron-de","9":"product_cat-sonstige","10":"product_cat-kabel-de","11":"product_cat-schnittstelle","12":"product_shipping_class-paket-0-10-kg","14":"first","15":"onbackorder","16":"sale","17":"taxable","18":"shipping-taxable","19":"purchasable","20":"product-type-simple"},"group_of_quantity":0,"min_quantity":0,"max_quantity":"","exclude_order_quantity_value_rules":"no","exclude_category_quantity_rules":"no","combine_variations":"no","locations":[{"id":4275,"name":"AES Emmeloord","slug":"aes-emmeloord","quantity":""},{"id":4276,"name":"AES Lemmer","slug":"aes-lemmer","quantity":""}],"_links":{"self":[{"href":"https:\/\/ab-marineservice.com\/de\/wp-json\/wp\/v2\/product\/145189","targetHints":{"allow":["GET"]}}],"collection":[{"href":"https:\/\/ab-marineservice.com\/de\/wp-json\/wp\/v2\/product"}],"about":[{"href":"https:\/\/ab-marineservice.com\/de\/wp-json\/wp\/v2\/types\/product"}],"replies":[{"embeddable":true,"href":"https:\/\/ab-marineservice.com\/de\/wp-json\/wp\/v2\/comments?post=145189"}],"wp:featuredmedia":[{"embeddable":true,"href":"https:\/\/ab-marineservice.com\/de\/wp-json\/wp\/v2\/media\/152512"}],"wp:attachment":[{"href":"https:\/\/ab-marineservice.com\/de\/wp-json\/wp\/v2\/media?parent=145189"}],"wp:term":[{"taxonomy":"location","embeddable":true,"href":"https:\/\/ab-marineservice.com\/de\/wp-json\/wp\/v2\/location?post=145189"},{"taxonomy":"product_brand","embeddable":true,"href":"https:\/\/ab-marineservice.com\/de\/wp-json\/wp\/v2\/product_brand?post=145189"},{"taxonomy":"product_cat","embeddable":true,"href":"https:\/\/ab-marineservice.com\/de\/wp-json\/wp\/v2\/product_cat?post=145189"},{"taxonomy":"product_tag","embeddable":true,"href":"https:\/\/ab-marineservice.com\/de\/wp-json\/wp\/v2\/product_tag?post=145189"}],"curies":[{"name":"wp","href":"https:\/\/api.w.org\/{rel}","templated":true}]}}