{"id":145194,"date":"2023-05-04T09:28:18","date_gmt":"2023-05-04T07:49:21","guid":{"rendered":"https:\/\/ab-marineservice.com\/product\/schnittstelle-1140\/"},"modified":"2024-11-04T14:00:04","modified_gmt":"2024-11-04T13:00:04","slug":"schnittstelle-1140","status":"publish","type":"product","link":"https:\/\/ab-marineservice.com\/de\/produkt\/schnittstelle-1140\/","title":{"rendered":"Schnittstelle 1140"},"content":{"rendered":"","protected":false},"excerpt":{"rendered":"<p>ASS030510000 Victron<\/p>\n<p>Wenn die Schnittstelle 1140 an den Wechselstromgenerator angeschlossen ist, kann sie Welligkeit\/Frequenz messen.<\/p>\n<p>Der Assistent \u201eUse 1140 interface to set Shore Limit Assistant\u201c kann in Multi(C) oder einem Quattro verwendet werden. Der Anschluss erfolgt wie bei einem MK2 \u00fcber ein UTP-Kabel.<\/p>\n<p>Hinweis: Das Ger\u00e4t muss \u00fcber die Firmware xxx2xx oder h\u00f6her verf\u00fcgen, um Assistenten nutzen zu k\u00f6nnen.<\/p>\n<p>Handbuch: <a href=\"https:\/\/ab-marineservice.com\/wp-content\/uploads\/2023\/05\/Manual-Assistants-1140.pdf\">Manual-Assistants-1140<\/a><\/p>\n","protected":false},"featured_media":152622,"comment_status":"open","ping_status":"closed","template":"","meta":[],"location":[],"product_brand":[],"product_cat":[4282,4383,4401,11143],"product_tag":[],"class_list":{"0":"post-145194","1":"product","2":"type-product","3":"status-publish","4":"has-post-thumbnail","6":"product_cat-victron-de","7":"product_cat-sonstige","8":"product_cat-kabel-de","9":"product_cat-schnittstelle","10":"product_shipping_class-paket-0-10-kg","12":"first","13":"outofstock","14":"sale","15":"taxable","16":"shipping-taxable","17":"purchasable","18":"product-type-simple"},"group_of_quantity":0,"min_quantity":0,"max_quantity":"","exclude_order_quantity_value_rules":"no","exclude_category_quantity_rules":"no","combine_variations":"no","locations":[],"_links":{"self":[{"href":"https:\/\/ab-marineservice.com\/de\/wp-json\/wp\/v2\/product\/145194","targetHints":{"allow":["GET"]}}],"collection":[{"href":"https:\/\/ab-marineservice.com\/de\/wp-json\/wp\/v2\/product"}],"about":[{"href":"https:\/\/ab-marineservice.com\/de\/wp-json\/wp\/v2\/types\/product"}],"replies":[{"embeddable":true,"href":"https:\/\/ab-marineservice.com\/de\/wp-json\/wp\/v2\/comments?post=145194"}],"wp:featuredmedia":[{"embeddable":true,"href":"https:\/\/ab-marineservice.com\/de\/wp-json\/wp\/v2\/media\/152622"}],"wp:attachment":[{"href":"https:\/\/ab-marineservice.com\/de\/wp-json\/wp\/v2\/media?parent=145194"}],"wp:term":[{"taxonomy":"location","embeddable":true,"href":"https:\/\/ab-marineservice.com\/de\/wp-json\/wp\/v2\/location?post=145194"},{"taxonomy":"product_brand","embeddable":true,"href":"https:\/\/ab-marineservice.com\/de\/wp-json\/wp\/v2\/product_brand?post=145194"},{"taxonomy":"product_cat","embeddable":true,"href":"https:\/\/ab-marineservice.com\/de\/wp-json\/wp\/v2\/product_cat?post=145194"},{"taxonomy":"product_tag","embeddable":true,"href":"https:\/\/ab-marineservice.com\/de\/wp-json\/wp\/v2\/product_tag?post=145194"}],"curies":[{"name":"wp","href":"https:\/\/api.w.org\/{rel}","templated":true}]}}