{"id":145201,"date":"2023-05-04T09:28:34","date_gmt":"2023-05-04T07:49:32","guid":{"rendered":"https:\/\/ab-marineservice.com\/product\/ve-direct-zu-usb-schnittstelle\/"},"modified":"2024-11-02T15:10:06","modified_gmt":"2024-11-02T14:10:06","slug":"ve-direct-zu-usb-schnittstelle","status":"publish","type":"product","link":"https:\/\/ab-marineservice.com\/de\/produkt\/ve-direct-zu-usb-schnittstelle\/","title":{"rendered":"VE.Direct-zu-USB-Schnittstelle"},"content":{"rendered":"","protected":false},"excerpt":{"rendered":"<p>ASS030530010 Victron<\/p>\n<p>Das VE.Direct zu USB-Interface verbindet Produkte mit einer VE.Direct-Verbindung mit Ger\u00e4ten mit einem USB-Port, wie z B. einem Computer. Mit diesem Kabel kann man au\u00dferdem mehr als zwei VE.Direct-Produkte an ein einzelnes CCGX anschlie\u00dfen.<\/p>\n","protected":false},"featured_media":152646,"comment_status":"open","ping_status":"closed","template":"","meta":[],"location":[4275,4276],"product_brand":[],"product_cat":[4282,4383,4401,11133],"product_tag":[],"class_list":{"0":"post-145201","1":"product","2":"type-product","3":"status-publish","4":"has-post-thumbnail","6":"location-aes-emmeloord","7":"location-aes-lemmer","8":"product_cat-victron-de","9":"product_cat-sonstige","10":"product_cat-kabel-de","11":"product_cat-ve-direct-kabel-de","12":"product_shipping_class-paket-0-10-kg","14":"first","15":"instock","16":"sale","17":"taxable","18":"shipping-taxable","19":"purchasable","20":"product-type-simple"},"group_of_quantity":0,"min_quantity":0,"max_quantity":"","exclude_order_quantity_value_rules":"no","exclude_category_quantity_rules":"no","combine_variations":"no","locations":[{"id":4275,"name":"AES Emmeloord","slug":"aes-emmeloord","quantity":""},{"id":4276,"name":"AES Lemmer","slug":"aes-lemmer","quantity":""}],"_links":{"self":[{"href":"https:\/\/ab-marineservice.com\/de\/wp-json\/wp\/v2\/product\/145201","targetHints":{"allow":["GET"]}}],"collection":[{"href":"https:\/\/ab-marineservice.com\/de\/wp-json\/wp\/v2\/product"}],"about":[{"href":"https:\/\/ab-marineservice.com\/de\/wp-json\/wp\/v2\/types\/product"}],"replies":[{"embeddable":true,"href":"https:\/\/ab-marineservice.com\/de\/wp-json\/wp\/v2\/comments?post=145201"}],"wp:featuredmedia":[{"embeddable":true,"href":"https:\/\/ab-marineservice.com\/de\/wp-json\/wp\/v2\/media\/152646"}],"wp:attachment":[{"href":"https:\/\/ab-marineservice.com\/de\/wp-json\/wp\/v2\/media?parent=145201"}],"wp:term":[{"taxonomy":"location","embeddable":true,"href":"https:\/\/ab-marineservice.com\/de\/wp-json\/wp\/v2\/location?post=145201"},{"taxonomy":"product_brand","embeddable":true,"href":"https:\/\/ab-marineservice.com\/de\/wp-json\/wp\/v2\/product_brand?post=145201"},{"taxonomy":"product_cat","embeddable":true,"href":"https:\/\/ab-marineservice.com\/de\/wp-json\/wp\/v2\/product_cat?post=145201"},{"taxonomy":"product_tag","embeddable":true,"href":"https:\/\/ab-marineservice.com\/de\/wp-json\/wp\/v2\/product_tag?post=145201"}],"curies":[{"name":"wp","href":"https:\/\/api.w.org\/{rel}","templated":true}]}}