{"id":145218,"date":"2023-05-04T09:28:34","date_gmt":"2023-05-04T07:49:44","guid":{"rendered":"https:\/\/ab-marineservice.com\/product\/ve-bus-smart-dongle\/"},"modified":"2024-08-07T16:34:07","modified_gmt":"2024-08-07T14:34:07","slug":"ve-bus-smart-dongle","status":"publish","type":"product","link":"https:\/\/ab-marineservice.com\/de\/produkt\/ve-bus-smart-dongle\/","title":{"rendered":"VE.Bus Smart-Dongle"},"content":{"rendered":"","protected":false},"excerpt":{"rendered":"<p>ASS030537010 Victron<\/p>\n<p>Der VE.Bus Smart Dongle vereint zwei Produkte:<\/p>\n<p>Zun\u00e4chst einmal ist er das Bluetooth-Zubeh\u00f6r f\u00fcr unsere Wechselrichter-\/Ladeger\u00e4t Palette. Multis, MultiPlusse, MultiPlus-II, MultiGrid, MultiGrid-II, Quattros und unsere Modellreihe der Phoenix Wechselrichter mit einem VE.Bus-Port. Nach der Installation k\u00f6nnen Sie mit der VictronConnect App den Betrieb \u00fcberwachen und auch das System bedienen: \u00c4nderung der Eingangsstrombegrenzung sowie Umschalten zwischen An, Aus und Nur-Ladeger\u00e4t-Modus.<\/p>\n<p>Au\u00dferdem kann er auch als Spannungs- und Temperatursensor f\u00fcr das Wechselrichter-\/ Ladeger\u00e4t dienen. Das funktioniert bei allen Modellen.<\/p>\n<p>Zum \u00dcberwachen bietet sich das Ger\u00e4t als gute Alternative in Wohnmobilen, kleineren Yachten und Wohnwagen an, bei denen das Color Control GX oder Venus GX zu umfangreich w\u00e4re.<\/p>\n<p>Datenblatter: <a href=\"https:\/\/ab-marineservice.com\/wp-content\/uploads\/2023\/05\/temperature_sensors-2.pdf\">temperature_sensors<\/a><br \/>\nGehauseabmessungen: <a href=\"https:\/\/ab-marineservice.com\/wp-content\/uploads\/2023\/05\/VE.Bus-Smart-dongle-PDF.pdf\">VE.Bus-Smart-dongle<\/a><br \/>\nHandbuch: <a href=\"https:\/\/ab-marineservice.com\/wp-content\/uploads\/2023\/05\/106441-VE_Bus_Smart_Dongle-pdf-de.pdf\">106441-VE_Bus_Smart_Dongle-pdf-de<\/a><br \/>\nSchaltplane: <a href=\"https:\/\/ab-marineservice.com\/wp-content\/uploads\/2023\/05\/VE.Bus-Smart-Dongle-schematic.pdf\">VE.Bus-Smart-Dongle-schematic<\/a><br \/>\nFilm: <a href=\"https:\/\/www.youtube.com\/watch?v=QaaDNiFwBXs\">VE.Bus Smart Dongle &#8211; a simple solution to read-out your system &#8211; YouTube<\/a><\/p>\n","protected":false},"featured_media":152848,"comment_status":"open","ping_status":"closed","template":"","meta":[],"location":[4275,4276],"product_brand":[],"product_cat":[4282,4383,4385,4391],"product_tag":[],"class_list":{"0":"post-145218","1":"product","2":"type-product","3":"status-publish","4":"has-post-thumbnail","6":"location-aes-emmeloord","7":"location-aes-lemmer","8":"product_cat-victron-de","9":"product_cat-sonstige","10":"product_cat-zubehor-de-4","11":"product_cat-smart-dongle-de","12":"product_shipping_class-paket-0-10-kg","14":"first","15":"instock","16":"sale","17":"taxable","18":"shipping-taxable","19":"purchasable","20":"product-type-simple"},"group_of_quantity":0,"min_quantity":0,"max_quantity":"","exclude_order_quantity_value_rules":"no","exclude_category_quantity_rules":"no","combine_variations":"no","locations":[{"id":4275,"name":"AES Emmeloord","slug":"aes-emmeloord","quantity":""},{"id":4276,"name":"AES Lemmer","slug":"aes-lemmer","quantity":""}],"_links":{"self":[{"href":"https:\/\/ab-marineservice.com\/de\/wp-json\/wp\/v2\/product\/145218","targetHints":{"allow":["GET"]}}],"collection":[{"href":"https:\/\/ab-marineservice.com\/de\/wp-json\/wp\/v2\/product"}],"about":[{"href":"https:\/\/ab-marineservice.com\/de\/wp-json\/wp\/v2\/types\/product"}],"replies":[{"embeddable":true,"href":"https:\/\/ab-marineservice.com\/de\/wp-json\/wp\/v2\/comments?post=145218"}],"wp:featuredmedia":[{"embeddable":true,"href":"https:\/\/ab-marineservice.com\/de\/wp-json\/wp\/v2\/media\/152848"}],"wp:attachment":[{"href":"https:\/\/ab-marineservice.com\/de\/wp-json\/wp\/v2\/media?parent=145218"}],"wp:term":[{"taxonomy":"location","embeddable":true,"href":"https:\/\/ab-marineservice.com\/de\/wp-json\/wp\/v2\/location?post=145218"},{"taxonomy":"product_brand","embeddable":true,"href":"https:\/\/ab-marineservice.com\/de\/wp-json\/wp\/v2\/product_brand?post=145218"},{"taxonomy":"product_cat","embeddable":true,"href":"https:\/\/ab-marineservice.com\/de\/wp-json\/wp\/v2\/product_cat?post=145218"},{"taxonomy":"product_tag","embeddable":true,"href":"https:\/\/ab-marineservice.com\/de\/wp-json\/wp\/v2\/product_tag?post=145218"}],"curies":[{"name":"wp","href":"https:\/\/api.w.org\/{rel}","templated":true}]}}