{"id":145220,"date":"2023-05-04T09:28:50","date_gmt":"2023-05-04T07:49:57","guid":{"rendered":"https:\/\/ab-marineservice.com\/product\/ve-direct-lorawan-us902-928-modul\/"},"modified":"2024-11-01T11:34:24","modified_gmt":"2024-11-01T10:34:24","slug":"ve-direct-lorawan-us902-928-modul","status":"publish","type":"product","link":"https:\/\/ab-marineservice.com\/de\/produkt\/ve-direct-lorawan-us902-928-modul\/","title":{"rendered":"VE.Direct LoRaWAN US902-928-Modul"},"content":{"rendered":"","protected":false},"excerpt":{"rendered":"<p>ASS030540010 Victron<\/p>\n<p>Mit dem VE.Direct zu LoRaWAN-Modul k\u00f6nnen Sie Ihr BMV, MPPT oder Ihren Phoenix Wechselrichter mit dem Victron Remote Management Portal verbinden. Sie k\u00f6nnen sich Informationen wie den Batteriestatus oder die Solarleistung \u00fcberall auf Ihrem Desktop oder Mobiltelefon anzeigen lassen.<\/p>\n<p>Sie k\u00f6nnen den Status Ihrer angeschlossenen Produkte auf unserer kostenlosen Website zur Fern\u00fcberwachung \u00fcberpr\u00fcfen: das VRM Online-Portal. Um einen Eindruck vom VRM Online-Portal zu bekommen, besuchen Sie bitte folgende Adresse:<a href=\"https:\/\/vrm.victronenergy.com\/landingpage\">vrm.victronenergy.com<\/a>, und verwenden Sie die Taste &#8220;Unsere Demoversion ausprobieren&#8221;. Das Portal ist kostenfrei.<\/p>\n<p>Das LoRaWAN ist ein drahtloses Netzwerk, das die Frequenz 868 Mhz nutzt. Es verf\u00fcgt \u00fcber eine gro\u00dfe Reichweite und ben\u00f6tigt nur wenig Strom. Das VE.Direct LoRaWAN_Modul kann \u00fcber dieses Netzwerk st\u00fcndlich Daten-Aktualisierungen senden. Man muss sich f\u00fcr die Nutzung dieses Netzwerkes nicht anmelden. Wenn Sie in Ihrer Region keine Abdeckung haben, k\u00f6nnen Sie Ihr eigenes Gateway hinzuf\u00fcgen.<\/p>\n<p>Gehauseabmessungen: <a href=\"https:\/\/ab-marineservice.com\/wp-content\/uploads\/2023\/05\/VE.Direct-LoRaWAN.pdf\">VE.Direct-LoRaWAN<\/a><br \/>\nHandbuch: <a href=\"https:\/\/ab-marineservice.com\/wp-content\/uploads\/2023\/05\/ve.direct_lorawan_module_manual.pdf\">ve.direct_lorawan_module_manual<\/a><\/p>\n","protected":false},"featured_media":152869,"comment_status":"open","ping_status":"closed","template":"","meta":[],"location":[4275,4276],"product_brand":[],"product_cat":[4282,4383,7865],"product_tag":[],"class_list":{"0":"post-145220","1":"product","2":"type-product","3":"status-publish","4":"has-post-thumbnail","6":"location-aes-emmeloord","7":"location-aes-lemmer","8":"product_cat-victron-de","9":"product_cat-sonstige","10":"product_cat-kommunikationszentren","11":"product_shipping_class-paket-0-10-kg","13":"first","14":"outofstock","15":"sale","16":"taxable","17":"shipping-taxable","18":"purchasable","19":"product-type-simple"},"group_of_quantity":0,"min_quantity":0,"max_quantity":"","exclude_order_quantity_value_rules":"no","exclude_category_quantity_rules":"no","combine_variations":"no","locations":[{"id":4275,"name":"AES Emmeloord","slug":"aes-emmeloord","quantity":""},{"id":4276,"name":"AES Lemmer","slug":"aes-lemmer","quantity":""}],"_links":{"self":[{"href":"https:\/\/ab-marineservice.com\/de\/wp-json\/wp\/v2\/product\/145220","targetHints":{"allow":["GET"]}}],"collection":[{"href":"https:\/\/ab-marineservice.com\/de\/wp-json\/wp\/v2\/product"}],"about":[{"href":"https:\/\/ab-marineservice.com\/de\/wp-json\/wp\/v2\/types\/product"}],"replies":[{"embeddable":true,"href":"https:\/\/ab-marineservice.com\/de\/wp-json\/wp\/v2\/comments?post=145220"}],"wp:featuredmedia":[{"embeddable":true,"href":"https:\/\/ab-marineservice.com\/de\/wp-json\/wp\/v2\/media\/152869"}],"wp:attachment":[{"href":"https:\/\/ab-marineservice.com\/de\/wp-json\/wp\/v2\/media?parent=145220"}],"wp:term":[{"taxonomy":"location","embeddable":true,"href":"https:\/\/ab-marineservice.com\/de\/wp-json\/wp\/v2\/location?post=145220"},{"taxonomy":"product_brand","embeddable":true,"href":"https:\/\/ab-marineservice.com\/de\/wp-json\/wp\/v2\/product_brand?post=145220"},{"taxonomy":"product_cat","embeddable":true,"href":"https:\/\/ab-marineservice.com\/de\/wp-json\/wp\/v2\/product_cat?post=145220"},{"taxonomy":"product_tag","embeddable":true,"href":"https:\/\/ab-marineservice.com\/de\/wp-json\/wp\/v2\/product_tag?post=145220"}],"curies":[{"name":"wp","href":"https:\/\/api.w.org\/{rel}","templated":true}]}}