{"id":145228,"date":"2023-05-04T09:28:50","date_gmt":"2023-05-04T07:49:57","guid":{"rendered":"https:\/\/ab-marineservice.com\/product\/ve-direct-tx-digitalausgangskabel\/"},"modified":"2024-11-02T15:04:39","modified_gmt":"2024-11-02T14:04:39","slug":"ve-direct-tx-digitalausgangskabel","status":"publish","type":"product","link":"https:\/\/ab-marineservice.com\/de\/produkt\/ve-direct-tx-digitalausgangskabel\/","title":{"rendered":"VE.Direct TX Digitalausgangskabel"},"content":{"rendered":"","protected":false},"excerpt":{"rendered":"<p>ASS030550500 Victron<\/p>\n<p>Das VE.Direct TX Digitalausgangskabel kann in Kombination mit den BlueSolar und SmartSolar MPPT-Ladeger\u00e4ten verwendet werden. Es unterst\u00fctzt folgende Anwendungen:<\/p>\n<p>Beleuchtungsanwendungen<br \/>\nDas Kabel ist f\u00fcr Beleuchtungsanwendungen in Solarenergiesystemen ausgelegt. Der Energieverbrauch kann bedeutsam gesenkt werden, indem das Licht bei Bedarf gedimmt werden kann. Geringer Stromkosten verringern die Gesamtkosten des Systems. Au\u00dferdem steht mehr Beleuchtung zur Verf\u00fcgung, selbst wenn die Batterie bei wenig Sonnenlicht nur teilweise geladen ist. Das Kabel verbindet den TX-Ausgang des VE.Direct-Steckers eines MPPT Ladeger\u00e4tes mit dem PWM Dimmer-Eingang des LED-Treibers.<\/p>\n<p>Virtueller Lastausgang<br \/>\nDas Kabel ist so ausgelegt, dass es f\u00fcr gr\u00f6\u00dfere MPPT-Ladeger\u00e4te (MPPT 100\/30 und gr\u00f6\u00dfer), die \u00fcber keinen Lastausgang verf\u00fcgen, eine solche Funktion bieten k\u00f6nnen. Das Kabel verbindet den TX-Ausgang des VE.Direct-Steckers eines MPPT-Ladeger\u00e4tes mit einem BatteryProtect oder einem Solid State Relais, um eine Last ein- oder auszuschalten.<\/p>\n<p>Handbuch: <a href=\"https:\/\/ab-marineservice.com\/wp-content\/uploads\/2023\/05\/129169-VE_Direct_TX_digital_output_cable-pdf-de.pdf\">129169-VE_Direct_TX_digital_output_cable-pdf-de<\/a><\/p>\n","protected":false},"featured_media":152993,"comment_status":"open","ping_status":"closed","template":"","meta":[],"location":[4275,4276],"product_brand":[],"product_cat":[4282,4383,4401,11133],"product_tag":[],"class_list":{"0":"post-145228","1":"product","2":"type-product","3":"status-publish","4":"has-post-thumbnail","6":"location-aes-emmeloord","7":"location-aes-lemmer","8":"product_cat-victron-de","9":"product_cat-sonstige","10":"product_cat-kabel-de","11":"product_cat-ve-direct-kabel-de","12":"product_shipping_class-paket-0-10-kg","14":"first","15":"onbackorder","16":"sale","17":"taxable","18":"shipping-taxable","19":"purchasable","20":"product-type-simple"},"group_of_quantity":0,"min_quantity":0,"max_quantity":"","exclude_order_quantity_value_rules":"no","exclude_category_quantity_rules":"no","combine_variations":"no","locations":[{"id":4275,"name":"AES Emmeloord","slug":"aes-emmeloord","quantity":""},{"id":4276,"name":"AES Lemmer","slug":"aes-lemmer","quantity":""}],"_links":{"self":[{"href":"https:\/\/ab-marineservice.com\/de\/wp-json\/wp\/v2\/product\/145228","targetHints":{"allow":["GET"]}}],"collection":[{"href":"https:\/\/ab-marineservice.com\/de\/wp-json\/wp\/v2\/product"}],"about":[{"href":"https:\/\/ab-marineservice.com\/de\/wp-json\/wp\/v2\/types\/product"}],"replies":[{"embeddable":true,"href":"https:\/\/ab-marineservice.com\/de\/wp-json\/wp\/v2\/comments?post=145228"}],"wp:featuredmedia":[{"embeddable":true,"href":"https:\/\/ab-marineservice.com\/de\/wp-json\/wp\/v2\/media\/152993"}],"wp:attachment":[{"href":"https:\/\/ab-marineservice.com\/de\/wp-json\/wp\/v2\/media?parent=145228"}],"wp:term":[{"taxonomy":"location","embeddable":true,"href":"https:\/\/ab-marineservice.com\/de\/wp-json\/wp\/v2\/location?post=145228"},{"taxonomy":"product_brand","embeddable":true,"href":"https:\/\/ab-marineservice.com\/de\/wp-json\/wp\/v2\/product_brand?post=145228"},{"taxonomy":"product_cat","embeddable":true,"href":"https:\/\/ab-marineservice.com\/de\/wp-json\/wp\/v2\/product_cat?post=145228"},{"taxonomy":"product_tag","embeddable":true,"href":"https:\/\/ab-marineservice.com\/de\/wp-json\/wp\/v2\/product_tag?post=145228"}],"curies":[{"name":"wp","href":"https:\/\/api.w.org\/{rel}","templated":true}]}}