{"id":145251,"date":"2023-05-04T09:29:06","date_gmt":"2023-05-04T07:50:33","guid":{"rendered":"https:\/\/ab-marineservice.com\/product\/batteriewaechter-bmv-700-einzelhandel\/"},"modified":"2024-11-01T15:41:55","modified_gmt":"2024-11-01T14:41:55","slug":"batteriewaechter-bmv-700-einzelhandel","status":"publish","type":"product","link":"https:\/\/ab-marineservice.com\/de\/produkt\/batteriewaechter-bmv-700-einzelhandel\/","title":{"rendered":"Batteriew\u00e4chter BMV-700"},"content":{"rendered":"","protected":false},"excerpt":{"rendered":"<p>BAM010700000R Victron<br \/>\nBAM010700000<\/p>\n<p>Der BMV-700 ist ein hochpr\u00e4ziser Batteriew\u00e4chter. Die wesentliche Funktion eines Batteriew\u00e4chters besteht darin, die verbrauchten Amperestunden und den Ladezustand einer Batterie zu berechnen. Die verbrauchten Amperestunden werden durch Integration des in oder aus der Batterie flie\u00dfenden Stroms berechnet.<\/p>\n<p>Datenblatter: <a href=\"https:\/\/ab-marineservice.com\/wp-content\/uploads\/2023\/05\/Datasheet-BMV-700-series-DE.pdf\">Datasheet-BMV-700-series-DE<\/a><br \/>\nGehauseabmessungen: <a href=\"https:\/\/ab-marineservice.com\/wp-content\/uploads\/2023\/05\/BMV-7xx.pdf\">BMV-7xx<\/a><br \/>\nHandbuch: <a href=\"https:\/\/ab-marineservice.com\/wp-content\/uploads\/2023\/05\/9172-Manual_BMV_and_SmartShunt-pdf-de-6.pdf\">9172-Manual_BMV_and_SmartShunt-pdf-de<\/a><br \/>\ninstallationskurzanleitung: <a href=\"https:\/\/ab-marineservice.com\/wp-content\/uploads\/2023\/05\/Quick-Install-Guide-BMV-700.pdf\">Quick-Install-Guide-BMV-700<\/a><br \/>\nschaltplane :<br \/>\n<a href=\"https:\/\/ab-marineservice.com\/wp-content\/uploads\/2023\/05\/3-Phase-VE-Bus-BMS-system-4-pin-with-3xQuattro-and-4x200Ah-24V-Li.pdf\">3-Phase-VE-Bus-BMS-system-4-pin-with-3xQuattro-and-4x200Ah-24V-Li<\/a><br \/>\n<a href=\"https:\/\/ab-marineservice.com\/wp-content\/uploads\/2023\/05\/3-Phase-VE-Bus-BMS-system-5-pin-with-3xQuattro-and-4x200Ah-24V-Li-Rev-C1.pdf\">3-Phase-VE-Bus-BMS-system-5-pin-with-3xQuattro-and-4x200Ah-24V-Li-Rev-C1<\/a><br \/>\n<a href=\"https:\/\/ab-marineservice.com\/wp-content\/uploads\/2023\/05\/Hub-1-System-Layout-V3-4-8-2014ADR-.pdf\">Hub-1-System-Layout-V3-4-8-2014ADR-<\/a><br \/>\n<a href=\"https:\/\/ab-marineservice.com\/wp-content\/uploads\/2023\/05\/BMV-and-INVERTER-jb.pdf\">BMV-and-INVERTER-jb<\/a><br \/>\nFilm:<br \/>\n<a href=\"https:\/\/youtu.be\/2L4nzNwep7g\">Did you know &#8211; How to change the name of a device<\/a><br \/>\n<a href=\"https:\/\/www.youtube.com\/watch?v=MRljOaTdc3s&amp;index=1&amp;list=PLnKCJA0l3E6bCC56dVlVIQO1s3VxwZmbp\">How to connect the BMV-700 battery monitor<\/a><br \/>\n<a href=\"https:\/\/www.youtube.com\/watch?v=4ReljfO3k6M\">How to optimize the BMV-700 Series sync parameters<\/a><br \/>\n<a href=\"https:\/\/www.youtube.com\/watch?v=mEN15Z_S4kE&amp;feature=youtu.be\">How to set op BMV Battery Monitor for lead and lithium batteries<\/a><\/p>\n","protected":false},"featured_media":153592,"comment_status":"open","ping_status":"closed","template":"","meta":[],"location":[4275,4276],"product_brand":[],"product_cat":[4282,4383,7726],"product_tag":[],"class_list":{"0":"post-145251","1":"product","2":"type-product","3":"status-publish","4":"has-post-thumbnail","6":"location-aes-emmeloord","7":"location-aes-lemmer","8":"product_cat-victron-de","9":"product_cat-sonstige","10":"product_cat-display-paneele","11":"product_shipping_class-paket-0-10-kg","13":"first","14":"instock","15":"sale","16":"taxable","17":"shipping-taxable","18":"purchasable","19":"product-type-simple"},"group_of_quantity":0,"min_quantity":0,"max_quantity":"","exclude_order_quantity_value_rules":"no","exclude_category_quantity_rules":"no","combine_variations":"no","locations":[{"id":4275,"name":"AES Emmeloord","slug":"aes-emmeloord","quantity":""},{"id":4276,"name":"AES Lemmer","slug":"aes-lemmer","quantity":""}],"_links":{"self":[{"href":"https:\/\/ab-marineservice.com\/de\/wp-json\/wp\/v2\/product\/145251","targetHints":{"allow":["GET"]}}],"collection":[{"href":"https:\/\/ab-marineservice.com\/de\/wp-json\/wp\/v2\/product"}],"about":[{"href":"https:\/\/ab-marineservice.com\/de\/wp-json\/wp\/v2\/types\/product"}],"replies":[{"embeddable":true,"href":"https:\/\/ab-marineservice.com\/de\/wp-json\/wp\/v2\/comments?post=145251"}],"wp:featuredmedia":[{"embeddable":true,"href":"https:\/\/ab-marineservice.com\/de\/wp-json\/wp\/v2\/media\/153592"}],"wp:attachment":[{"href":"https:\/\/ab-marineservice.com\/de\/wp-json\/wp\/v2\/media?parent=145251"}],"wp:term":[{"taxonomy":"location","embeddable":true,"href":"https:\/\/ab-marineservice.com\/de\/wp-json\/wp\/v2\/location?post=145251"},{"taxonomy":"product_brand","embeddable":true,"href":"https:\/\/ab-marineservice.com\/de\/wp-json\/wp\/v2\/product_brand?post=145251"},{"taxonomy":"product_cat","embeddable":true,"href":"https:\/\/ab-marineservice.com\/de\/wp-json\/wp\/v2\/product_cat?post=145251"},{"taxonomy":"product_tag","embeddable":true,"href":"https:\/\/ab-marineservice.com\/de\/wp-json\/wp\/v2\/product_tag?post=145251"}],"curies":[{"name":"wp","href":"https:\/\/api.w.org\/{rel}","templated":true}]}}