{"id":145255,"date":"2023-05-04T09:29:06","date_gmt":"2023-05-04T07:50:33","guid":{"rendered":"https:\/\/ab-marineservice.com\/product\/batteriewaechter-bmv-702-schwarz\/"},"modified":"2024-11-01T15:45:40","modified_gmt":"2024-11-01T14:45:40","slug":"batteriewaechter-bmv-702-schwarz","status":"publish","type":"product","link":"https:\/\/ab-marineservice.com\/de\/produkt\/batteriewaechter-bmv-702-schwarz\/","title":{"rendered":"Batteriew\u00e4chter BMV-702 SCHWARZ"},"content":{"rendered":"","protected":false},"excerpt":{"rendered":"<p>BAM010702200 Victron<\/p>\n<p>Der BMV-702 (Schwarz) ist ein hochpr\u00e4ziser Batteriew\u00e4chter. Die wesentliche Funktion eines Batteriew\u00e4chters besteht darin, die verbrauchten Amperestunden und den Ladezustand einer Batterie zu berechnen. Die verbrauchten Amperestunden werden durch Integration des in oder aus der Batterie flie\u00dfenden Stroms berechnet.<\/p>\n<p>Datenblatter:\u00a0<a href=\"https:\/\/ab-marineservice.com\/wp-content\/uploads\/2023\/05\/Datasheet-BMV-700-series-DE.pdf\">Datasheet-BMV-700-series-DE<\/a><br \/>\nGehauseabmessungen:\u00a0<a href=\"https:\/\/ab-marineservice.com\/wp-content\/uploads\/2023\/05\/BMV-7xx.pdf\">BMV-7xx<\/a><br \/>\nHandbuch:\u00a0<a href=\"https:\/\/ab-marineservice.com\/wp-content\/uploads\/2023\/05\/9172-Manual_BMV_and_SmartShunt-pdf-de-6.pdf\">9172-Manual_BMV_and_SmartShunt-pdf-de<\/a><br \/>\ninstallationskurzanleitung:\u00a0<a href=\"https:\/\/ab-marineservice.com\/wp-content\/uploads\/2023\/05\/Quick-Install-Guide-BMV-702.pdf\">Quick-Install-Guide-BMV-702<\/a><br \/>\nFilm:<br \/>\n<a href=\"https:\/\/youtu.be\/2L4nzNwep7g\">Did you know \u2013 How to change the name of a device<\/a><br \/>\n<a href=\"https:\/\/www.youtube.com\/watch?v=MRljOaTdc3s&amp;index=1&amp;list=PLnKCJA0l3E6bCC56dVlVIQO1s3VxwZmbp\">How to connect the BMV-700 battery monitor<\/a><br \/>\n<a href=\"https:\/\/www.youtube.com\/watch?v=4ReljfO3k6M\">How to optimize the BMV-700 Series sync parameters<\/a><br \/>\n<a href=\"https:\/\/www.youtube.com\/watch?v=mEN15Z_S4kE&amp;feature=youtu.be\">How to set op BMV Battery Monitor for lead and lithium batteries<\/a><\/p>\n","protected":false},"featured_media":153705,"comment_status":"open","ping_status":"closed","template":"","meta":[],"location":[4275,4276],"product_brand":[],"product_cat":[4282,4383,7726],"product_tag":[],"class_list":{"0":"post-145255","1":"product","2":"type-product","3":"status-publish","4":"has-post-thumbnail","6":"location-aes-emmeloord","7":"location-aes-lemmer","8":"product_cat-victron-de","9":"product_cat-sonstige","10":"product_cat-display-paneele","11":"product_shipping_class-paket-0-10-kg","13":"first","14":"onbackorder","15":"sale","16":"taxable","17":"shipping-taxable","18":"purchasable","19":"product-type-simple"},"group_of_quantity":0,"min_quantity":0,"max_quantity":"","exclude_order_quantity_value_rules":"no","exclude_category_quantity_rules":"no","combine_variations":"no","locations":[{"id":4275,"name":"AES Emmeloord","slug":"aes-emmeloord","quantity":""},{"id":4276,"name":"AES Lemmer","slug":"aes-lemmer","quantity":""}],"_links":{"self":[{"href":"https:\/\/ab-marineservice.com\/de\/wp-json\/wp\/v2\/product\/145255","targetHints":{"allow":["GET"]}}],"collection":[{"href":"https:\/\/ab-marineservice.com\/de\/wp-json\/wp\/v2\/product"}],"about":[{"href":"https:\/\/ab-marineservice.com\/de\/wp-json\/wp\/v2\/types\/product"}],"replies":[{"embeddable":true,"href":"https:\/\/ab-marineservice.com\/de\/wp-json\/wp\/v2\/comments?post=145255"}],"wp:featuredmedia":[{"embeddable":true,"href":"https:\/\/ab-marineservice.com\/de\/wp-json\/wp\/v2\/media\/153705"}],"wp:attachment":[{"href":"https:\/\/ab-marineservice.com\/de\/wp-json\/wp\/v2\/media?parent=145255"}],"wp:term":[{"taxonomy":"location","embeddable":true,"href":"https:\/\/ab-marineservice.com\/de\/wp-json\/wp\/v2\/location?post=145255"},{"taxonomy":"product_brand","embeddable":true,"href":"https:\/\/ab-marineservice.com\/de\/wp-json\/wp\/v2\/product_brand?post=145255"},{"taxonomy":"product_cat","embeddable":true,"href":"https:\/\/ab-marineservice.com\/de\/wp-json\/wp\/v2\/product_cat?post=145255"},{"taxonomy":"product_tag","embeddable":true,"href":"https:\/\/ab-marineservice.com\/de\/wp-json\/wp\/v2\/product_tag?post=145255"}],"curies":[{"name":"wp","href":"https:\/\/api.w.org\/{rel}","templated":true}]}}