{"id":145274,"date":"2023-05-04T09:29:21","date_gmt":"2023-05-04T07:50:56","guid":{"rendered":"https:\/\/ab-marineservice.com\/product\/12v-100ah-agm-super-cycle-batt-m6\/"},"modified":"2025-05-15T10:50:10","modified_gmt":"2025-05-15T08:50:10","slug":"12v-100ah-agm-super-cycle-batt-m6","status":"publish","type":"product","link":"https:\/\/ab-marineservice.com\/de\/produkt\/12v-100ah-agm-super-cycle-batt-m6\/","title":{"rendered":"12V\/100Ah AGM Super Cycle Batt. (M6)"},"content":{"rendered":"","protected":false},"excerpt":{"rendered":"<p>BAT412110081 Victron<\/p>\n<p>VRLA AGM: geplante Lebensdauer 7-10 Jahre<\/p>\n<p>Das AGM-Sortiment hat einen sehr geringen Innenwiderstand. Daher sind diese Batterien besonders geeignet f\u00fcr Anwendungen mit Hochstromentladung wie z. B. Wechselrichter, Stahlruder und Winden.<\/p>\n<p>Das Sortiment der Gel-Modelle bietet die beste Tiefenzyklus-Haltbarkeit und insgesamt eine l\u00e4ngere Lebensdauer. Die Verwendung hoch reiner Materialien und Blei-Kalzium-Gitter stellt sicher, dass sowohl AGM- als auch GEL-Produkte eine besonders niedrige Selbst-Entladung haben. Das verhindert, dass sie sich w\u00e4hrend l\u00e4ngeren Zeitr\u00e4umen, in denen Sie nicht geladen werden, entladen. Beide Sortimente werden mit M8-Kupferkabelschuh-Anschl\u00fcssen geliefert. Dadurch wird der bestm\u00f6gliche Anschlusskontakt sichergestellt und es werden keine Batterieanschl\u00fcsse ben\u00f6tigt. Die Batterien erf\u00fcllen sowohl die CE- Als auch die UL Anforderungen in ABS-feuerfesten Beh\u00e4ltern und haben eine weltweite Gew\u00e4hrleistung von Victron f\u00fcr 2 Jahre.<\/p>\n<p>Datenblatter:\u00a0<a href=\"https:\/\/ab-marineservice.com\/wp-content\/uploads\/2023\/05\/Datasheet-AGM-Super-Cycle-battery-DE.pdf\">Datasheet-AGM-Super-Cycle-battery-DE<\/a><br \/>\nGehauseabmessungen: <a href=\"https:\/\/ab-marineservice.com\/wp-content\/uploads\/2023\/05\/AGM-Super-Cycle-12V-100Ah_BAT412110081.pdf\">AGM-Super-Cycle-12V-100Ah_BAT412110081<\/a><br \/>\nSystem schaltplane:\u00a0<a href=\"https:\/\/ab-marineservice.com\/wp-content\/uploads\/2023\/05\/Hub-1-System-Layout-V3-4-8-2014ADR-1.pdf\">Hub-1-System-Layout-V3-4-8-2014ADR<\/a><br \/>\nFilme:<br \/>\n<a href=\"https:\/\/youtu.be\/f2Rnn0-pkCw?list=PLnKCJA0l3E6balmPIyOD3wmiqgVE9DeVG\">Did you Know \u2013 How to look after your lead-acid battery<\/a><br \/>\n<a href=\"https:\/\/youtu.be\/FTF_WDfNr8g?list=PLnKCJA0l3E6balmPIyOD3wmiqgVE9DeVG\">Did you Know.. why there is a C value or 20h indication on a battery?<\/a><br \/>\n<a href=\"https:\/\/www.youtube.com\/watch?v=mEN15Z_S4kE&amp;feature=youtu.be\">How to set up BMW Battery Monitor for lead and lithium batteries<\/a><\/p>\n","protected":false},"featured_media":154143,"comment_status":"open","ping_status":"closed","template":"","meta":[],"location":[4275,4276],"product_brand":[],"product_cat":[4282,4355,4339],"product_tag":[],"class_list":{"0":"post-145274","1":"product","2":"type-product","3":"status-publish","4":"has-post-thumbnail","6":"location-aes-emmeloord","7":"location-aes-lemmer","8":"product_cat-victron-de","9":"product_cat-batterien","10":"product_cat-agm-supercycle-de","11":"product_shipping_class-paket-0-10-kg","13":"first","14":"onbackorder","15":"sale","16":"taxable","17":"shipping-taxable","18":"purchasable","19":"product-type-simple"},"group_of_quantity":0,"min_quantity":0,"max_quantity":"","exclude_order_quantity_value_rules":"no","exclude_category_quantity_rules":"no","combine_variations":"no","locations":[{"id":4275,"name":"AES Emmeloord","slug":"aes-emmeloord","quantity":""},{"id":4276,"name":"AES Lemmer","slug":"aes-lemmer","quantity":""}],"_links":{"self":[{"href":"https:\/\/ab-marineservice.com\/de\/wp-json\/wp\/v2\/product\/145274","targetHints":{"allow":["GET"]}}],"collection":[{"href":"https:\/\/ab-marineservice.com\/de\/wp-json\/wp\/v2\/product"}],"about":[{"href":"https:\/\/ab-marineservice.com\/de\/wp-json\/wp\/v2\/types\/product"}],"replies":[{"embeddable":true,"href":"https:\/\/ab-marineservice.com\/de\/wp-json\/wp\/v2\/comments?post=145274"}],"wp:featuredmedia":[{"embeddable":true,"href":"https:\/\/ab-marineservice.com\/de\/wp-json\/wp\/v2\/media\/154143"}],"wp:attachment":[{"href":"https:\/\/ab-marineservice.com\/de\/wp-json\/wp\/v2\/media?parent=145274"}],"wp:term":[{"taxonomy":"location","embeddable":true,"href":"https:\/\/ab-marineservice.com\/de\/wp-json\/wp\/v2\/location?post=145274"},{"taxonomy":"product_brand","embeddable":true,"href":"https:\/\/ab-marineservice.com\/de\/wp-json\/wp\/v2\/product_brand?post=145274"},{"taxonomy":"product_cat","embeddable":true,"href":"https:\/\/ab-marineservice.com\/de\/wp-json\/wp\/v2\/product_cat?post=145274"},{"taxonomy":"product_tag","embeddable":true,"href":"https:\/\/ab-marineservice.com\/de\/wp-json\/wp\/v2\/product_tag?post=145274"}],"curies":[{"name":"wp","href":"https:\/\/api.w.org\/{rel}","templated":true}]}}