{"id":145286,"date":"2023-05-04T09:29:36","date_gmt":"2023-05-04T07:51:08","guid":{"rendered":"https:\/\/ab-marineservice.com\/product\/12v-200ah-agm-telekom-batt-m8\/"},"modified":"2024-12-11T16:15:27","modified_gmt":"2024-12-11T15:15:27","slug":"12v-200ah-agm-telekom-batt-m8","status":"publish","type":"product","link":"https:\/\/ab-marineservice.com\/de\/produkt\/12v-200ah-agm-telekom-batt-m8\/","title":{"rendered":"12V\/200Ah AGM Telekom Batt. (M8)"},"content":{"rendered":"","protected":false},"excerpt":{"rendered":"<p>BAT412181164 Victron<\/p>\n<p>Entwickelt f\u00fcr Telekommunikations-Anwendungen; platzsparend f\u00fcr Boote und Landfahrzeuge<br \/>\nDie Tiefzyklus-AGM-Telekom-Serie wurde speziell zur Verwendung in Telekom-Systemen entwickelt. Mit ihren Anschl\u00fcssen an der Vorderseite und ihren kleinen Standfl\u00e4chen sind diese Batterien ideal f\u00fcr die Montage in Regalen geeignet. Diese Batterien helfen au\u00dferdem dabei, Platzprobleme am Boden oder Zugangsprobleme an Bord von Booten und Fahrzeugen zu l\u00f6sen.<\/p>\n<p>AGM-Technologie<br \/>\nAGM steht f\u00fcr \u201cAbsorbent Glass Mat\u201d (Absorbierende Glasfaser-Matte). Bei diesen Batterien befindet sich der Elektrolyt in einer Glasfasermatte zwischen den Platten. Der S\u00e4uretransport erfolgt durch Kapillarwirkung.<\/p>\n<p>Niedrige Selbstentladung<br \/>\nDurch die Verwendung von Blei-Kalzium-Gittern mit hohem Reinheitsgrad lassen sich VRLA-Batterien von Victron lange Zeit lagern, ohne dass sie dabei aufgeladen werden m\u00fcssen. Die Selbstentladerate liegt bei weniger als 2 % pro Monat bei 20\u00b0C. Dieser Wert verdoppelt sich bei jedem Temperaturanstieg um 10\u00b0C.<\/p>\n<p>Geringer Innenwiderstand<br \/>\nVertr\u00e4gt sehr hohe Lade- und Entladeraten<\/p>\n<p>Gro\u00dfe Anzahl von Ladezyklen m\u00f6glich<br \/>\n\u00dcber 500 Zyklen bei 50 % Entladetiefe.<\/p>\n<p>Datenblatter:\u00a0<a href=\"https:\/\/ab-marineservice.com\/wp-content\/uploads\/2023\/05\/Datasheet-Telecom-batteries-DE.pdf\">Datasheet-Telecom-batteries-DE<\/a><br \/>\nGehauseabmessungen: <a href=\"https:\/\/ab-marineservice.com\/wp-content\/uploads\/2023\/05\/BAT412181164-12V200Ah-AGM-Telecom-Batt.-M8.pdf\">BAT412181164-12V200Ah-AGM-Telecom-Batt.-(M8)<\/a><\/p>\n","protected":false},"featured_media":154386,"comment_status":"open","ping_status":"closed","template":"","meta":[],"location":[4275,4276],"product_brand":[],"product_cat":[4282,4383,4353,4355,4341],"product_tag":[],"class_list":{"0":"post-145286","1":"product","2":"type-product","3":"status-publish","4":"has-post-thumbnail","6":"location-aes-emmeloord","7":"location-aes-lemmer","8":"product_cat-victron-de","9":"product_cat-sonstige","10":"product_cat-batterie","11":"product_cat-batterien","12":"product_cat-agm-telecom-de","13":"product_shipping_class-palettenversand","15":"first","16":"onbackorder","17":"sale","18":"taxable","19":"shipping-taxable","20":"purchasable","21":"product-type-simple"},"group_of_quantity":0,"min_quantity":0,"max_quantity":"","exclude_order_quantity_value_rules":"no","exclude_category_quantity_rules":"no","combine_variations":"no","locations":[{"id":4275,"name":"AES Emmeloord","slug":"aes-emmeloord","quantity":""},{"id":4276,"name":"AES Lemmer","slug":"aes-lemmer","quantity":""}],"_links":{"self":[{"href":"https:\/\/ab-marineservice.com\/de\/wp-json\/wp\/v2\/product\/145286","targetHints":{"allow":["GET"]}}],"collection":[{"href":"https:\/\/ab-marineservice.com\/de\/wp-json\/wp\/v2\/product"}],"about":[{"href":"https:\/\/ab-marineservice.com\/de\/wp-json\/wp\/v2\/types\/product"}],"replies":[{"embeddable":true,"href":"https:\/\/ab-marineservice.com\/de\/wp-json\/wp\/v2\/comments?post=145286"}],"wp:featuredmedia":[{"embeddable":true,"href":"https:\/\/ab-marineservice.com\/de\/wp-json\/wp\/v2\/media\/154386"}],"wp:attachment":[{"href":"https:\/\/ab-marineservice.com\/de\/wp-json\/wp\/v2\/media?parent=145286"}],"wp:term":[{"taxonomy":"location","embeddable":true,"href":"https:\/\/ab-marineservice.com\/de\/wp-json\/wp\/v2\/location?post=145286"},{"taxonomy":"product_brand","embeddable":true,"href":"https:\/\/ab-marineservice.com\/de\/wp-json\/wp\/v2\/product_brand?post=145286"},{"taxonomy":"product_cat","embeddable":true,"href":"https:\/\/ab-marineservice.com\/de\/wp-json\/wp\/v2\/product_cat?post=145286"},{"taxonomy":"product_tag","embeddable":true,"href":"https:\/\/ab-marineservice.com\/de\/wp-json\/wp\/v2\/product_tag?post=145286"}],"curies":[{"name":"wp","href":"https:\/\/api.w.org\/{rel}","templated":true}]}}