{"id":145317,"date":"2023-05-04T09:29:53","date_gmt":"2023-05-04T07:51:45","guid":{"rendered":"https:\/\/ab-marineservice.com\/product\/batteriemanagementsystem-bms-12-200\/"},"modified":"2024-08-07T16:06:33","modified_gmt":"2024-08-07T14:06:33","slug":"batteriemanagementsystem-bms-12-200","status":"publish","type":"product","link":"https:\/\/ab-marineservice.com\/de\/produkt\/batteriemanagementsystem-bms-12-200\/","title":{"rendered":"Batteriemanagementsystem BMS 12\/200"},"content":{"rendered":"","protected":false},"excerpt":{"rendered":"<p>BMS012201000 Victron<\/p>\n<p style=\"font-weight: 400;\">Das Smart BMS 12\/200 ist ein komplettes Batterie-Management-System f\u00fcr intelligente Lithium-Eisen-Phosphat-Batterien (LiFePO4) von Victron. Es wurde speziell f\u00fcr 12 V-Systeme mit einer 12 V-Lichtmaschine entwickelt, z. B. f\u00fcr Fahrzeuge und Boote.<\/p>\n<p style=\"font-weight: 400;\">Es vereint einen Strombegrenzer, einen Batteriekombinierer und einen Batterieschutz in einer robusten und kompakten L\u00f6sung und erm\u00f6glicht den sicheren Anschluss von 12 V-Lichtmaschinen (und Starterbatterien), Lasten und Ladeger\u00e4ten an Smart Lithium-Batterien jeder Gr\u00f6\u00dfe.<\/p>\n<p style=\"font-weight: 400;\">Das Smart BMS 12\/200 \u00fcberwacht und sch\u00fctzt jede einzelne Batteriezelle innerhalb der Batterie (oder Batteriebank) und trennt die Lichtmaschine, die Ladequellen oder die DC-Lasten im Falle einer niedrigen Batteriezellenspannung, einer hohen Batteriezellenspannung oder einer \u00dcberhitzung.<\/p>\n<p style=\"font-weight: 400;\">Der dedizierte Lichtmaschinenanschluss erm\u00f6glicht eine Strombegrenzung und den Einwegverkehr von der Lichtmaschine in die Batterie, so dass jede Lichtmaschinengr\u00f6\u00dfe (und Starterbatterie) sicher an die Smart Lithium-Batterie (oder Batteriebank) angeschlossen werden kann und die Starterbatterie vor \u00fcberm\u00e4\u00dfiger Entladung gesch\u00fctzt wird.<\/p>\n<p style=\"font-weight: 400;\">Das BMS ist ausgestattet mit Bluetooth zur \u00dcberwachung und Konfiguration; einem Fern-Ein\/Aus-Anschluss, um das BMS (und das System) \u00fcber einen Fernschalter auszuschalten; sowie mit einem Voralarmkontakt, um ein Warnsignal vor dem Trennen der Batterien vom System durch das BMS zu geben.<\/p>\n<p>Datenblatter: <a href=\"https:\/\/ab-marineservice.com\/wp-content\/uploads\/2023\/06\/Datasheet-Smart-BMS-12-200-EN.pdf\">Datasheet-Smart-BMS-12-200-EN<\/a><br \/>\nGehauseabmessungen: <a href=\"https:\/\/ab-marineservice.com\/wp-content\/uploads\/2023\/05\/Dimensiondrawing-Smart-BMS-12V200A.pdf\">Dimensiondrawing-Smart-BMS-12V200A<\/a><\/p>\n","protected":false},"featured_media":155226,"comment_status":"open","ping_status":"closed","template":"","meta":[],"location":[],"product_brand":[],"product_cat":[4282,4353,4357],"product_tag":[],"class_list":{"0":"post-145317","1":"product","2":"type-product","3":"status-publish","4":"has-post-thumbnail","6":"product_cat-victron-de","7":"product_cat-batterie","8":"product_cat-batteriemanagementsysteme","9":"product_shipping_class-paket-0-10-kg","11":"first","12":"outofstock","13":"sale","14":"taxable","15":"shipping-taxable","16":"purchasable","17":"product-type-simple"},"group_of_quantity":0,"min_quantity":0,"max_quantity":"","exclude_order_quantity_value_rules":"no","exclude_category_quantity_rules":"no","combine_variations":"no","locations":[],"_links":{"self":[{"href":"https:\/\/ab-marineservice.com\/de\/wp-json\/wp\/v2\/product\/145317","targetHints":{"allow":["GET"]}}],"collection":[{"href":"https:\/\/ab-marineservice.com\/de\/wp-json\/wp\/v2\/product"}],"about":[{"href":"https:\/\/ab-marineservice.com\/de\/wp-json\/wp\/v2\/types\/product"}],"replies":[{"embeddable":true,"href":"https:\/\/ab-marineservice.com\/de\/wp-json\/wp\/v2\/comments?post=145317"}],"wp:featuredmedia":[{"embeddable":true,"href":"https:\/\/ab-marineservice.com\/de\/wp-json\/wp\/v2\/media\/155226"}],"wp:attachment":[{"href":"https:\/\/ab-marineservice.com\/de\/wp-json\/wp\/v2\/media?parent=145317"}],"wp:term":[{"taxonomy":"location","embeddable":true,"href":"https:\/\/ab-marineservice.com\/de\/wp-json\/wp\/v2\/location?post=145317"},{"taxonomy":"product_brand","embeddable":true,"href":"https:\/\/ab-marineservice.com\/de\/wp-json\/wp\/v2\/product_brand?post=145317"},{"taxonomy":"product_cat","embeddable":true,"href":"https:\/\/ab-marineservice.com\/de\/wp-json\/wp\/v2\/product_cat?post=145317"},{"taxonomy":"product_tag","embeddable":true,"href":"https:\/\/ab-marineservice.com\/de\/wp-json\/wp\/v2\/product_tag?post=145317"}],"curies":[{"name":"wp","href":"https:\/\/api.w.org\/{rel}","templated":true}]}}