{"id":145330,"date":"2023-05-04T09:30:08","date_gmt":"2023-05-04T07:52:08","guid":{"rendered":"https:\/\/ab-marineservice.com\/product\/blau-smart-ip65s-ladegeraet-12-41-230v-uk-einzelhandel\/"},"modified":"2024-10-19T20:54:31","modified_gmt":"2024-10-19T18:54:31","slug":"blau-smart-ip65s-ladegeraet-12-41-230v-uk-einzelhandel","status":"publish","type":"product","link":"https:\/\/ab-marineservice.com\/de\/produkt\/blau-smart-ip65s-ladegeraet-12-41-230v-uk-einzelhandel\/","title":{"rendered":"Blau Smart IP65s Ladeger\u00e4t 12\/4(1) 230V UK"},"content":{"rendered":"","protected":false},"excerpt":{"rendered":"<p>BPC120433024R Victron<br \/>\nBPC120433024<\/p>\n<p>Das Blue Smart IP65 Ladeger\u00e4t ist das neue professionelle Batterieladeger\u00e4t mit eingebautem Bluetooth! Das Blue Smart IP65 Ladeger\u00e4t l\u00e4sst sich mit Ger\u00e4ten in Ihrer Werkstatt oder mit Kraftfahrzeugen wie mit (klassischen) Autos, Motorr\u00e4dern, Booten und Wohnmobilen verwenden.<\/p>\n<p>Die Batterie wird geladen, auf intelligente Weise\u2026 bis sie den perfekten Zustand erreicht.<br \/>\nDer sieben-stufige Lade-Algorithmus holt das Beste aus Ihrer Batterie heraus. Das Ladeger\u00e4t liefert der Batterie die Energie, die sie ben\u00f6tigt, h\u00e4lt sie in einem gesunden Zustand, sichert eine bessere Leistung\u2026 und ein l\u00e4ngeres Leben.<\/p>\n<p>Wiederherstellung von tiefen-entladenen \u201ctoten\u201d Batterien<br \/>\nAnders als andere Marken wird das Blue Smart IP65 Ladeger\u00e4t versuchen, eine tiefen-entladene Batterie wieder aufzuladen, indem es ihr einen schwachen Ladestrom aufzwingt. Der normale Ladebetrieb wird dann wieder aufgenommen, sobald zwischen den Batterieanschl\u00fcssen ausreichend Spannung anliegt.<\/p>\n<p>Einfacher Anschluss der Batterie<br \/>\nDas Ladeger\u00e4t wird sowohl mit Krokodilklemmen als auch mit M8 Kabelschuhen geliefert \u2013 dadurch ist der Anschluss an die Batterie sehr einfach. Sie k\u00f6nnen das Ger\u00e4t bei Wunsch immer angeschlossen lassen.<\/p>\n<p>Den Status Ihrer Batterie aus der Ferne \u00fcberpr\u00fcfen<br \/>\nDas Blue Smart IP65 Ladeger\u00e4t verf\u00fcgt \u00fcber eingebautes Bluetooth. Auf diese Weise lassen sich der Status des Ladeger\u00e4ts und der Batterie auf einem Smartphone, Tablet oder Laptop \u00fcberpr\u00fcfen. S\u00e4mtliche Einstellungen des Ladeger\u00e4tes k\u00f6nnen mit der VictronConnect App konfiguriert werden.<\/p>\n<p>Datenblatter:\u00a0<a href=\"https:\/\/ab-marineservice.com\/wp-content\/uploads\/2023\/06\/IP65_A4_2022_smart_230V_DE_highres.pdf\">IP65_A4_2022_smart_230V_DE_highres<\/a><br \/>\nGehauseabmessungen:\u00a0<a href=\"https:\/\/ab-marineservice.com\/wp-content\/uploads\/2023\/05\/Blue-Smart-IP65s-Charger.pdf\">Blue-Smart-IP65s-Charger<\/a><br \/>\nHandbuch:\u00a0<a href=\"https:\/\/ab-marineservice.com\/wp-content\/uploads\/2023\/06\/13527-Blue_Smart_IP65_Charger-pdf-de.pdf\">13527-Blue_Smart_IP65_Charger-pdf-de<\/a><br \/>\nSchaltplane:<br \/>\n<a href=\"https:\/\/ab-marineservice.com\/wp-content\/uploads\/2023\/05\/VE-direct-drawing-with-Phoenix-charger-12-50-1-inverter-375W-Li-Batt-smallBMS-MPPT-100-30-Orion-Tr-smart.pdf\">VE-direct-drawing-with-Phoenix-charger-12-50-1-inverter-375W-Li-Batt-smallBMS-MPPT-100-30-Orion-Tr-smart<\/a><br \/>\n<a href=\"https:\/\/ab-marineservice.com\/wp-content\/uploads\/2023\/05\/Manual-Drawing-Quattro-II-5kVA-230VAC-24VDC-600-800Ah-Li-Lynx-Smart-BMS-distributors-Cerbo-generator-MPPT-Orion-Tr-Smarts-1.pdf\">Manual-&amp;-Drawing-Quattro-II-5kVA-230VAC-24VDC-600-800Ah-Li-Lynx-Smart-BMS-distributors-Cerbo-generator-MPPT-Orion-Tr-Smarts<\/a><br \/>\nFilme:<br \/>\n<a href=\"https:\/\/www.youtube.com\/watch?v=HundK9wNuJk&amp;feature=youtu.be\">Professional charging for Classic vehicles \u2013 Blue Smart IP65 Charger for 6V and 12V \u2013 YouTube<\/a><br \/>\n<a href=\"https:\/\/www.youtube.com\/watch?list=PLnKCJA0l3E6balmPIyOD3wmiqgVE9DeVG&amp;v=qt2PVYT13mE&amp;feature=youtu.be\">Did you know \u2013 Use a Blue Smart Charger as a Power Supply \u2013 YouTube<\/a><br \/>\n<a href=\"https:\/\/www.youtube.com\/watch?v=3ciIWOWRrcU&amp;feature=youtu.be\">History and settings for Blue Smart Chargers in VictronConnect \u2013 YouTube<\/a><br \/>\n<a href=\"https:\/\/www.victronenergy.nl\/chargers\/blue-smart-ip65-charger#videos\">Blue Smart IP65 Lader \u2013 Victron Energy<\/a><\/p>\n","protected":false},"featured_media":155633,"comment_status":"open","ping_status":"closed","template":"","meta":[],"location":[4275,4276],"product_brand":[],"product_cat":[6700],"product_tag":[],"class_list":{"0":"post-145330","1":"product","2":"type-product","3":"status-publish","4":"has-post-thumbnail","6":"location-aes-emmeloord","7":"location-aes-lemmer","8":"product_cat-victron-uk-ausfuehrung-de","9":"product_shipping_class-paket-0-10-kg","11":"first","12":"outofstock","13":"sale","14":"taxable","15":"shipping-taxable","16":"purchasable","17":"product-type-simple"},"group_of_quantity":0,"min_quantity":0,"max_quantity":"","exclude_order_quantity_value_rules":"no","exclude_category_quantity_rules":"no","combine_variations":"no","locations":[{"id":4275,"name":"AES Emmeloord","slug":"aes-emmeloord","quantity":""},{"id":4276,"name":"AES Lemmer","slug":"aes-lemmer","quantity":""}],"_links":{"self":[{"href":"https:\/\/ab-marineservice.com\/de\/wp-json\/wp\/v2\/product\/145330","targetHints":{"allow":["GET"]}}],"collection":[{"href":"https:\/\/ab-marineservice.com\/de\/wp-json\/wp\/v2\/product"}],"about":[{"href":"https:\/\/ab-marineservice.com\/de\/wp-json\/wp\/v2\/types\/product"}],"replies":[{"embeddable":true,"href":"https:\/\/ab-marineservice.com\/de\/wp-json\/wp\/v2\/comments?post=145330"}],"wp:featuredmedia":[{"embeddable":true,"href":"https:\/\/ab-marineservice.com\/de\/wp-json\/wp\/v2\/media\/155633"}],"wp:attachment":[{"href":"https:\/\/ab-marineservice.com\/de\/wp-json\/wp\/v2\/media?parent=145330"}],"wp:term":[{"taxonomy":"location","embeddable":true,"href":"https:\/\/ab-marineservice.com\/de\/wp-json\/wp\/v2\/location?post=145330"},{"taxonomy":"product_brand","embeddable":true,"href":"https:\/\/ab-marineservice.com\/de\/wp-json\/wp\/v2\/product_brand?post=145330"},{"taxonomy":"product_cat","embeddable":true,"href":"https:\/\/ab-marineservice.com\/de\/wp-json\/wp\/v2\/product_cat?post=145330"},{"taxonomy":"product_tag","embeddable":true,"href":"https:\/\/ab-marineservice.com\/de\/wp-json\/wp\/v2\/product_tag?post=145330"}],"curies":[{"name":"wp","href":"https:\/\/api.w.org\/{rel}","templated":true}]}}