{"id":145346,"date":"2023-05-04T09:30:24","date_gmt":"2023-05-04T07:52:20","guid":{"rendered":"https:\/\/ab-marineservice.com\/product\/blau-smart-ip67-ladegeraet-12-71-230v-uk\/"},"modified":"2024-09-24T16:20:27","modified_gmt":"2024-09-24T14:20:27","slug":"blau-smart-ip67-ladegeraet-12-71-230v-uk","status":"publish","type":"product","link":"https:\/\/ab-marineservice.com\/de\/produkt\/blau-smart-ip67-ladegeraet-12-71-230v-uk\/","title":{"rendered":"Blau Smart IP67 Ladeger\u00e4t 12\/7(1) 230V UK"},"content":{"rendered":"","protected":false},"excerpt":{"rendered":"<p>BPC120747026 Victron<\/p>\n<p>Das Blue Smart IP67 Ladeger\u00e4te (wasserdicht) ist das neue professionelle Batterieladeger\u00e4t mit eingebautem Bluetooth! Das Blue Smart IP67 Ladeger\u00e4te (wasserdicht) l\u00e4sst sich mit Ger\u00e4ten in Ihrer Werkstatt oder mit Kraftfahrzeugen wie mit (klassischen) Autos, Motorr\u00e4dern, Booten und Wohnmobilen verwenden.<\/p>\n<p>Die Batterie wird geladen, auf intelligente Weise \u2026 bis sie den perfekten Zustand erreicht.<br \/>\nDer sieben-stufige Lade-Algorithmus holt das Beste aus Ihrer Batterie heraus. Das Ladeger\u00e4t liefert der Batterie die Energie, die sie ben\u00f6tigt, h\u00e4lt sie in einem gesunden Zustand, sichert eine bessere Leistung\u2026 und ein l\u00e4ngeres Leben.<\/p>\n<p>Wiederherstellung von tiefen-entladenen \u201ctoten\u201d Batterien<br \/>\nAnders als andere Marken wird das Blue Smart IP67 Ladeger\u00e4te (wasserdicht) versuchen, eine tiefen-entladene Batterie wieder aufzuladen, indem es ihr einen schwachen Ladestrom aufzwingt. Der normale Ladebetrieb wird dann wiederaufgenommen, sobald zwischen den Batterieanschl\u00fcssen ausreichend Spannung anliegt.<\/p>\n<p>Den Status Ihrer Batterie aus der Ferne \u00fcberpr\u00fcfen<br \/>\nDas Blue Smart IP67 Ladeger\u00e4te (wasserdicht) verf\u00fcgt \u00fcber eingebautes Bluetooth. Auf diese Weise lassen sich der Status des Ladeger\u00e4ts und der Batterie auf einem Smartphone, Tablet oder Laptop \u00fcberpr\u00fcfen. S\u00e4mtliche Einstellungen des Ladeger\u00e4tes k\u00f6nnen mit der VictronConnect App konfiguriert werden.<\/p>\n<p>Datenblatter:\u00a0<a href=\"https:\/\/ab-marineservice.com\/wp-content\/uploads\/2023\/06\/Datasheet-Blue-Smart-IP67-Charger-230VAC-DE.pdf\">Datasheet-Blue-Smart-IP67-Charger-230VAC-DE<\/a><br \/>\nGehauseabmessungen: 85 x 211 x 60 mm<br \/>\nHandbuch:\u00a0<a href=\"https:\/\/ab-marineservice.com\/wp-content\/uploads\/2023\/06\/Blue_Smart_IP67_Charger-de.pdf\">Blue_Smart_IP67_Charger-de<\/a><br \/>\nFilme:<br \/>\n<a href=\"https:\/\/www.youtube.com\/watch?list=PLnKCJA0l3E6balmPIyOD3wmiqgVE9DeVG&amp;v=qt2PVYT13mE&amp;feature=youtu.be\">Did you know \u2013 Use a Blue Smart Charger as a Power Supply \u2013 YouTube<\/a><br \/>\n<a href=\"https:\/\/www.youtube.com\/watch?v=3ciIWOWRrcU&amp;feature=youtu.be\">History and settings for Blue Smart Chargers in VictronConnect \u2013 YouTube<\/a><\/p>\n","protected":false},"featured_media":148505,"comment_status":"open","ping_status":"closed","template":"","meta":[],"location":[4275,4276],"product_brand":[],"product_cat":[6700],"product_tag":[],"class_list":{"0":"post-145346","1":"product","2":"type-product","3":"status-publish","4":"has-post-thumbnail","6":"location-aes-emmeloord","7":"location-aes-lemmer","8":"product_cat-victron-uk-ausfuehrung-de","9":"product_shipping_class-paket-0-10-kg","11":"first","12":"outofstock","13":"sale","14":"taxable","15":"shipping-taxable","16":"purchasable","17":"product-type-simple"},"group_of_quantity":0,"min_quantity":0,"max_quantity":"","exclude_order_quantity_value_rules":"no","exclude_category_quantity_rules":"no","combine_variations":"no","locations":[{"id":4275,"name":"AES Emmeloord","slug":"aes-emmeloord","quantity":""},{"id":4276,"name":"AES Lemmer","slug":"aes-lemmer","quantity":""}],"_links":{"self":[{"href":"https:\/\/ab-marineservice.com\/de\/wp-json\/wp\/v2\/product\/145346","targetHints":{"allow":["GET"]}}],"collection":[{"href":"https:\/\/ab-marineservice.com\/de\/wp-json\/wp\/v2\/product"}],"about":[{"href":"https:\/\/ab-marineservice.com\/de\/wp-json\/wp\/v2\/types\/product"}],"replies":[{"embeddable":true,"href":"https:\/\/ab-marineservice.com\/de\/wp-json\/wp\/v2\/comments?post=145346"}],"wp:featuredmedia":[{"embeddable":true,"href":"https:\/\/ab-marineservice.com\/de\/wp-json\/wp\/v2\/media\/148505"}],"wp:attachment":[{"href":"https:\/\/ab-marineservice.com\/de\/wp-json\/wp\/v2\/media?parent=145346"}],"wp:term":[{"taxonomy":"location","embeddable":true,"href":"https:\/\/ab-marineservice.com\/de\/wp-json\/wp\/v2\/location?post=145346"},{"taxonomy":"product_brand","embeddable":true,"href":"https:\/\/ab-marineservice.com\/de\/wp-json\/wp\/v2\/product_brand?post=145346"},{"taxonomy":"product_cat","embeddable":true,"href":"https:\/\/ab-marineservice.com\/de\/wp-json\/wp\/v2\/product_cat?post=145346"},{"taxonomy":"product_tag","embeddable":true,"href":"https:\/\/ab-marineservice.com\/de\/wp-json\/wp\/v2\/product_tag?post=145346"}],"curies":[{"name":"wp","href":"https:\/\/api.w.org\/{rel}","templated":true}]}}