{"id":145364,"date":"2023-05-04T09:30:41","date_gmt":"2023-05-04T07:52:44","guid":{"rendered":"https:\/\/ab-marineservice.com\/product\/blau-smart-ip22-ladegeraet-12-153-230v-cee-7-7\/"},"modified":"2024-08-07T16:04:31","modified_gmt":"2024-08-07T14:04:31","slug":"blau-smart-ip22-ladegeraet-12-153-230v-cee-7-7","status":"publish","type":"product","link":"https:\/\/ab-marineservice.com\/de\/produkt\/blau-smart-ip22-ladegeraet-12-153-230v-cee-7-7\/","title":{"rendered":"Blau Smart IP22 Ladeger\u00e4t 12\/15(3) 230V CEE 7\/7"},"content":{"rendered":"","protected":false},"excerpt":{"rendered":"<p>BPC121544002 Victron<\/p>\n<p>Blue Smart IP22 Charger Ladeger\u00e4t ist das neue professionelle Batterieladeger\u00e4t mit eingebautem Bluetooth! Blue Smart IP22 Charger Ladeger\u00e4t l\u00e4sst sich mit Ger\u00e4ten in Ihrer Werkstatt oder mit Kraftfahrzeugen wie mit (klassischen) Autos, Motorr\u00e4dern, Booten und Wohnmobilen verwenden.<\/p>\n<p>Datenblatter:\u00a0<a href=\"https:\/\/ab-marineservice.com\/wp-content\/uploads\/2023\/06\/Datasheet-Blue-Smart-IP22-Charger-230-VAC-DE.pdf\">Datasheet-Blue-Smart-IP22-Charger-230-VAC-DE<\/a><br \/>\nGehauseabmessungen:\u00a0<a href=\"https:\/\/ab-marineservice.com\/wp-content\/uploads\/2023\/05\/DimensionDrawing-BSC-IP22.pdf\">DimensionDrawing-BSC-IP22<\/a><br \/>\nHandbuch:\u00a0<a href=\"https:\/\/ab-marineservice.com\/wp-content\/uploads\/2023\/06\/Blue_Smart_IP22_Charger-de.pdf\">Blue_Smart_IP22_Charger-de<\/a><br \/>\nFilme:<br \/>\n<a href=\"https:\/\/www.youtube.com\/watch?list=PLnKCJA0l3E6balmPIyOD3wmiqgVE9DeVG&amp;v=qt2PVYT13mE&amp;feature=youtu.be\">Did you know \u2013 Use a Blue Smart Charger as a Power Supply \u2013 YouTube<\/a><br \/>\n<a href=\"https:\/\/www.youtube.com\/watch?v=3ciIWOWRrcU&amp;feature=youtu.be\">History and settings for Blue Smart Chargers in VictronConnect \u2013 YouTube<\/a><\/p>\n","protected":false},"featured_media":157513,"comment_status":"open","ping_status":"closed","template":"","meta":[],"location":[3905,4275,4276],"product_brand":[],"product_cat":[4282,4366,4369,4371],"product_tag":[],"class_list":{"0":"post-145364","1":"product","2":"type-product","3":"status-publish","4":"has-post-thumbnail","6":"location-ab-marine-service","7":"location-aes-emmeloord","8":"location-aes-lemmer","9":"product_cat-victron-de","10":"product_cat-laden-umwandlen","11":"product_cat-batterie-ladegerate","12":"product_cat-blue-smart-ip22-ladegerate","13":"product_shipping_class-paket-0-10-kg","15":"first","16":"instock","17":"sale","18":"taxable","19":"shipping-taxable","20":"purchasable","21":"product-type-simple"},"group_of_quantity":0,"min_quantity":0,"max_quantity":"","exclude_order_quantity_value_rules":"no","exclude_category_quantity_rules":"no","combine_variations":"no","locations":[{"id":3905,"name":"AB Marine","slug":"ab-marine-service","quantity":""},{"id":4275,"name":"AES Emmeloord","slug":"aes-emmeloord","quantity":""},{"id":4276,"name":"AES Lemmer","slug":"aes-lemmer","quantity":""}],"_links":{"self":[{"href":"https:\/\/ab-marineservice.com\/de\/wp-json\/wp\/v2\/product\/145364","targetHints":{"allow":["GET"]}}],"collection":[{"href":"https:\/\/ab-marineservice.com\/de\/wp-json\/wp\/v2\/product"}],"about":[{"href":"https:\/\/ab-marineservice.com\/de\/wp-json\/wp\/v2\/types\/product"}],"replies":[{"embeddable":true,"href":"https:\/\/ab-marineservice.com\/de\/wp-json\/wp\/v2\/comments?post=145364"}],"wp:featuredmedia":[{"embeddable":true,"href":"https:\/\/ab-marineservice.com\/de\/wp-json\/wp\/v2\/media\/157513"}],"wp:attachment":[{"href":"https:\/\/ab-marineservice.com\/de\/wp-json\/wp\/v2\/media?parent=145364"}],"wp:term":[{"taxonomy":"location","embeddable":true,"href":"https:\/\/ab-marineservice.com\/de\/wp-json\/wp\/v2\/location?post=145364"},{"taxonomy":"product_brand","embeddable":true,"href":"https:\/\/ab-marineservice.com\/de\/wp-json\/wp\/v2\/product_brand?post=145364"},{"taxonomy":"product_cat","embeddable":true,"href":"https:\/\/ab-marineservice.com\/de\/wp-json\/wp\/v2\/product_cat?post=145364"},{"taxonomy":"product_tag","embeddable":true,"href":"https:\/\/ab-marineservice.com\/de\/wp-json\/wp\/v2\/product_tag?post=145364"}],"curies":[{"name":"wp","href":"https:\/\/api.w.org\/{rel}","templated":true}]}}