{"id":145454,"date":"2023-05-04T09:31:44","date_gmt":"2023-05-04T07:54:30","guid":{"rendered":"https:\/\/ab-marineservice.com\/product\/farbsteuerung-gx-einzelhandel\/"},"modified":"2025-05-27T15:49:25","modified_gmt":"2025-05-27T13:49:25","slug":"farbsteuerung-gx-einzelhandel","status":"publish","type":"product","link":"https:\/\/ab-marineservice.com\/de\/produkt\/farbsteuerung-gx-einzelhandel\/","title":{"rendered":"Farbsteuerung GX"},"content":{"rendered":"","protected":false},"excerpt":{"rendered":"<p>BPP010300100R Victron<br \/>\nBPP010300100<\/p>\n<p>Paneele und System\u00fcberwachung<br \/>\nDas Color Control GX ist die Kommunikationszentrale Ihrer Installation. Es bietet auf einen Blick Informationen in Echtzeit und erm\u00f6glicht die Steuerung aller daran angeschlossenen Produkte. Sie haben von fast \u00fcberall in der Welt die volle Kontrolle \u00fcber Ihr System. Hierzu k\u00f6nnen Sie n\u00e4mlich \u00fcber unser kostenloses Victron Remote Management Portal (VRM) auf Ihr Color Control GX zugreifen.<\/p>\n<p>Intuitive System\u00fcbersicht &#8211; Alles, was Sie hierzu wissen m\u00fcssen<br \/>\nNur einmal antippen und das Color Control GX bietet Ihnen eine sofortige \u00dcbersicht \u00fcber Ihr System: Ladezustand der Batterie, aktueller Stromverbrauch, Stromertrag aus der PV-Anlage, aus dem Netz oder von einem Generator gelieferter Strom.<\/p>\n<p>Die volle Leistung des Victron Remote Managements<br \/>\nDas Victron Remote Management (VRM) bietet Ihnen vollen Zugang zu den umfangreichen Steuerungen und Einstellungen aller System-Komponenten, die entweder an Ihr CCGX oder an Ihr Venus GX angeschlossen sind. Nutzer und Installateure k\u00f6nnen sich aus der Ferne von \u00fcberall her einloggen. Mit dieser leistungsstarken Anwendung k\u00f6nnen auch m\u00fchelos \u00dcberpr\u00fcfungen zur Diagnose und Analysen von gespeicherten Daten durchgef\u00fchrt werden.<\/p>\n<p>Automatischer Aggregat-Start\/Stopp<br \/>\nDas Color Control GX kann so programmiert werden, dass es automatisch einen Generator startet. Als Startbedingung kann man zwischen einer schwachen Spannung, einer hohe Nachfrage oder dem Ladestatus der Batterie ausw\u00e4hlen. Au\u00dferdem kann man den Start bis zum Ende von &#8220;Ruhe-&#8220;Zeiten einstellen. So wird verhindert, dass mitten in der Nacht aus Versehen L\u00e4rm gemacht wird, der st\u00f6ren k\u00f6nnte.<\/p>\n<p>Remote Console &#8211; Steuerung von \u00fcberall&#8230;<br \/>\nEs steht eine Remote Console-Funktion zur Verf\u00fcgung. Es ist, als ob man immer die Anzeige seines CCGX Control Paneels mit sich auf dem Handy oder einem anderen Ger\u00e4t dabeihat.<\/p>\n<p>Energy Storage Systeme &#8211; 24-Stunden \u00dcberwachung<br \/>\nDas Color Control GX verwaltet Energy Storage Systeme. Es sorgt daf\u00fcr, dass Reserve-Batterien stets zu 100 % geladen sind, springt bei Stromausf\u00e4llen ein und f\u00fchrt \u00fcbersch\u00fcssige (Solar-) Leistung dem Eigenverbrauch zu. So sparen Sie bares Geld.Beispiele und weitere Informationen finden Sie im ESS (Energy Storage System) Handbuch.<\/p>\n<p>Fern\u00fcberwachung der Elektronik Ihres Bootes oder Wohnmobils<br \/>\nSie planen einen Ausflug? Die Fern\u00fcberwachung Ihres Color Control GX erm\u00f6glicht es Ihnen zu \u00fcberpr\u00fcfen, ob Ihr Boot oder Ihr Wohnwagen einsatzbereit sind. Das Color Control GX erm\u00f6glicht es Ihnen auch, mit den Ger\u00e4ten anderer Hersteller zu kommunizieren.<\/p>\n<p>Datenblatter: <a href=\"https:\/\/ab-marineservice.com\/wp-content\/uploads\/2023\/08\/Datasheet-Color-Control-GX-DE.pdf\">Datasheet-Color-Control-GX-DE<\/a><br \/>\nGehauseabmessungen: <a href=\"https:\/\/ab-marineservice.com\/wp-content\/uploads\/2023\/05\/Dimensions-of-plastic-panel-for-BPP000300100R-Color-Control-GX_v1.0.pdf\">Dimensions-of-plastic-panel-for-BPP000300100R-Color-Control-GX_v1.0<\/a><br \/>\nHandbuch: <a href=\"https:\/\/www.victronenergy.com\/upload\/documents\/CCGX\/140558-CCGX__Venus_GX__Cerbo_GX__Cerbo-S_GX_Manual-pdf-de.pdf?_ga=2.212183635.616471935.1690980963-909775310.1683637489\">Handbuch CCGX<\/a><br \/>\nFilme:<br \/>\n<a href=\"https:\/\/www.youtube.com\/watch?v=645QrB7bmvY&amp;feature=youtu.be\">Connecting a Victron GX Device online and setting up a GX GSM &#8211; YouTube<\/a><br \/>\n<a href=\"https:\/\/www.youtube.com\/watch?list=PLnKCJA0l3E6balmPIyOD3wmiqgVE9DeVG&amp;v=8pR9utgkjSI&amp;feature=youtu.be\">Did You Know &#8211; Changing the logo on a GX device &#8211; YouTube<\/a><br \/>\n<a href=\"https:\/\/www.youtube.com\/watch?list=PLnKCJA0l3E6balmPIyOD3wmiqgVE9DeVG&amp;v=phttV9R0XFg&amp;feature=youtu.be\">Did You Know &#8211; You can add a GPS receiver &amp; Create Geofence Alarms &#8211; YouTube<\/a><br \/>\n<a href=\"https:\/\/www.youtube.com\/watch?v=aKJMXxRIkG0&amp;embeds_referring_euri=https%3A%2F%2Fwww.victronenergy.nl%2F&amp;source_ve_path=Mjg2NTksMjg2NjY&amp;feature=emb_logo\">New VictronConnect feature when using GX products &#8211; YouTube<\/a><\/p>\n","protected":false},"featured_media":199823,"comment_status":"open","ping_status":"closed","template":"","meta":[],"location":[4275,4276],"product_brand":[],"product_cat":[4282,4383,7865],"product_tag":[],"class_list":{"0":"post-145454","1":"product","2":"type-product","3":"status-publish","4":"has-post-thumbnail","6":"location-aes-emmeloord","7":"location-aes-lemmer","8":"product_cat-victron-de","9":"product_cat-sonstige","10":"product_cat-kommunikationszentren","11":"product_shipping_class-paket-0-10-kg","13":"first","14":"outofstock","15":"sale","16":"taxable","17":"shipping-taxable","18":"purchasable","19":"product-type-simple"},"group_of_quantity":0,"min_quantity":0,"max_quantity":"","exclude_order_quantity_value_rules":"no","exclude_category_quantity_rules":"no","combine_variations":"no","locations":[{"id":4275,"name":"AES Emmeloord","slug":"aes-emmeloord","quantity":""},{"id":4276,"name":"AES Lemmer","slug":"aes-lemmer","quantity":""}],"_links":{"self":[{"href":"https:\/\/ab-marineservice.com\/de\/wp-json\/wp\/v2\/product\/145454","targetHints":{"allow":["GET"]}}],"collection":[{"href":"https:\/\/ab-marineservice.com\/de\/wp-json\/wp\/v2\/product"}],"about":[{"href":"https:\/\/ab-marineservice.com\/de\/wp-json\/wp\/v2\/types\/product"}],"replies":[{"embeddable":true,"href":"https:\/\/ab-marineservice.com\/de\/wp-json\/wp\/v2\/comments?post=145454"}],"wp:featuredmedia":[{"embeddable":true,"href":"https:\/\/ab-marineservice.com\/de\/wp-json\/wp\/v2\/media\/199823"}],"wp:attachment":[{"href":"https:\/\/ab-marineservice.com\/de\/wp-json\/wp\/v2\/media?parent=145454"}],"wp:term":[{"taxonomy":"location","embeddable":true,"href":"https:\/\/ab-marineservice.com\/de\/wp-json\/wp\/v2\/location?post=145454"},{"taxonomy":"product_brand","embeddable":true,"href":"https:\/\/ab-marineservice.com\/de\/wp-json\/wp\/v2\/product_brand?post=145454"},{"taxonomy":"product_cat","embeddable":true,"href":"https:\/\/ab-marineservice.com\/de\/wp-json\/wp\/v2\/product_cat?post=145454"},{"taxonomy":"product_tag","embeddable":true,"href":"https:\/\/ab-marineservice.com\/de\/wp-json\/wp\/v2\/product_tag?post=145454"}],"curies":[{"name":"wp","href":"https:\/\/api.w.org\/{rel}","templated":true}]}}