{"id":145455,"date":"2023-05-04T09:31:44","date_gmt":"2023-05-04T07:54:30","guid":{"rendered":"https:\/\/ab-marineservice.com\/product\/ccgx-wifi-modul-einfach-nano-usb\/"},"modified":"2024-08-07T13:27:14","modified_gmt":"2024-08-07T11:27:14","slug":"ccgx-wifi-modul-einfach-nano-usb","status":"publish","type":"product","link":"https:\/\/ab-marineservice.com\/de\/produkt\/ccgx-wifi-modul-einfach-nano-usb\/","title":{"rendered":"CCGX WiFi-Modul einfach (Nano USB)"},"content":{"rendered":"","protected":false},"excerpt":{"rendered":"<p>BPP900100200 Victron<\/p>\n<p>Dieser Nano-USB-WiFi-Dongle ist softwarekompatibel mit dem Color Control GX-Ger\u00e4t \u2013 (viele \u00e4hnliche Standard-Dongles sind aufgrund der Treiberunterst\u00fctzung nicht kompatibel, also \u00fcberpr\u00fcfen Sie dies bitte) und f\u00fcgt WLAN-Konnektivit\u00e4t hinzu, wenn die Verbindung eines Netzwerkkabels zum Router oder Zugangspunkt ungeeignet ist.<\/p>\n","protected":false},"featured_media":208603,"comment_status":"open","ping_status":"closed","template":"","meta":[],"location":[4275,4276],"product_brand":[],"product_cat":[4282,4383,4385,4421],"product_tag":[],"class_list":{"0":"post-145455","1":"product","2":"type-product","3":"status-publish","4":"has-post-thumbnail","6":"location-aes-emmeloord","7":"location-aes-lemmer","8":"product_cat-victron-de","9":"product_cat-sonstige","10":"product_cat-zubehor-de-4","11":"product_cat-ccgx-wifi-de","12":"product_shipping_class-paket-0-10-kg","14":"first","15":"onbackorder","16":"sale","17":"taxable","18":"shipping-taxable","19":"purchasable","20":"product-type-simple"},"group_of_quantity":0,"min_quantity":0,"max_quantity":"","exclude_order_quantity_value_rules":"no","exclude_category_quantity_rules":"no","combine_variations":"no","locations":[{"id":4275,"name":"AES Emmeloord","slug":"aes-emmeloord","quantity":""},{"id":4276,"name":"AES Lemmer","slug":"aes-lemmer","quantity":""}],"_links":{"self":[{"href":"https:\/\/ab-marineservice.com\/de\/wp-json\/wp\/v2\/product\/145455","targetHints":{"allow":["GET"]}}],"collection":[{"href":"https:\/\/ab-marineservice.com\/de\/wp-json\/wp\/v2\/product"}],"about":[{"href":"https:\/\/ab-marineservice.com\/de\/wp-json\/wp\/v2\/types\/product"}],"replies":[{"embeddable":true,"href":"https:\/\/ab-marineservice.com\/de\/wp-json\/wp\/v2\/comments?post=145455"}],"wp:featuredmedia":[{"embeddable":true,"href":"https:\/\/ab-marineservice.com\/de\/wp-json\/wp\/v2\/media\/208603"}],"wp:attachment":[{"href":"https:\/\/ab-marineservice.com\/de\/wp-json\/wp\/v2\/media?parent=145455"}],"wp:term":[{"taxonomy":"location","embeddable":true,"href":"https:\/\/ab-marineservice.com\/de\/wp-json\/wp\/v2\/location?post=145455"},{"taxonomy":"product_brand","embeddable":true,"href":"https:\/\/ab-marineservice.com\/de\/wp-json\/wp\/v2\/product_brand?post=145455"},{"taxonomy":"product_cat","embeddable":true,"href":"https:\/\/ab-marineservice.com\/de\/wp-json\/wp\/v2\/product_cat?post=145455"},{"taxonomy":"product_tag","embeddable":true,"href":"https:\/\/ab-marineservice.com\/de\/wp-json\/wp\/v2\/product_tag?post=145455"}],"curies":[{"name":"wp","href":"https:\/\/api.w.org\/{rel}","templated":true}]}}