{"id":145460,"date":"2023-05-04T09:32:01","date_gmt":"2023-05-04T07:54:41","guid":{"rendered":"https:\/\/ab-marineservice.com\/product\/maxigx\/"},"modified":"2025-05-27T15:49:23","modified_gmt":"2025-05-27T13:49:23","slug":"maxigx","status":"publish","type":"product","link":"https:\/\/ab-marineservice.com\/de\/produkt\/maxigx\/","title":{"rendered":"MaxiGX"},"content":{"rendered":"","protected":false},"excerpt":{"rendered":"<p>BPP900410200 Victron<\/p>\n<p>Victron Der Maxi GX ist Teil der GX-Produktfamilie. Das GX-Ger\u00e4t ist das Herzst\u00fcck des Systems \u2013 es sorgt f\u00fcr die \u00dcberwachung und fungiert als Kommunikationszentrum der Anlage. Im Vergleich zu den anderen GX-Ger\u00e4ten verf\u00fcgt das Maxi GX \u00fcber die meiste CPU-Leistung und die meisten VE.Direct-Ports: nicht weniger als 25! Das Maxi GX-Ger\u00e4t ist daher insbesondere f\u00fcr gro\u00dfe Anlagen mit vielen VE.Direct MPPT-Solarladeger\u00e4ten gedacht. Alle Werte werden an die kostenlose Fern\u00fcberwachungs-Website, das VRM Online Portal, weitergeleitet.<br \/>\nDer Maxi GX ist f\u00fcr sehr gro\u00dfe Systeme mit vielen MPPT-Solarladeger\u00e4ten gedacht.<\/p>\n<p>Der Maxi GX verf\u00fcgt \u00fcber 25 VE.Direct-Anschl\u00fcsse, sodass bis zu 25 St\u00fcck VE.Direct MPPT-Solarladeger\u00e4te an dieses GX-Ger\u00e4t angeschlossen werden k\u00f6nnen. Dies sorgt f\u00fcr eine wesentlich professionellere und sauberere Installation dieser gro\u00dfen Systeme.<\/p>\n<p>GX-Produkte sind Victrons hochmoderne \u00dcberwachungsl\u00f6sung. Die Familie besteht aus den verschiedenen GX-Produkten und deren Zubeh\u00f6r. Das GX-Ger\u00e4t ist das Herzst\u00fcck des Systems \u2013 es \u00fcberwacht und fungiert als Kommunikationszentrum Ihrer Installation. Alle weiteren Systemkomponenten \u2013 wie Wechselrichter\/Ladeger\u00e4te, Solarladeger\u00e4te und Batterien \u2013 werden daran angeschlossen. Die \u00dcberwachung kann lokal und aus der Ferne erfolgen \u2013 \u00fcber das kostenlos nutzbare Victron Remote Management Portal (VRM). Das GX-Ger\u00e4t bietet auch Remote-Firmware-Updates und Wechselrichter-\/Ladeger\u00e4teinstellungen k\u00f6nnen aus der Ferne ge\u00e4ndert werden.<\/p>\n<p>Die Leistungsf\u00e4higkeit von Victron Remote Management<br \/>\nVictron Remote Management (VRM) bietet Ihnen vollen Zugriff auf die sehr umfassenden Steuerelemente und Einstellungen aller mit Ihrem Maxi GX verbundenen Systemkomponenten. Es erm\u00f6glicht die Fernanmeldung von Benutzern und Installateuren \u2013 \u00fcberall, jederzeit und \u00fcberall. Diese leistungsstarke Anwendung erm\u00f6glicht au\u00dferdem problemlose Diagnosepr\u00fcfungen und Analysen archivierter Informationen.<\/p>\n<p>Automatischer Start-\/Stopp-Generator<br \/>\nDer Maxi GX kann so programmiert werden, dass er Ihren Generator automatisch startet \u2013 ausgel\u00f6st durch Unterspannung; hohe Nachfrage; oder den Ladezustand des Akkus. Es kann weiter angepasst werden, um die Z\u00fcndung bis zum Ende der Ruhephasen zu verz\u00f6gern, um versehentliche Bel\u00e4stigungen mitten in der Nacht zu verhindern.<\/p>\n<p>Remote Console \u2013 alles von \u00fcberall aus steuern.<br \/>\nDie Remote Console-Funktion bietet vollst\u00e4ndigen Fernzugriff \u00fcber das Internet und das VRM-Portal auf alle Einstellungen.<\/p>\n","protected":false},"featured_media":245728,"comment_status":"open","ping_status":"closed","template":"","meta":[],"location":[],"product_brand":[],"product_cat":[4282,4383,4377],"product_tag":[],"class_list":{"0":"post-145460","1":"product","2":"type-product","3":"status-publish","4":"has-post-thumbnail","6":"product_cat-victron-de","7":"product_cat-sonstige","8":"product_cat-panels-und-systemuberwachung","9":"product_shipping_class-paket-0-10-kg","11":"first","12":"outofstock","13":"sale","14":"taxable","15":"shipping-taxable","16":"purchasable","17":"product-type-simple"},"group_of_quantity":0,"min_quantity":0,"max_quantity":"","exclude_order_quantity_value_rules":"no","exclude_category_quantity_rules":"no","combine_variations":"no","locations":[],"_links":{"self":[{"href":"https:\/\/ab-marineservice.com\/de\/wp-json\/wp\/v2\/product\/145460","targetHints":{"allow":["GET"]}}],"collection":[{"href":"https:\/\/ab-marineservice.com\/de\/wp-json\/wp\/v2\/product"}],"about":[{"href":"https:\/\/ab-marineservice.com\/de\/wp-json\/wp\/v2\/types\/product"}],"replies":[{"embeddable":true,"href":"https:\/\/ab-marineservice.com\/de\/wp-json\/wp\/v2\/comments?post=145460"}],"wp:featuredmedia":[{"embeddable":true,"href":"https:\/\/ab-marineservice.com\/de\/wp-json\/wp\/v2\/media\/245728"}],"wp:attachment":[{"href":"https:\/\/ab-marineservice.com\/de\/wp-json\/wp\/v2\/media?parent=145460"}],"wp:term":[{"taxonomy":"location","embeddable":true,"href":"https:\/\/ab-marineservice.com\/de\/wp-json\/wp\/v2\/location?post=145460"},{"taxonomy":"product_brand","embeddable":true,"href":"https:\/\/ab-marineservice.com\/de\/wp-json\/wp\/v2\/product_brand?post=145460"},{"taxonomy":"product_cat","embeddable":true,"href":"https:\/\/ab-marineservice.com\/de\/wp-json\/wp\/v2\/product_cat?post=145460"},{"taxonomy":"product_tag","embeddable":true,"href":"https:\/\/ab-marineservice.com\/de\/wp-json\/wp\/v2\/product_tag?post=145460"}],"curies":[{"name":"wp","href":"https:\/\/api.w.org\/{rel}","templated":true}]}}