{"id":145464,"date":"2023-05-04T09:32:01","date_gmt":"2023-05-04T07:54:41","guid":{"rendered":"https:\/\/ab-marineservice.com\/product\/gx-touch-70\/"},"modified":"2025-05-25T10:16:17","modified_gmt":"2025-05-25T08:16:17","slug":"gx-touch-70","status":"publish","type":"product","link":"https:\/\/ab-marineservice.com\/de\/produkt\/gx-touch-70\/","title":{"rendered":"GX-Touch 70"},"content":{"rendered":"","protected":false},"excerpt":{"rendered":"<p>BPP900455070 Victron<\/p>\n<p>GX Touch 70 sind Bildschirme f\u00fcr unseren Cerbo GX. Die f\u00fcnf- und siebenz\u00f6lligen Touchscreen-Bildschirme bieten einen sofortigen \u00dcberblick \u00fcber Ihr System und erm\u00f6glichen die Anpassung von Einstellungen im Handumdrehen. Sie werden einfach mit einem Kabel an den Cerbo GX angeschlossen. Ihr superschlankes, wasserdichtes Design, der Aufbau von oben und die einfache Installation bringen viel Flexibilit\u00e4t beim Aufbau eines klaren und sauberen Armaturenbretts.<\/p>\n<p>Einfache Montage<br \/>\nDer GX Touch ist f\u00fcr die Anforderungen von Installationsprofis bestens ausgelegt. Der Bildschirm wird einfach auf das Armaturenbrett geschraubt, es m\u00fcssen also keine perfekten Ausschnitte erstellt werden (wie beim ColorControl GX). Er wird \u00fcber ein einziges Kabel angeschlossen, so dass nicht mehr viele Kabel zum Armaturenbrett gef\u00fchrt werden m\u00fcssen.<\/p>\n<p>Erg\u00e4nzungen<br \/>\nDer GX Touch ist eine Erg\u00e4nzung zum Cerbo GX, das neue Kommunikationszentrum, mit dem Sie Ihr System von jedem Ort aus stets perfekt kontrollieren und seine Leistung maximieren k\u00f6nnen. Greifen Sie einfach \u00fcber unser Victron Remote Management (VRM)-Portal auf Ihr System zu. Oder greifen Sie direkt auf Ihr System zu, indem Sie den optionalen GX Touch, ein Multifunktionsdisplay (MFD) oder unsere VictronConnect App dank ihrer Bluetooth-F\u00e4higkeit verwenden. Diese neueste Erg\u00e4nzung der GX-Reihe kombiniert alle Vorteile der Konnektivit\u00e4t und definiert intelligente Stromversorgungsl\u00f6sungen in jeder Hinsicht neu.<\/p>\n<p>Datenblatter:\u00a0<a href=\"https:\/\/ab-marineservice.com\/wp-content\/uploads\/2023\/05\/Datasheet-Cerbo-GX-GX-Touch-DE.pdf\">Datasheet-Cerbo-GX-GX-Touch-DE<\/a><br \/>\nGehauseabmessungen: <a href=\"https:\/\/ab-marineservice.com\/wp-content\/uploads\/2023\/05\/GX-Touch-70.pdf\">GX-Touch-70<\/a><br \/>\nHandbuch:<a href=\"https:\/\/www.victronenergy.com\/upload\/documents\/Cerbo_GX\/2556-CCGX__Venus_GX__Cerbo_GX__Cerbo-S_GX__Ekrano_GX_Manual-pdf-de.pdf?_ga=2.62807343.2098041302.1684412798-1762701390.1683295150\">\u00a0Cerbo GX Handbuch<\/a><br \/>\nFilm:\u00a0<a href=\"https:\/\/www.youtube.com\/watch?v=3wheKaU2_qw\">https:\/\/www.youtube.com\/watch?v=3wheKaU2_qw<\/a><\/p>\n","protected":false},"featured_media":151705,"comment_status":"open","ping_status":"closed","template":"","meta":[],"location":[4275,4276],"product_brand":[],"product_cat":[4282,4383,7726,4377],"product_tag":[],"class_list":{"0":"post-145464","1":"product","2":"type-product","3":"status-publish","4":"has-post-thumbnail","6":"location-aes-emmeloord","7":"location-aes-lemmer","8":"product_cat-victron-de","9":"product_cat-sonstige","10":"product_cat-display-paneele","11":"product_cat-panels-und-systemuberwachung","12":"product_shipping_class-paket-0-10-kg","14":"first","15":"instock","16":"sale","17":"taxable","18":"shipping-taxable","19":"purchasable","20":"product-type-simple"},"group_of_quantity":0,"min_quantity":0,"max_quantity":"","exclude_order_quantity_value_rules":"no","exclude_category_quantity_rules":"no","combine_variations":"no","locations":[{"id":4275,"name":"AES Emmeloord","slug":"aes-emmeloord","quantity":""},{"id":4276,"name":"AES Lemmer","slug":"aes-lemmer","quantity":""}],"_links":{"self":[{"href":"https:\/\/ab-marineservice.com\/de\/wp-json\/wp\/v2\/product\/145464","targetHints":{"allow":["GET"]}}],"collection":[{"href":"https:\/\/ab-marineservice.com\/de\/wp-json\/wp\/v2\/product"}],"about":[{"href":"https:\/\/ab-marineservice.com\/de\/wp-json\/wp\/v2\/types\/product"}],"replies":[{"embeddable":true,"href":"https:\/\/ab-marineservice.com\/de\/wp-json\/wp\/v2\/comments?post=145464"}],"wp:featuredmedia":[{"embeddable":true,"href":"https:\/\/ab-marineservice.com\/de\/wp-json\/wp\/v2\/media\/151705"}],"wp:attachment":[{"href":"https:\/\/ab-marineservice.com\/de\/wp-json\/wp\/v2\/media?parent=145464"}],"wp:term":[{"taxonomy":"location","embeddable":true,"href":"https:\/\/ab-marineservice.com\/de\/wp-json\/wp\/v2\/location?post=145464"},{"taxonomy":"product_brand","embeddable":true,"href":"https:\/\/ab-marineservice.com\/de\/wp-json\/wp\/v2\/product_brand?post=145464"},{"taxonomy":"product_cat","embeddable":true,"href":"https:\/\/ab-marineservice.com\/de\/wp-json\/wp\/v2\/product_cat?post=145464"},{"taxonomy":"product_tag","embeddable":true,"href":"https:\/\/ab-marineservice.com\/de\/wp-json\/wp\/v2\/product_tag?post=145464"}],"curies":[{"name":"wp","href":"https:\/\/api.w.org\/{rel}","templated":true}]}}