{"id":145468,"date":"2023-05-04T09:32:01","date_gmt":"2023-05-04T07:54:41","guid":{"rendered":"https:\/\/ab-marineservice.com\/product\/ve-can-resistiver-tanksenderadapter\/"},"modified":"2024-08-07T13:26:12","modified_gmt":"2024-08-07T11:26:12","slug":"ve-can-resistiver-tanksenderadapter","status":"publish","type":"product","link":"https:\/\/ab-marineservice.com\/de\/produkt\/ve-can-resistiver-tanksenderadapter\/","title":{"rendered":"VE.Can resistiver Tanksenderadapter"},"content":{"rendered":"","protected":false},"excerpt":{"rendered":"<p>BPP900600100\u00a0 Victron<\/p>\n<p>Der VE.Can Adapter f\u00fcr resistive Tank-Sender erm\u00f6glicht die Verbindung eines resistiven Tankstand-Senders mit einem Color Control GX. Er ist sowohl mit Tankstand-Sender nach europ\u00e4ischem Standard mit 0-180 Ohm als auch nach US-amerikanischem Standard mit 240-30 Ohm kompatibel und bis auf \u00b11 % genau. Er l\u00e4sst sich ganz einfach f\u00fcr unterschiedliche resistive Sender konfigurieren wie z. B. f\u00fcr Treibstoff-, Frischwasser-, Abwasser-, Quellwasser-, \u00d6l- und Schwarzwasser- (Jauche-) Tanks. Er unterst\u00fctzt bis zu 16 Tanks von jedem Typ. Das Ger\u00e4t ist ein einfacher Aufbau mit zwei kleinen Drehschaltern. Es erh\u00e4lt seinen Strom \u00fcber das VE.Can-Netzwerk.<\/p>\n<p>Wenn Sie ein Skylla-i bzw. ein MPPT mit CAN BUS im System verwenden, wird der Strom f\u00fcr den CAN Bus von einem der beiden geliefert. Wenn der CAN BUS nicht durch ein Skylla-I oder ein MPPT mit Strom betrieben wird, ben\u00f6tigt man das neue VE.Can Stromkabel f\u00fcr die Stromversorgung.<\/p>\n<p>Gehauseabmessungen:\u00a0 <a href=\"https:\/\/ab-marineservice.com\/wp-content\/uploads\/2023\/05\/VE.Can-resistive-tank-sender-adapter_dimensions.pdf\">VE.Can-resistive-tank-sender-adapter_dimensions<\/a><br \/>\nHandbuch: <a href=\"https:\/\/ab-marineservice.com\/wp-content\/uploads\/2023\/05\/ve.can_resistive_tank_sender_adapter_manual.pdf\">ve.can_resistive_tank_sender_adapter_manual<\/a><\/p>\n","protected":false},"featured_media":245895,"comment_status":"open","ping_status":"closed","template":"","meta":[],"location":[4275,4276],"product_brand":[],"product_cat":[4282,4383,4385],"product_tag":[],"class_list":{"0":"post-145468","1":"product","2":"type-product","3":"status-publish","4":"has-post-thumbnail","6":"location-aes-emmeloord","7":"location-aes-lemmer","8":"product_cat-victron-de","9":"product_cat-sonstige","10":"product_cat-zubehor-de-4","11":"product_shipping_class-paket-0-10-kg","13":"first","14":"outofstock","15":"sale","16":"taxable","17":"shipping-taxable","18":"purchasable","19":"product-type-simple"},"group_of_quantity":0,"min_quantity":0,"max_quantity":"","exclude_order_quantity_value_rules":"no","exclude_category_quantity_rules":"no","combine_variations":"no","locations":[{"id":4275,"name":"AES Emmeloord","slug":"aes-emmeloord","quantity":""},{"id":4276,"name":"AES Lemmer","slug":"aes-lemmer","quantity":""}],"_links":{"self":[{"href":"https:\/\/ab-marineservice.com\/de\/wp-json\/wp\/v2\/product\/145468","targetHints":{"allow":["GET"]}}],"collection":[{"href":"https:\/\/ab-marineservice.com\/de\/wp-json\/wp\/v2\/product"}],"about":[{"href":"https:\/\/ab-marineservice.com\/de\/wp-json\/wp\/v2\/types\/product"}],"replies":[{"embeddable":true,"href":"https:\/\/ab-marineservice.com\/de\/wp-json\/wp\/v2\/comments?post=145468"}],"wp:featuredmedia":[{"embeddable":true,"href":"https:\/\/ab-marineservice.com\/de\/wp-json\/wp\/v2\/media\/245895"}],"wp:attachment":[{"href":"https:\/\/ab-marineservice.com\/de\/wp-json\/wp\/v2\/media?parent=145468"}],"wp:term":[{"taxonomy":"location","embeddable":true,"href":"https:\/\/ab-marineservice.com\/de\/wp-json\/wp\/v2\/location?post=145468"},{"taxonomy":"product_brand","embeddable":true,"href":"https:\/\/ab-marineservice.com\/de\/wp-json\/wp\/v2\/product_brand?post=145468"},{"taxonomy":"product_cat","embeddable":true,"href":"https:\/\/ab-marineservice.com\/de\/wp-json\/wp\/v2\/product_cat?post=145468"},{"taxonomy":"product_tag","embeddable":true,"href":"https:\/\/ab-marineservice.com\/de\/wp-json\/wp\/v2\/product_tag?post=145468"}],"curies":[{"name":"wp","href":"https:\/\/api.w.org\/{rel}","templated":true}]}}