{"id":145472,"date":"2023-05-04T09:32:01","date_gmt":"2023-05-04T07:54:53","guid":{"rendered":"https:\/\/ab-marineservice.com\/product\/gx-panzer-140\/"},"modified":"2024-08-07T13:26:22","modified_gmt":"2024-08-07T11:26:22","slug":"gx-panzer-140","status":"publish","type":"product","link":"https:\/\/ab-marineservice.com\/de\/produkt\/gx-panzer-140\/","title":{"rendered":"GX-Panzer 140"},"content":{"rendered":"","protected":false},"excerpt":{"rendered":"<p>BPP920140100 Victron<\/p>\n<p>Der GX Tank 140 erfasst Messwerte von bis zu vier Tankf\u00fcllstandssensoren. Es handelt sich um ein Zubeh\u00f6r f\u00fcr unser Sortiment an GX-System\u00fcberwachungsprodukten, von denen Cerbo GX das am h\u00e4ufigsten verwendete Modell ist.<\/p>\n<p>Die Tankf\u00fcllst\u00e4nde k\u00f6nnen sowohl lokal im System ausgelesen werden, siehe Screenshot, als auch ferngesteuert \u00fcber unser VRM Portal.<\/p>\n<p>Der GX Tank 140 ist sowohl mit Stromgebern (4 bis 20 mA) als auch mit Spannungsgebern (0 bis 10 V) kompatibel. Das GX-Ger\u00e4t wird \u00fcber USB verbunden, wodurch der GX Tank auch mit Strom versorgt wird. Es sind keine zus\u00e4tzlichen Stromkabel erforderlich.<\/p>\n<p>Die Verkabelung des Tanksenders ist so einfach wie m\u00f6glich gehalten: Zwei der vier Eing\u00e4nge bieten eine 24 V-Spannungsversorgung f\u00fcr den Sender. Die beiden anderen Kan\u00e4le ben\u00f6tigen eine externe Stromversorgung, wof\u00fcr ein Netzanschluss mit abgesicherten Ausg\u00e4ngen vorhanden ist.<\/p>\n<p>Die oberen und unteren Grenzwerte sind konfigurierbar, um die Verwendung von Sendern zu erm\u00f6glichen, die nur einen Teil der Skala liefern, z. B. 0 bis 5 V.<\/p>\n<p>Um einen stabilen Messwert zu erhalten, werden die Messwerte mit einer Mittelwertbildung ged\u00e4mpft. Die D\u00e4mpfung kann zwischen 1 und 60 Sekunden konfiguriert werden.<\/p>\n<p>Es werden defekte Sensoren und Verdrahtungsprobleme erkannt. Ein Alarm wird ausgel\u00f6st, wenn die Werte au\u00dferhalb des zul\u00e4ssigen Bereichs liegen.<\/p>\n<p>Bei maritimen Anwendungen kann das GX-Ger\u00e4t diese Tankf\u00fcllst\u00e4nde \u00fcber das NMEA 2000-Netzwerk an anderen Anzeigen, wie z. B. einem MFD, \u00fcbertragen.<\/p>\n<p>Handbuch: <a href=\"https:\/\/ab-marineservice.com\/wp-content\/uploads\/2023\/08\/GX_Tank_140-de.pdf\">GX_Tank_140-de<\/a><\/p>\n","protected":false},"featured_media":259421,"comment_status":"open","ping_status":"closed","template":"","meta":[],"location":[4275,4276],"product_brand":[],"product_cat":[4282,4383,4377],"product_tag":[],"class_list":{"0":"post-145472","1":"product","2":"type-product","3":"status-publish","4":"has-post-thumbnail","6":"location-aes-emmeloord","7":"location-aes-lemmer","8":"product_cat-victron-de","9":"product_cat-sonstige","10":"product_cat-panels-und-systemuberwachung","11":"product_shipping_class-paket-0-10-kg","13":"first","14":"onbackorder","15":"sale","16":"taxable","17":"shipping-taxable","18":"purchasable","19":"product-type-simple"},"group_of_quantity":0,"min_quantity":0,"max_quantity":"","exclude_order_quantity_value_rules":"no","exclude_category_quantity_rules":"no","combine_variations":"no","locations":[{"id":4275,"name":"AES Emmeloord","slug":"aes-emmeloord","quantity":""},{"id":4276,"name":"AES Lemmer","slug":"aes-lemmer","quantity":""}],"_links":{"self":[{"href":"https:\/\/ab-marineservice.com\/de\/wp-json\/wp\/v2\/product\/145472","targetHints":{"allow":["GET"]}}],"collection":[{"href":"https:\/\/ab-marineservice.com\/de\/wp-json\/wp\/v2\/product"}],"about":[{"href":"https:\/\/ab-marineservice.com\/de\/wp-json\/wp\/v2\/types\/product"}],"replies":[{"embeddable":true,"href":"https:\/\/ab-marineservice.com\/de\/wp-json\/wp\/v2\/comments?post=145472"}],"wp:featuredmedia":[{"embeddable":true,"href":"https:\/\/ab-marineservice.com\/de\/wp-json\/wp\/v2\/media\/259421"}],"wp:attachment":[{"href":"https:\/\/ab-marineservice.com\/de\/wp-json\/wp\/v2\/media?parent=145472"}],"wp:term":[{"taxonomy":"location","embeddable":true,"href":"https:\/\/ab-marineservice.com\/de\/wp-json\/wp\/v2\/location?post=145472"},{"taxonomy":"product_brand","embeddable":true,"href":"https:\/\/ab-marineservice.com\/de\/wp-json\/wp\/v2\/product_brand?post=145472"},{"taxonomy":"product_cat","embeddable":true,"href":"https:\/\/ab-marineservice.com\/de\/wp-json\/wp\/v2\/product_cat?post=145472"},{"taxonomy":"product_tag","embeddable":true,"href":"https:\/\/ab-marineservice.com\/de\/wp-json\/wp\/v2\/product_tag?post=145472"}],"curies":[{"name":"wp","href":"https:\/\/api.w.org\/{rel}","templated":true}]}}