{"id":145474,"date":"2023-05-04T09:32:01","date_gmt":"2023-05-04T07:54:53","guid":{"rendered":"https:\/\/ab-marineservice.com\/product\/batteryprotect-12-24v-100a\/"},"modified":"2024-08-07T13:26:27","modified_gmt":"2024-08-07T11:26:27","slug":"batteryprotect-12-24v-100a","status":"publish","type":"product","link":"https:\/\/ab-marineservice.com\/de\/produkt\/batteryprotect-12-24v-100a\/","title":{"rendered":"BatteryProtect 12\/24V-100A"},"content":{"rendered":"","protected":false},"excerpt":{"rendered":"<p>BPR000100400 Victron<\/p>\n<p>Die BatteryProtect- Funktion trennt die Batterie von den weniger wichtigen Verbrauchern, bevor sie vollst\u00e4ndig entladen ist (wodurch sie besch\u00e4digt w\u00fcrde) bzw. bevor sie nicht mehr \u00fcber ausreichend Energie zum Starten des Motors verf\u00fcgt.<\/p>\n<p>Der BatteryProtect ist ein unidirektionales Ger\u00e4t. Es erlaubt nur Strom in einer Richtung, also entweder Strom zu einem Verbraucher oder mit Strom von einem Ladeger\u00e4t, aber nicht beide Str\u00f6me gleichzeitig. Au\u00dferdem kann der Strom nur vom Batterie-Anschluss zum Verbraucher-Anschluss flie\u00dfen. Bei Verwendung mit einem Verbraucher ist die Batterie an den Batterie-Anschluss anzuschlie\u00dfen, bei Verwendung mit einem Ladeger\u00e4t ist das Ladeger\u00e4t an den Batterie-Anschluss anzuschlie\u00dfen.<\/p>\n<p>Datenblatter:\u00a0<a href=\"https:\/\/ab-marineservice.com\/wp-content\/uploads\/2023\/08\/Datasheet-Battery-Protect-65-A-100-A-220-A-DE.pdf\">Datasheet-Battery-Protect-65-A\u2013100-A\u2013220-A-DE<\/a><br \/>\nGehauseabmessungen: <a href=\"https:\/\/ab-marineservice.com\/wp-content\/uploads\/2023\/05\/BatteryProtect_12V-24V-100A.pdf\">BatteryProtect_12V-24V-100A<\/a><br \/>\nHandbuch:\u00a0<a href=\"https:\/\/ab-marineservice.com\/wp-content\/uploads\/2023\/08\/114439-Smart_BatteryProtect-pdf-de.pdf\">114439-Smart_BatteryProtect-pdf-de<\/a><br \/>\nFilme:<br \/>\n<a href=\"https:\/\/www.youtube.com\/watch?v=mg0kwJIo-5U\">How to program the BatteryProtect<\/a><br \/>\n<a href=\"https:\/\/www.youtube.com\/watch?v=mg0kwJIo-5U&amp;list=PLnKCJA0l3E6bCC56dVlVIQO1s3VxwZmbp&amp;index=1\">Introduction: BatteryProtect<\/a><\/p>\n","protected":false},"featured_media":280897,"comment_status":"open","ping_status":"closed","template":"","meta":[],"location":[4275,4276],"product_brand":[24218],"product_cat":[4282,4353,4455,4447],"product_tag":[],"class_list":{"0":"post-145474","1":"product","2":"type-product","3":"status-publish","4":"has-post-thumbnail","6":"location-aes-emmeloord","7":"location-aes-lemmer","8":"product_brand-victron-energy","9":"product_cat-victron-de","10":"product_cat-batterie","11":"product_cat-batteriebewachung","12":"product_cat-batteryprotect-de","13":"product_shipping_class-paket-0-10-kg","15":"first","16":"instock","17":"sale","18":"taxable","19":"shipping-taxable","20":"purchasable","21":"product-type-simple"},"group_of_quantity":0,"min_quantity":0,"max_quantity":"","exclude_order_quantity_value_rules":"no","exclude_category_quantity_rules":"no","combine_variations":"no","locations":[{"id":4275,"name":"AES Emmeloord","slug":"aes-emmeloord","quantity":""},{"id":4276,"name":"AES Lemmer","slug":"aes-lemmer","quantity":""}],"_links":{"self":[{"href":"https:\/\/ab-marineservice.com\/de\/wp-json\/wp\/v2\/product\/145474","targetHints":{"allow":["GET"]}}],"collection":[{"href":"https:\/\/ab-marineservice.com\/de\/wp-json\/wp\/v2\/product"}],"about":[{"href":"https:\/\/ab-marineservice.com\/de\/wp-json\/wp\/v2\/types\/product"}],"replies":[{"embeddable":true,"href":"https:\/\/ab-marineservice.com\/de\/wp-json\/wp\/v2\/comments?post=145474"}],"wp:featuredmedia":[{"embeddable":true,"href":"https:\/\/ab-marineservice.com\/de\/wp-json\/wp\/v2\/media\/280897"}],"wp:attachment":[{"href":"https:\/\/ab-marineservice.com\/de\/wp-json\/wp\/v2\/media?parent=145474"}],"wp:term":[{"taxonomy":"location","embeddable":true,"href":"https:\/\/ab-marineservice.com\/de\/wp-json\/wp\/v2\/location?post=145474"},{"taxonomy":"product_brand","embeddable":true,"href":"https:\/\/ab-marineservice.com\/de\/wp-json\/wp\/v2\/product_brand?post=145474"},{"taxonomy":"product_cat","embeddable":true,"href":"https:\/\/ab-marineservice.com\/de\/wp-json\/wp\/v2\/product_cat?post=145474"},{"taxonomy":"product_tag","embeddable":true,"href":"https:\/\/ab-marineservice.com\/de\/wp-json\/wp\/v2\/product_tag?post=145474"}],"curies":[{"name":"wp","href":"https:\/\/api.w.org\/{rel}","templated":true}]}}