{"id":145478,"date":"2023-05-04T09:32:01","date_gmt":"2023-05-04T07:54:53","guid":{"rendered":"https:\/\/ab-marineservice.com\/product\/smart-batteryprotect-12-24v-100a\/"},"modified":"2024-08-07T13:26:45","modified_gmt":"2024-08-07T11:26:45","slug":"smart-batteryprotect-12-24v-100a","status":"publish","type":"product","link":"https:\/\/ab-marineservice.com\/de\/produkt\/smart-batteryprotect-12-24v-100a\/","title":{"rendered":"Smart BatteryProtect 12\/24V-100A"},"content":{"rendered":"","protected":false},"excerpt":{"rendered":"<p>BPR110022000 Victron<\/p>\n<p>Der Smart BatteryProtect trennt die Batterie von den weniger wichtigen Verbrauchern, bevor sie vollst\u00e4ndig entladen ist (wodurch sie besch\u00e4digt w\u00fcrde) bzw. bevor sie nicht mehr \u00fcber ausreichend Energie zum Starten des Motors verf\u00fcgt.<\/p>\n<p>Durch die Verwendung von Bluetooth zur Programmierung des Smart BatteryProtect lassen sich s\u00e4mtliche erforderlichen Ein-\/Abschalt-Schwellwerte einstellen. Alternativ l\u00e4sst sich einer von neun voreingestellten Ein-\/Abschalt-Schwellwerten mithilfe des Programmierungs-Pins einstellen (siehe Handbuch).<\/p>\n<p>Sofern notwendig l\u00e4sst sich die Bluetooth-Funktion abstellen.<\/p>\n<p>Der Smart BatteryProtect ist ein unidirektionales Ger\u00e4t. Es erlaubt nur Strom in einer Richtung, also entweder Strom zu einem Verbraucher oder mit Strom von einem Ladeger\u00e4t, aber nicht beide Str\u00f6me gleichzeitig. Au\u00dferdem kann der Strom nur vom EIN-Anschluss zum AUS-Anschluss flie\u00dfen. Bei Verwendung mit einem Verbraucher ist die Batterie an den EIN-Anschluss anzuschlie\u00dfen, bei Verwendung mit einem Ladeger\u00e4t ist das Ladeger\u00e4t an den EIN-Anschluss anzuschlie\u00dfen.<\/p>\n<p>Datenblatter:\u00a0<a href=\"https:\/\/ab-marineservice.com\/wp-content\/uploads\/2023\/08\/Datasheet-Smart-Battery-Protect-65-A-100-A-220-A-DE.pdf\">Datasheet-Smart-Battery-Protect-65-A\u2013100-A\u2013220-A-DE<\/a><br \/>\nGehauseabmessungen: <a href=\"https:\/\/ab-marineservice.com\/wp-content\/uploads\/2023\/05\/Smart-BatteryProtect_12V-24V-100A-1.pdf\">Smart-BatteryProtect_12V-24V-100A<\/a><br \/>\nHandbuch:\u00a0<a href=\"https:\/\/ab-marineservice.com\/wp-content\/uploads\/2023\/08\/114439-Smart_BatteryProtect-pdf-de-2.pdf\">114439-Smart_BatteryProtect-pdf-de<\/a><br \/>\nFilme:<br \/>\n<a href=\"https:\/\/www.youtube.com\/watch?v=mg0kwJIo-5U\">How to program the BatteryProtect<\/a><br \/>\n<a href=\"https:\/\/www.youtube.com\/watch?v=mg0kwJIo-5U&amp;list=PLnKCJA0l3E6bCC56dVlVIQO1s3VxwZmbp&amp;index=1\">Introduction: BatteryProtect<\/a><\/p>\n","protected":false},"featured_media":281667,"comment_status":"open","ping_status":"closed","template":"","meta":[],"location":[4275,4276],"product_brand":[],"product_cat":[4282,4353,4455,4448],"product_tag":[],"class_list":{"0":"post-145478","1":"product","2":"type-product","3":"status-publish","4":"has-post-thumbnail","6":"location-aes-emmeloord","7":"location-aes-lemmer","8":"product_cat-victron-de","9":"product_cat-batterie","10":"product_cat-batteriebewachung","11":"product_cat-smart-batteryprotect-de","12":"product_shipping_class-paket-0-10-kg","14":"first","15":"instock","16":"sale","17":"taxable","18":"shipping-taxable","19":"purchasable","20":"product-type-simple"},"group_of_quantity":0,"min_quantity":0,"max_quantity":"","exclude_order_quantity_value_rules":"no","exclude_category_quantity_rules":"no","combine_variations":"no","locations":[{"id":4275,"name":"AES Emmeloord","slug":"aes-emmeloord","quantity":""},{"id":4276,"name":"AES Lemmer","slug":"aes-lemmer","quantity":""}],"_links":{"self":[{"href":"https:\/\/ab-marineservice.com\/de\/wp-json\/wp\/v2\/product\/145478","targetHints":{"allow":["GET"]}}],"collection":[{"href":"https:\/\/ab-marineservice.com\/de\/wp-json\/wp\/v2\/product"}],"about":[{"href":"https:\/\/ab-marineservice.com\/de\/wp-json\/wp\/v2\/types\/product"}],"replies":[{"embeddable":true,"href":"https:\/\/ab-marineservice.com\/de\/wp-json\/wp\/v2\/comments?post=145478"}],"wp:featuredmedia":[{"embeddable":true,"href":"https:\/\/ab-marineservice.com\/de\/wp-json\/wp\/v2\/media\/281667"}],"wp:attachment":[{"href":"https:\/\/ab-marineservice.com\/de\/wp-json\/wp\/v2\/media?parent=145478"}],"wp:term":[{"taxonomy":"location","embeddable":true,"href":"https:\/\/ab-marineservice.com\/de\/wp-json\/wp\/v2\/location?post=145478"},{"taxonomy":"product_brand","embeddable":true,"href":"https:\/\/ab-marineservice.com\/de\/wp-json\/wp\/v2\/product_brand?post=145478"},{"taxonomy":"product_cat","embeddable":true,"href":"https:\/\/ab-marineservice.com\/de\/wp-json\/wp\/v2\/product_cat?post=145478"},{"taxonomy":"product_tag","embeddable":true,"href":"https:\/\/ab-marineservice.com\/de\/wp-json\/wp\/v2\/product_tag?post=145478"}],"curies":[{"name":"wp","href":"https:\/\/api.w.org\/{rel}","templated":true}]}}