{"id":145490,"date":"2023-05-04T09:32:16","date_gmt":"2023-05-04T07:55:19","guid":{"rendered":"https:\/\/ab-marineservice.com\/product\/centaur-ladegeraet-24-403-120-240v\/"},"modified":"2024-10-25T19:49:48","modified_gmt":"2024-10-25T17:49:48","slug":"centaur-ladegeraet-24-403-120-240v","status":"publish","type":"product","link":"https:\/\/ab-marineservice.com\/de\/produkt\/centaur-ladegeraet-24-403-120-240v\/","title":{"rendered":"Centaur-Ladeger\u00e4t 24\/40(3) 120-240V"},"content":{"rendered":"","protected":false},"excerpt":{"rendered":"<p>CCH024040000 Victron<\/p>\n<p>Die Centaur-Batterieladeger\u00e4te-Reihe verf\u00fcgt \u00fcber einen sich automatisch anpassenden Eingang, der den Bereich zwischen 90-265 VAC 50\/60 Hz abdeckt. Das bedeutet, dass diese Ladeger\u00e4te \u00fcberall in der Welt eingesetzt werden k\u00f6nnen.<\/p>\n<p>Anders als viele andere Ger\u00e4te, die \u00fcber eine universelle Aufnahmeleistung verf\u00fcgen, beh\u00e4lt die Centaur-Reihe die volle Ausgangsleistung innerhalb des angegebenen Bereiches bei. Unter anderem verf\u00fcgt das Modell \u00fcber eine vollautomatische Dreistufen-Ladekennlinie, die sicherstellt, dass die Batterien jedes Mal voll aufgeladen werden, sowie \u00fcber drei getrennte Ladeausg\u00e4nge f\u00fcr Ausstattungen mit mehreren Batterien, um f\u00fcr die meisten der typischen Installationen geeignet zu sein.<\/p>\n<p>Datenblatter:\u00a0<a href=\"https:\/\/ab-marineservice.com\/wp-content\/uploads\/2023\/08\/Datasheet-Centaur-Charger-DE.pdf\">Datasheet-Centaur-Charger-DE<\/a><br \/>\nManual:\u00a0<a href=\"https:\/\/ab-marineservice.com\/wp-content\/uploads\/2023\/05\/Manual-Centaur-charger-EN-NL-FR-DE-IT.pdf\">Manual-Centaur-charger-EN-NL-FR-DE-IT<\/a><br \/>\nAbmessungen: <a href=\"https:\/\/www.victronenergy.nl\/upload\/documents\/Centaur-Charger-1280-12100-2460.pdf\" rel=\"noopener\" target=\"_blank\">Centaur Charger 12\/80 &#038; 12\/100 &#038; 24\/60<\/a><\/p>\n","protected":false},"featured_media":285157,"comment_status":"open","ping_status":"closed","template":"","meta":[],"location":[4275,4276],"product_brand":[],"product_cat":[1208,4282,4366,4369,4563],"product_tag":[],"class_list":{"0":"post-145490","1":"product","2":"type-product","3":"status-publish","4":"has-post-thumbnail","6":"location-aes-emmeloord","7":"location-aes-lemmer","8":"product_cat-elektrische-bauteile","9":"product_cat-victron-de","10":"product_cat-laden-umwandlen","11":"product_cat-batterie-ladegerate","12":"product_cat-centaur-batterielader","13":"product_shipping_class-paket-0-10-kg","15":"first","16":"onbackorder","17":"sale","18":"taxable","19":"shipping-taxable","20":"purchasable","21":"product-type-simple"},"group_of_quantity":0,"min_quantity":0,"max_quantity":"","exclude_order_quantity_value_rules":"no","exclude_category_quantity_rules":"no","combine_variations":"no","locations":[{"id":4275,"name":"AES Emmeloord","slug":"aes-emmeloord","quantity":""},{"id":4276,"name":"AES Lemmer","slug":"aes-lemmer","quantity":""}],"_links":{"self":[{"href":"https:\/\/ab-marineservice.com\/de\/wp-json\/wp\/v2\/product\/145490","targetHints":{"allow":["GET"]}}],"collection":[{"href":"https:\/\/ab-marineservice.com\/de\/wp-json\/wp\/v2\/product"}],"about":[{"href":"https:\/\/ab-marineservice.com\/de\/wp-json\/wp\/v2\/types\/product"}],"replies":[{"embeddable":true,"href":"https:\/\/ab-marineservice.com\/de\/wp-json\/wp\/v2\/comments?post=145490"}],"wp:featuredmedia":[{"embeddable":true,"href":"https:\/\/ab-marineservice.com\/de\/wp-json\/wp\/v2\/media\/285157"}],"wp:attachment":[{"href":"https:\/\/ab-marineservice.com\/de\/wp-json\/wp\/v2\/media?parent=145490"}],"wp:term":[{"taxonomy":"location","embeddable":true,"href":"https:\/\/ab-marineservice.com\/de\/wp-json\/wp\/v2\/location?post=145490"},{"taxonomy":"product_brand","embeddable":true,"href":"https:\/\/ab-marineservice.com\/de\/wp-json\/wp\/v2\/product_brand?post=145490"},{"taxonomy":"product_cat","embeddable":true,"href":"https:\/\/ab-marineservice.com\/de\/wp-json\/wp\/v2\/product_cat?post=145490"},{"taxonomy":"product_tag","embeddable":true,"href":"https:\/\/ab-marineservice.com\/de\/wp-json\/wp\/v2\/product_tag?post=145490"}],"curies":[{"name":"wp","href":"https:\/\/api.w.org\/{rel}","templated":true}]}}