{"id":145548,"date":"2023-05-04T09:33:03","date_gmt":"2023-05-04T07:56:20","guid":{"rendered":"https:\/\/ab-marineservice.com\/product\/multiplus-compact-24-1600-40-16-230v-ve-bus\/"},"modified":"2024-12-13T15:07:57","modified_gmt":"2024-12-13T14:07:57","slug":"multiplus-compact-24v-1600va-40a-16a-230v-ve-bus","status":"publish","type":"product","link":"https:\/\/ab-marineservice.com\/de\/produkt\/multiplus-compact-24v-1600va-40a-16a-230v-ve-bus\/","title":{"rendered":"MultiPlus Compact 24V\/1600VA\/40A-16A 230V VE.Bus"},"content":{"rendered":"","protected":false},"excerpt":{"rendered":"<p>CMP241620000 Victron<\/p>\n<p>Wie der Name schon verr\u00e4t ist der MultiPlus eine Kombination aus Wechselrichter und Ladeger\u00e4t. Diese elegante L\u00f6sung bietet zahlreiche Funktionen wie die eines echten Sinus-Wechselrichters, eine adaptive Lade-Funktion, eine Hybrid PowerAssist-Technologie sowie mehrere M\u00f6glichkeiten zur Systemintegration.<\/p>\n<p>Datenblatt: <a href=\"https:\/\/www.victronenergy.de\/upload\/documents\/Datasheet-MultiPlus-inverter-charger--800VA-5kVA-DE.pdf\" rel=\"noopener\" target=\"_blank\">MultiPlus Inverter\/Charger 800VA &#8211; 5kVA 230V<\/a><br \/>\nHandbuch: <a href=\"https:\/\/www.victronenergy.de\/upload\/documents\/Manual-MultiPlus-Compact-800-1200-1600-EN-NL-FR-DE-ES.pdf\" rel=\"noopener\" target=\"_blank\">MultiPlus Compact 12\/24V 800VA, 1200VA, 1600VA 230V<\/a><br \/>\nGeh\u00e4useabmessungen: <a href=\"https:\/\/www.victronenergy.de\/upload\/documents\/MultiPlus-Compact-12V-24V-1200VA-1600VA.pdf\" rel=\"noopener\" target=\"_blank\">MultiPlus Compact 12V \/ 24V 1200VA 1600VA<\/a><br \/>\nVideos: <a href=\"https:\/\/youtu.be\/AEPmjkyg7UY?list=PLnKCJA0l3E6balmPIyOD3wmiqgVE9DeVG\" rel=\"noopener\" target=\"_blank\">Wussten Sie schon, dass Sie eine MultiPlus-Firmware mit einem Android-Telefon aktualisieren k\u00f6nnen?<\/a><br \/>\n<a href=\"https:\/\/www.youtube.com\/watch?v=mEN15Z_S4kE&#038;feature=youtu.be\" rel=\"noopener\" target=\"_blank\">So richten Sie den BMV Battery Monitor f\u00fcr Blei- und Lithiumbatterien ein<\/a><br \/>\n<a href=\"https:\/\/www.youtube.com\/watch?v=V1Zceq02vMA\" rel=\"noopener\" target=\"_blank\">VEConfigure Basic<\/a><\/p>\n","protected":false},"featured_media":148863,"comment_status":"open","ping_status":"closed","template":"","meta":[],"location":[4275,4276],"product_brand":[],"product_cat":[4282,4607,7711],"product_tag":[],"class_list":{"0":"post-145548","1":"product","2":"type-product","3":"status-publish","4":"has-post-thumbnail","6":"location-aes-emmeloord","7":"location-aes-lemmer","8":"product_cat-victron-de","9":"product_cat-umwandler-batterieladegerate","10":"product_cat-multiplus-de","11":"product_shipping_class-paket-0-10-kg","13":"first","14":"outofstock","15":"sale","16":"taxable","17":"shipping-taxable","18":"purchasable","19":"product-type-simple"},"group_of_quantity":0,"min_quantity":0,"max_quantity":"","exclude_order_quantity_value_rules":"no","exclude_category_quantity_rules":"no","combine_variations":"no","locations":[{"id":4275,"name":"AES Emmeloord","slug":"aes-emmeloord","quantity":""},{"id":4276,"name":"AES Lemmer","slug":"aes-lemmer","quantity":""}],"_links":{"self":[{"href":"https:\/\/ab-marineservice.com\/de\/wp-json\/wp\/v2\/product\/145548","targetHints":{"allow":["GET"]}}],"collection":[{"href":"https:\/\/ab-marineservice.com\/de\/wp-json\/wp\/v2\/product"}],"about":[{"href":"https:\/\/ab-marineservice.com\/de\/wp-json\/wp\/v2\/types\/product"}],"replies":[{"embeddable":true,"href":"https:\/\/ab-marineservice.com\/de\/wp-json\/wp\/v2\/comments?post=145548"}],"wp:featuredmedia":[{"embeddable":true,"href":"https:\/\/ab-marineservice.com\/de\/wp-json\/wp\/v2\/media\/148863"}],"wp:attachment":[{"href":"https:\/\/ab-marineservice.com\/de\/wp-json\/wp\/v2\/media?parent=145548"}],"wp:term":[{"taxonomy":"location","embeddable":true,"href":"https:\/\/ab-marineservice.com\/de\/wp-json\/wp\/v2\/location?post=145548"},{"taxonomy":"product_brand","embeddable":true,"href":"https:\/\/ab-marineservice.com\/de\/wp-json\/wp\/v2\/product_brand?post=145548"},{"taxonomy":"product_cat","embeddable":true,"href":"https:\/\/ab-marineservice.com\/de\/wp-json\/wp\/v2\/product_cat?post=145548"},{"taxonomy":"product_tag","embeddable":true,"href":"https:\/\/ab-marineservice.com\/de\/wp-json\/wp\/v2\/product_tag?post=145548"}],"curies":[{"name":"wp","href":"https:\/\/api.w.org\/{rel}","templated":true}]}}