{"id":145554,"date":"2023-05-04T09:33:03","date_gmt":"2023-05-04T07:56:31","guid":{"rendered":"https:\/\/ab-marineservice.com\/product\/wechselstromsensor-einphasig-max-40a\/"},"modified":"2024-08-07T11:59:47","modified_gmt":"2024-08-07T09:59:47","slug":"wechselstromsensor-einphasig-max-40a","status":"publish","type":"product","link":"https:\/\/ab-marineservice.com\/de\/produkt\/wechselstromsensor-einphasig-max-40a\/","title":{"rendered":"Wechselstromsensor &#8211; einphasig &#8211; max. 40A"},"content":{"rendered":"","protected":false},"excerpt":{"rendered":"<p>CSE000100000 Victron<\/p>\n<p>Der AC-Stromsensor ist ein einfacher externer Stromsensor, mit dem der Wechselstrom und die Leistung (VA) gemessen sowie die Energie eines PV-Wechselrichters, der an den AC-Eingang oder Ausgang eines Multis oder Quattros angeschlossen ist, berechnet wird. Diese Werte k\u00f6nnen dann \u00fcber das Color Control angezeigt und an die VRM-Website gesendet werden. Die beiden Messdr\u00e4hte lassen sich an den AUX und\/oder Temperatursensor-Eingang eines Multis oder eines Quattros anschlie\u00dfen.<\/p>\n<p>Handbuch: <a href=\"https:\/\/www.victronenergy.com\/live\/ac_current_sensor:start?_ga=2.249825094.1767781652.1711382177-1618030747.1711382177\">AC Current sensor<\/a><\/p>\n","protected":false},"featured_media":148881,"comment_status":"open","ping_status":"closed","template":"","meta":[],"location":[4275,4276],"product_brand":[],"product_cat":[4282,7714],"product_tag":[],"class_list":{"0":"post-145554","1":"product","2":"type-product","3":"status-publish","4":"has-post-thumbnail","6":"location-aes-emmeloord","7":"location-aes-lemmer","8":"product_cat-victron-de","9":"product_cat-messgeraete-und-sensoren","10":"product_shipping_class-paket-0-10-kg","12":"first","13":"onbackorder","14":"sale","15":"taxable","16":"shipping-taxable","17":"purchasable","18":"product-type-simple"},"group_of_quantity":0,"min_quantity":0,"max_quantity":"","exclude_order_quantity_value_rules":"no","exclude_category_quantity_rules":"no","combine_variations":"no","locations":[{"id":4275,"name":"AES Emmeloord","slug":"aes-emmeloord","quantity":""},{"id":4276,"name":"AES Lemmer","slug":"aes-lemmer","quantity":""}],"_links":{"self":[{"href":"https:\/\/ab-marineservice.com\/de\/wp-json\/wp\/v2\/product\/145554","targetHints":{"allow":["GET"]}}],"collection":[{"href":"https:\/\/ab-marineservice.com\/de\/wp-json\/wp\/v2\/product"}],"about":[{"href":"https:\/\/ab-marineservice.com\/de\/wp-json\/wp\/v2\/types\/product"}],"replies":[{"embeddable":true,"href":"https:\/\/ab-marineservice.com\/de\/wp-json\/wp\/v2\/comments?post=145554"}],"wp:featuredmedia":[{"embeddable":true,"href":"https:\/\/ab-marineservice.com\/de\/wp-json\/wp\/v2\/media\/148881"}],"wp:attachment":[{"href":"https:\/\/ab-marineservice.com\/de\/wp-json\/wp\/v2\/media?parent=145554"}],"wp:term":[{"taxonomy":"location","embeddable":true,"href":"https:\/\/ab-marineservice.com\/de\/wp-json\/wp\/v2\/location?post=145554"},{"taxonomy":"product_brand","embeddable":true,"href":"https:\/\/ab-marineservice.com\/de\/wp-json\/wp\/v2\/product_brand?post=145554"},{"taxonomy":"product_cat","embeddable":true,"href":"https:\/\/ab-marineservice.com\/de\/wp-json\/wp\/v2\/product_cat?post=145554"},{"taxonomy":"product_tag","embeddable":true,"href":"https:\/\/ab-marineservice.com\/de\/wp-json\/wp\/v2\/product_tag?post=145554"}],"curies":[{"name":"wp","href":"https:\/\/api.w.org\/{rel}","templated":true}]}}