{"id":145579,"date":"2023-05-04T09:33:19","date_gmt":"2023-05-04T07:56:55","guid":{"rendered":"https:\/\/ab-marineservice.com\/product\/ev-ladestation\/"},"modified":"2025-10-18T09:33:05","modified_gmt":"2025-10-18T07:33:05","slug":"ev-ladestation","status":"publish","type":"product","link":"https:\/\/ab-marineservice.com\/de\/produkt\/ev-ladestation\/","title":{"rendered":"EV-Ladestation"},"content":{"rendered":"","protected":false},"excerpt":{"rendered":"<p>EVC300400300 Victron<\/p>\n<p>Die EV Charging Station kann sowohl dreiphasig als auch einphasig betrieben werden. Sie liefert maximal 22 kW Wechselstrom im dreiphasigen Betrieb und 7,3 kW im einphasigen Betrieb.<\/p>\n<p>Sie verf\u00fcgt \u00fcber einen integrierten LCD-Touchscreen zur \u00dcberwachung und Steuerung. Die Ersteinrichtung, Konfiguration und \u00dcberwachung erfolgt von VictronConnect aus \u00fcber Bluetooth und\/oder die integrierte Webschnittstelle \u00fcber einen WiFi-Zugangspunkt oder ein WiFi-LAN.<\/p>\n<p>Die EV Charging Station kann vollst\u00e4ndig in ein GX-Ger\u00e4t und ein VRM von Victron Energy integriert und \u00fcber dieses ferngesteuert werden.<\/p>\n<p>Diese EV Charging Station ist nicht nur vollst\u00e4ndig mit einem GX-Ger\u00e4t und ein VRM von Victron Energy integriert, sondern kann auch so eingestellt werden, dass \u00fcbersch\u00fcssige Solarenergie direkt zum Laden Ihres Fahrzeugs genutzt werden kann. Manuelle und zeitgesteuerte Modi bieten noch mehr Flexibilit\u00e4t, um auf die Bed\u00fcrfnisse des Elektrofahrzeugs je nach System zu reagieren.<\/p>\n<p>Es verf\u00fcgt \u00fcber einen vollst\u00e4ndig programmierbaren RGB-Leuchtring um den Ladeanschluss, der je nach Stromstatus (getrennt, geladen, geladen usw.) unterschiedliche Lichteffekte anzeigt, um den Ger\u00e4testatus schnell zu bestimmen.<\/p>\n<p>Datenblatt: <a href=\"https:\/\/www.victronenergy.de\/upload\/documents\/Datasheet-EV-Charging-Station-DE.pdf\" target=\"_blank\" rel=\"noopener\">EV Charging Statio<\/a><br \/>\nHandbuch: <a href=\"https:\/\/www.victronenergy.com\/upload\/documents\/EV_Charging_Station\/114524-EV_Charging_Station-pdf-de.pdf?_ga=2.67067118.1950855791.1713182341-1618030747.1711382177\" target=\"_blank\" rel=\"noopener\">EV Charging Station <\/a><br \/>\nGeh\u00e4useabmessungen: <a href=\"https:\/\/www.victronenergy.de\/upload\/documents\/EV-Charging-station.pdf\" target=\"_blank\" rel=\"noopener\">EV Charging Station<\/a><br \/>\nVideo: <a href=\"https:\/\/www.youtube.com\/watch?v=H7rQLGDTOM8\" target=\"_blank\" rel=\"noopener\">Ladestation f\u00fcr Elektrofahrzeuge Victron Energy \u2013 Technischer Leitfaden<\/a><\/p>\n","protected":false},"featured_media":309236,"comment_status":"open","ping_status":"closed","template":"","meta":[],"location":[4275,4276],"product_brand":[],"product_cat":[4282,4606],"product_tag":[],"class_list":{"0":"post-145579","1":"product","2":"type-product","3":"status-publish","4":"has-post-thumbnail","6":"location-aes-emmeloord","7":"location-aes-lemmer","8":"product_cat-victron-de","9":"product_cat-ev-charging-de","10":"product_shipping_class-paket-0-10-kg","12":"first","13":"onbackorder","14":"sale","15":"taxable","16":"shipping-taxable","17":"purchasable","18":"product-type-simple"},"group_of_quantity":0,"min_quantity":0,"max_quantity":"","exclude_order_quantity_value_rules":"no","exclude_category_quantity_rules":"no","combine_variations":"no","locations":[{"id":4275,"name":"AES Emmeloord","slug":"aes-emmeloord","quantity":""},{"id":4276,"name":"AES Lemmer","slug":"aes-lemmer","quantity":""}],"_links":{"self":[{"href":"https:\/\/ab-marineservice.com\/de\/wp-json\/wp\/v2\/product\/145579","targetHints":{"allow":["GET"]}}],"collection":[{"href":"https:\/\/ab-marineservice.com\/de\/wp-json\/wp\/v2\/product"}],"about":[{"href":"https:\/\/ab-marineservice.com\/de\/wp-json\/wp\/v2\/types\/product"}],"replies":[{"embeddable":true,"href":"https:\/\/ab-marineservice.com\/de\/wp-json\/wp\/v2\/comments?post=145579"}],"wp:featuredmedia":[{"embeddable":true,"href":"https:\/\/ab-marineservice.com\/de\/wp-json\/wp\/v2\/media\/309236"}],"wp:attachment":[{"href":"https:\/\/ab-marineservice.com\/de\/wp-json\/wp\/v2\/media?parent=145579"}],"wp:term":[{"taxonomy":"location","embeddable":true,"href":"https:\/\/ab-marineservice.com\/de\/wp-json\/wp\/v2\/location?post=145579"},{"taxonomy":"product_brand","embeddable":true,"href":"https:\/\/ab-marineservice.com\/de\/wp-json\/wp\/v2\/product_brand?post=145579"},{"taxonomy":"product_cat","embeddable":true,"href":"https:\/\/ab-marineservice.com\/de\/wp-json\/wp\/v2\/product_cat?post=145579"},{"taxonomy":"product_tag","embeddable":true,"href":"https:\/\/ab-marineservice.com\/de\/wp-json\/wp\/v2\/product_tag?post=145579"}],"curies":[{"name":"wp","href":"https:\/\/api.w.org\/{rel}","templated":true}]}}