{"id":145585,"date":"2023-05-04T09:33:35","date_gmt":"2023-05-04T07:57:07","guid":{"rendered":"https:\/\/ab-marineservice.com\/product\/gxgsm-850-1900\/"},"modified":"2024-08-07T11:58:10","modified_gmt":"2024-08-07T09:58:10","slug":"gxgsm-850-1900","status":"publish","type":"product","link":"https:\/\/ab-marineservice.com\/de\/produkt\/gxgsm-850-1900\/","title":{"rendered":"GXGSM 850\/1900"},"content":{"rendered":"","protected":false},"excerpt":{"rendered":"<p>GSM100200100 Victron<\/p>\n<p>Das GX-GSM ist ein Modem &#038; GPS-Zubeh\u00f6r f\u00fcr unsere GX-\u00dcberwachungsprodukte. Das GX-GSM ist ein zellulares Modem, das ein mobiles Internet f\u00fcr das System und eine Verbindung zum VRM-Portal bereitstellt. Es funktioniert in 2G- und 3G-Netzen.<\/p>\n<p>Es enth\u00e4lt einen eingebauten GPS-Empf\u00e4nger. Wenn die optionale GPS-Antenne installiert ist, kann das System \u00fcber das VRM-Portal sowohl geortet als auch geografisch eingegrenzt werden. <\/p>\n<p>Beachten Sie, dass viele Telekommunikationsbetreiber dabei sind, ihre 3G-Netze abzuschalten. Denken Sie dabei auch an das Ersatzprodukt, den GX LTE 4G. <\/p>\n<p>Handbuch: <a href=\"https:\/\/www.victronenergy.com\/upload\/documents\/GX_GSM\/120905-GX_GSM_manual-pdf-de.pdf?_ga=2.71078992.1950855791.1713182341-1618030747.1711382177\" rel=\"noopener\" target=\"_blank\">GX GSM <\/a><br \/>\nGeh\u00e4useabmessungen: <a href=\"https:\/\/www.victronenergy.de\/upload\/documents\/GX-GSM.PDF\" rel=\"noopener\" target=\"_blank\">GX GSM <\/a><br \/>\nVideos: <a href=\"https:\/\/youtu.be\/645QrB7bmvY\" rel=\"noopener\" target=\"_blank\">Ein Victron GX-Ger\u00e4t online verbinden und ein GX GSM einrichten<\/a><br \/>\n<a href=\"https:\/\/youtu.be\/8pR9utgkjSI?list=PLnKCJA0l3E6balmPIyOD3wmiqgVE9DeVG\" rel=\"noopener\" target=\"_blank\">Wussten Sie schon \u2013 \u00c4ndern des Logos auf einem GX-Ger\u00e4t<\/a><\/p>\n","protected":false},"featured_media":309976,"comment_status":"open","ping_status":"closed","template":"","meta":[],"location":[],"product_brand":[],"product_cat":[4282,4383,7865],"product_tag":[],"class_list":{"0":"post-145585","1":"product","2":"type-product","3":"status-publish","4":"has-post-thumbnail","6":"product_cat-victron-de","7":"product_cat-sonstige","8":"product_cat-kommunikationszentren","9":"product_shipping_class-paket-0-10-kg","11":"first","12":"outofstock","13":"sale","14":"taxable","15":"shipping-taxable","16":"purchasable","17":"product-type-simple"},"group_of_quantity":0,"min_quantity":0,"max_quantity":"","exclude_order_quantity_value_rules":"no","exclude_category_quantity_rules":"no","combine_variations":"no","locations":[],"_links":{"self":[{"href":"https:\/\/ab-marineservice.com\/de\/wp-json\/wp\/v2\/product\/145585","targetHints":{"allow":["GET"]}}],"collection":[{"href":"https:\/\/ab-marineservice.com\/de\/wp-json\/wp\/v2\/product"}],"about":[{"href":"https:\/\/ab-marineservice.com\/de\/wp-json\/wp\/v2\/types\/product"}],"replies":[{"embeddable":true,"href":"https:\/\/ab-marineservice.com\/de\/wp-json\/wp\/v2\/comments?post=145585"}],"wp:featuredmedia":[{"embeddable":true,"href":"https:\/\/ab-marineservice.com\/de\/wp-json\/wp\/v2\/media\/309976"}],"wp:attachment":[{"href":"https:\/\/ab-marineservice.com\/de\/wp-json\/wp\/v2\/media?parent=145585"}],"wp:term":[{"taxonomy":"location","embeddable":true,"href":"https:\/\/ab-marineservice.com\/de\/wp-json\/wp\/v2\/location?post=145585"},{"taxonomy":"product_brand","embeddable":true,"href":"https:\/\/ab-marineservice.com\/de\/wp-json\/wp\/v2\/product_brand?post=145585"},{"taxonomy":"product_cat","embeddable":true,"href":"https:\/\/ab-marineservice.com\/de\/wp-json\/wp\/v2\/product_cat?post=145585"},{"taxonomy":"product_tag","embeddable":true,"href":"https:\/\/ab-marineservice.com\/de\/wp-json\/wp\/v2\/product_tag?post=145585"}],"curies":[{"name":"wp","href":"https:\/\/api.w.org\/{rel}","templated":true}]}}