{"id":145586,"date":"2023-05-04T09:33:35","date_gmt":"2023-05-04T07:57:07","guid":{"rendered":"https:\/\/ab-marineservice.com\/product\/gx-lte-4g-a\/"},"modified":"2024-08-07T11:58:13","modified_gmt":"2024-08-07T09:58:13","slug":"gx-lte-4g-a","status":"publish","type":"product","link":"https:\/\/ab-marineservice.com\/de\/produkt\/gx-lte-4g-a\/","title":{"rendered":"GX LTE 4G-A"},"content":{"rendered":"","protected":false},"excerpt":{"rendered":"<p>GSM100200400 Victron<\/p>\n<p>The GX LTE 4G is a cellular modem for our GX range of monitoring products. Es stellt eine mobile Internetverbindung f\u00fcr das System her und erm\u00f6glicht die Verbindung mit dem VRM-Portal. Es funktioniert in 2G-, 3G- und 4G-Mobilfunknetzen.<br \/>\nEs gibt unterschiedliche Modelle. Welche Modelle am besten zu den verf\u00fcgbaren Mobilfunknetzen in Ihrer Region passen, entnehmen Sie bitte dem Handbuch.<br \/>\nDas GX LTE verf\u00fcgt \u00fcber einen integrierten GPS-Empf\u00e4nger. Wenn die optionale GPS-Antenne installiert ist, kann das System \u00fcber das VRM-Portal sowohl geortet als auch mit Geofencing betrieben werden. <\/p>\n<p>Handbuch: <a href=\"https:\/\/www.victronenergy.com\/upload\/documents\/GX_LTE_4G\/120844-GX_LTE_4G_manual-pdf-de.pdf?_ga=2.181866087.1522548209.1718550022-587487195.1711028154\" rel=\"noopener\" target=\"_blank\">GX LTE 4G (PDF)<\/a><br \/>\nGeh\u00e4useabmessungen: <a href=\"https:\/\/www.victronenergy.de\/upload\/documents\/DimensionDrawing_GX-LTE.pdf\" rel=\"noopener\" target=\"_blank\">GX LTE 4G<\/a><br \/>\nFilm: <a href=\"https:\/\/www.youtube.com\/watch?v=8pR9utgkjSI&#038;list=PLnKCJA0l3E6balmPIyOD3wmiqgVE9DeVG\" rel=\"noopener\" target=\"_blank\"> Wussten Sie schon \u2013 \u00c4ndern des Logos auf einem GX-Ger\u00e4t<\/a><\/p>\n","protected":false},"featured_media":319743,"comment_status":"open","ping_status":"closed","template":"","meta":[],"location":[4275,4276],"product_brand":[],"product_cat":[4282,4383,7865],"product_tag":[],"class_list":{"0":"post-145586","1":"product","2":"type-product","3":"status-publish","4":"has-post-thumbnail","6":"location-aes-emmeloord","7":"location-aes-lemmer","8":"product_cat-victron-de","9":"product_cat-sonstige","10":"product_cat-kommunikationszentren","11":"product_shipping_class-paket-0-10-kg","13":"first","14":"onbackorder","15":"sale","16":"taxable","17":"shipping-taxable","18":"purchasable","19":"product-type-simple"},"group_of_quantity":0,"min_quantity":0,"max_quantity":"","exclude_order_quantity_value_rules":"no","exclude_category_quantity_rules":"no","combine_variations":"no","locations":[{"id":4275,"name":"AES Emmeloord","slug":"aes-emmeloord","quantity":""},{"id":4276,"name":"AES Lemmer","slug":"aes-lemmer","quantity":""}],"_links":{"self":[{"href":"https:\/\/ab-marineservice.com\/de\/wp-json\/wp\/v2\/product\/145586","targetHints":{"allow":["GET"]}}],"collection":[{"href":"https:\/\/ab-marineservice.com\/de\/wp-json\/wp\/v2\/product"}],"about":[{"href":"https:\/\/ab-marineservice.com\/de\/wp-json\/wp\/v2\/types\/product"}],"replies":[{"embeddable":true,"href":"https:\/\/ab-marineservice.com\/de\/wp-json\/wp\/v2\/comments?post=145586"}],"wp:featuredmedia":[{"embeddable":true,"href":"https:\/\/ab-marineservice.com\/de\/wp-json\/wp\/v2\/media\/319743"}],"wp:attachment":[{"href":"https:\/\/ab-marineservice.com\/de\/wp-json\/wp\/v2\/media?parent=145586"}],"wp:term":[{"taxonomy":"location","embeddable":true,"href":"https:\/\/ab-marineservice.com\/de\/wp-json\/wp\/v2\/location?post=145586"},{"taxonomy":"product_brand","embeddable":true,"href":"https:\/\/ab-marineservice.com\/de\/wp-json\/wp\/v2\/product_brand?post=145586"},{"taxonomy":"product_cat","embeddable":true,"href":"https:\/\/ab-marineservice.com\/de\/wp-json\/wp\/v2\/product_cat?post=145586"},{"taxonomy":"product_tag","embeddable":true,"href":"https:\/\/ab-marineservice.com\/de\/wp-json\/wp\/v2\/product_tag?post=145586"}],"curies":[{"name":"wp","href":"https:\/\/api.w.org\/{rel}","templated":true}]}}