{"id":145592,"date":"2023-05-04T09:33:35","date_gmt":"2023-05-04T07:57:19","guid":{"rendered":"https:\/\/ab-marineservice.com\/product\/spartransformator-120-240v-100a\/"},"modified":"2024-10-28T14:51:28","modified_gmt":"2024-10-28T13:51:28","slug":"spartransformator-120-240v-100a","status":"publish","type":"product","link":"https:\/\/ab-marineservice.com\/de\/produkt\/spartransformator-120-240v-100a\/","title":{"rendered":"Spartransformator 120\/240V-100A"},"content":{"rendered":"","protected":false},"excerpt":{"rendered":"<p>ITR000100101 Victron<\/p>\n<p>Zur Boost-, Cut- und Phasensplit-Kompensation<\/p>\n<p>Ein Spartransformator kann zur Aufw\u00e4rts-, Abw\u00e4rts- und Phasenteilungskompensation der Ausgangsspannung verwendet werden. Die Erh\u00f6hungs- und Verringerungsfunktionen sind ziemlich einfach, aber die Phasenteilungskompensation der Ausgangsspannung erfordert m\u00f6glicherweise etwas mehr Aufmerksamkeit.<\/p>\n<p>Datenblatt: <a href=\"https:\/\/www.victronenergy.nl\/upload\/documents\/Datasheet-Autotransformer-32A-and-100A-NL.pdf\">Spartransformatoren<\/a><br \/>\nHandbuch: <a href=\"https:\/\/www.victronenergy.com\/upload\/documents\/Autotransformer\/37571-Autotransformer-pdf-nl.pdf?_ga=2.238692677.494104734.1712324141-1618030747.1711382177\">Spartransformatoren<\/a><br \/ ><br \/>\nAbmessungen: <a href=\"https:\/\/www.victronenergy.nl\/upload\/documents\/DimensionDrawing-Autotransformer-120-240VAC-32A-100A.PDF\" rel=\"noopener\" target=\"_blank\">Spartransformator 120-240VAC -32A-100A<\/a><\/p>\n","protected":false},"featured_media":308030,"comment_status":"open","ping_status":"closed","template":"","meta":[],"location":[4275,4276],"product_brand":[],"product_cat":[4282,4366,7735],"product_tag":[],"class_list":{"0":"post-145592","1":"product","2":"type-product","3":"status-publish","4":"has-post-thumbnail","6":"location-aes-emmeloord","7":"location-aes-lemmer","8":"product_cat-victron-de","9":"product_cat-laden-umwandlen","10":"product_cat-trenntransformatoren-de","11":"product_shipping_class-paket-0-10-kg","13":"first","14":"onbackorder","15":"sale","16":"taxable","17":"shipping-taxable","18":"purchasable","19":"product-type-simple"},"group_of_quantity":0,"min_quantity":0,"max_quantity":"","exclude_order_quantity_value_rules":"no","exclude_category_quantity_rules":"no","combine_variations":"no","locations":[{"id":4275,"name":"AES Emmeloord","slug":"aes-emmeloord","quantity":""},{"id":4276,"name":"AES Lemmer","slug":"aes-lemmer","quantity":""}],"_links":{"self":[{"href":"https:\/\/ab-marineservice.com\/de\/wp-json\/wp\/v2\/product\/145592","targetHints":{"allow":["GET"]}}],"collection":[{"href":"https:\/\/ab-marineservice.com\/de\/wp-json\/wp\/v2\/product"}],"about":[{"href":"https:\/\/ab-marineservice.com\/de\/wp-json\/wp\/v2\/types\/product"}],"replies":[{"embeddable":true,"href":"https:\/\/ab-marineservice.com\/de\/wp-json\/wp\/v2\/comments?post=145592"}],"wp:featuredmedia":[{"embeddable":true,"href":"https:\/\/ab-marineservice.com\/de\/wp-json\/wp\/v2\/media\/308030"}],"wp:attachment":[{"href":"https:\/\/ab-marineservice.com\/de\/wp-json\/wp\/v2\/media?parent=145592"}],"wp:term":[{"taxonomy":"location","embeddable":true,"href":"https:\/\/ab-marineservice.com\/de\/wp-json\/wp\/v2\/location?post=145592"},{"taxonomy":"product_brand","embeddable":true,"href":"https:\/\/ab-marineservice.com\/de\/wp-json\/wp\/v2\/product_brand?post=145592"},{"taxonomy":"product_cat","embeddable":true,"href":"https:\/\/ab-marineservice.com\/de\/wp-json\/wp\/v2\/product_cat?post=145592"},{"taxonomy":"product_tag","embeddable":true,"href":"https:\/\/ab-marineservice.com\/de\/wp-json\/wp\/v2\/product_tag?post=145592"}],"curies":[{"name":"wp","href":"https:\/\/api.w.org\/{rel}","templated":true}]}}