{"id":145596,"date":"2023-05-04T09:33:35","date_gmt":"2023-05-04T07:57:19","guid":{"rendered":"https:\/\/ab-marineservice.com\/product\/scheidings-transformator-3600w-auto-115-230v\/"},"modified":"2024-08-07T11:57:50","modified_gmt":"2024-08-07T09:57:50","slug":"scheidings-transformator-3600w-auto-115-230v","status":"publish","type":"product","link":"https:\/\/ab-marineservice.com\/de\/produkt\/scheidings-transformator-3600w-auto-115-230v\/","title":{"rendered":"Scheidings Transformator 3600W Auto 115\/230V"},"content":{"rendered":"","protected":false},"excerpt":{"rendered":"<p>ITR050362041 Victron<\/p>\n<p>Unentbehrlich in professionellen maritimen Energiesystemen Sie verhindern elektrolytische Korrosion und dienen vor allem als Ger\u00e4te zum Gew\u00e4hrleisten eines sicheren elektrischen Systems. Toroidal gewickelte Technologie f\u00fcr ger\u00e4uscharmen Betrieb mit hohem Wirkungsgrad. Eine Sanftanlauf-Schaltung stellt sicher, dass der Landschutzschalter beim Anschlie\u00dfen nicht ausgel\u00f6st wird.<\/p>\n<p>Galvanischer Trenner<br \/>\nEine kosteng\u00fcnstige L\u00f6sung zur Vermeidung von galvanischer Korrosion, die auf Booten mit elektrischer Stromversorgung auftreten kann.<\/p>\n<p>Datenblatt: <a href=\"https:\/\/www.victronenergy.de\/upload\/documents\/Datasheet-Isolation-Transformers-DE.pdf\" rel=\"noopener\" target=\"_blank\">Isolation Transformers<\/a><br \/>\nHandbuch: <a href=\"https:\/\/www.victronenergy.com\/upload\/documents\/Isolation_Transformer_3600W_Auto\/108939-Isolation_transformers-pdf-de.pdf?_ga=2.67419089.1950855791.1713182341-1618030747.1711382177\" rel=\"noopener\" target=\"_blank\">Isolation Transformer 3600W Auto (PDF)<\/a><br \/>\nGeh\u00e4useabmessungen: https:\/\/www.victronenergy.de\/upload\/documents\/Isolation-Transformer-3600W.pdf<\/p>\n","protected":false},"featured_media":309368,"comment_status":"open","ping_status":"closed","template":"","meta":[],"location":[4275,4276],"product_brand":[],"product_cat":[4282,4366,7863],"product_tag":[],"class_list":{"0":"post-145596","1":"product","2":"type-product","3":"status-publish","4":"has-post-thumbnail","6":"location-aes-emmeloord","7":"location-aes-lemmer","8":"product_cat-victron-de","9":"product_cat-laden-umwandlen","10":"product_cat-trenntransformatoren-de-2","11":"product_shipping_class-paket-0-10-kg","13":"first","14":"onbackorder","15":"sale","16":"taxable","17":"shipping-taxable","18":"purchasable","19":"product-type-simple"},"group_of_quantity":0,"min_quantity":0,"max_quantity":"","exclude_order_quantity_value_rules":"no","exclude_category_quantity_rules":"no","combine_variations":"no","locations":[{"id":4275,"name":"AES Emmeloord","slug":"aes-emmeloord","quantity":""},{"id":4276,"name":"AES Lemmer","slug":"aes-lemmer","quantity":""}],"_links":{"self":[{"href":"https:\/\/ab-marineservice.com\/de\/wp-json\/wp\/v2\/product\/145596","targetHints":{"allow":["GET"]}}],"collection":[{"href":"https:\/\/ab-marineservice.com\/de\/wp-json\/wp\/v2\/product"}],"about":[{"href":"https:\/\/ab-marineservice.com\/de\/wp-json\/wp\/v2\/types\/product"}],"replies":[{"embeddable":true,"href":"https:\/\/ab-marineservice.com\/de\/wp-json\/wp\/v2\/comments?post=145596"}],"wp:featuredmedia":[{"embeddable":true,"href":"https:\/\/ab-marineservice.com\/de\/wp-json\/wp\/v2\/media\/309368"}],"wp:attachment":[{"href":"https:\/\/ab-marineservice.com\/de\/wp-json\/wp\/v2\/media?parent=145596"}],"wp:term":[{"taxonomy":"location","embeddable":true,"href":"https:\/\/ab-marineservice.com\/de\/wp-json\/wp\/v2\/location?post=145596"},{"taxonomy":"product_brand","embeddable":true,"href":"https:\/\/ab-marineservice.com\/de\/wp-json\/wp\/v2\/product_brand?post=145596"},{"taxonomy":"product_cat","embeddable":true,"href":"https:\/\/ab-marineservice.com\/de\/wp-json\/wp\/v2\/product_cat?post=145596"},{"taxonomy":"product_tag","embeddable":true,"href":"https:\/\/ab-marineservice.com\/de\/wp-json\/wp\/v2\/product_tag?post=145596"}],"curies":[{"name":"wp","href":"https:\/\/api.w.org\/{rel}","templated":true}]}}