{"id":145600,"date":"2023-05-04T09:33:50","date_gmt":"2023-05-04T07:57:32","guid":{"rendered":"https:\/\/ab-marineservice.com\/product\/lynx-verteiler-m8\/"},"modified":"2024-10-31T16:29:33","modified_gmt":"2024-10-31T15:29:33","slug":"lynx-verteiler-m8","status":"publish","type":"product","link":"https:\/\/ab-marineservice.com\/de\/produkt\/lynx-verteiler-m8\/","title":{"rendered":"Lynx-Verteiler (M8)"},"content":{"rendered":"","protected":false},"excerpt":{"rendered":"<p>LYN060102000 Victron<\/p>\n<p>Eine modulare Gleichstromsammelschiene mit Steckpl\u00e4tzen f\u00fcr vier Gleichstromsicherungen. Sie \u00fcberwacht den Zustand jeder Sicherung und zeigt ihn mit einer LED auf der Vorderseite an. Der Lynx Distributor ist Teil des modularen Lynx-Verteilersystems, das als M8- und M10-Modell erh\u00e4ltlich ist.<\/p>\n<p>Handbuch: <a href=\"https:\/\/www.victronenergy.com\/upload\/documents\/Lynx_Distributor\/24531-Lynx_Distributor_Manual-pdf-de.pdf?_ga=2.100634718.1950855791.1713182341-1618030747.1711382177\" rel=\"noopener\" target=\"_blank\">Lynx Distributor <\/a><br \/>\nGeh\u00e4useabmessungen: <a href=\"https:\/\/www.victronenergy.de\/upload\/documents\/Lynx-Distributor.pdf\" rel=\"noopener\" target=\"_blank\">Lynx Distributor (M8)<\/a><\/p>\n","protected":false},"featured_media":148983,"comment_status":"open","ping_status":"closed","template":"","meta":[],"location":[4275,4276],"product_brand":[],"product_cat":[4282,4612,7744,4383],"product_tag":[],"class_list":{"0":"post-145600","1":"product","2":"type-product","3":"status-publish","4":"has-post-thumbnail","6":"location-aes-emmeloord","7":"location-aes-lemmer","8":"product_cat-victron-de","9":"product_cat-dc-verteilungssysteme-sicherungen","10":"product_cat-lynx-de","11":"product_cat-sonstige","12":"product_shipping_class-paket-0-10-kg","14":"first","15":"onbackorder","16":"sale","17":"taxable","18":"shipping-taxable","19":"purchasable","20":"product-type-simple"},"group_of_quantity":0,"min_quantity":0,"max_quantity":"","exclude_order_quantity_value_rules":"no","exclude_category_quantity_rules":"no","combine_variations":"no","locations":[{"id":4275,"name":"AES Emmeloord","slug":"aes-emmeloord","quantity":""},{"id":4276,"name":"AES Lemmer","slug":"aes-lemmer","quantity":""}],"_links":{"self":[{"href":"https:\/\/ab-marineservice.com\/de\/wp-json\/wp\/v2\/product\/145600","targetHints":{"allow":["GET"]}}],"collection":[{"href":"https:\/\/ab-marineservice.com\/de\/wp-json\/wp\/v2\/product"}],"about":[{"href":"https:\/\/ab-marineservice.com\/de\/wp-json\/wp\/v2\/types\/product"}],"replies":[{"embeddable":true,"href":"https:\/\/ab-marineservice.com\/de\/wp-json\/wp\/v2\/comments?post=145600"}],"wp:featuredmedia":[{"embeddable":true,"href":"https:\/\/ab-marineservice.com\/de\/wp-json\/wp\/v2\/media\/148983"}],"wp:attachment":[{"href":"https:\/\/ab-marineservice.com\/de\/wp-json\/wp\/v2\/media?parent=145600"}],"wp:term":[{"taxonomy":"location","embeddable":true,"href":"https:\/\/ab-marineservice.com\/de\/wp-json\/wp\/v2\/location?post=145600"},{"taxonomy":"product_brand","embeddable":true,"href":"https:\/\/ab-marineservice.com\/de\/wp-json\/wp\/v2\/product_brand?post=145600"},{"taxonomy":"product_cat","embeddable":true,"href":"https:\/\/ab-marineservice.com\/de\/wp-json\/wp\/v2\/product_cat?post=145600"},{"taxonomy":"product_tag","embeddable":true,"href":"https:\/\/ab-marineservice.com\/de\/wp-json\/wp\/v2\/product_tag?post=145600"}],"curies":[{"name":"wp","href":"https:\/\/api.w.org\/{rel}","templated":true}]}}