{"id":145613,"date":"2023-05-04T09:33:50","date_gmt":"2023-05-04T07:57:44","guid":{"rendered":"https:\/\/ab-marineservice.com\/product\/orion-ip67-12-24-50a-1200w\/"},"modified":"2025-03-12T09:53:20","modified_gmt":"2025-03-12T08:53:20","slug":"orion-ip67-12-24-50a-1200w","status":"publish","type":"product","link":"https:\/\/ab-marineservice.com\/de\/produkt\/orion-ip67-12-24-50a-1200w\/","title":{"rendered":"Orion IP67 12\/24-50A (1200W)"},"content":{"rendered":"","protected":false},"excerpt":{"rendered":"<p>ORI122421226 Victron<\/p>\n<p>ACHTUNG! Dies ist die Standardversion OHNE Bluetooth<br \/>\nWird es im Titel des Produkts beschrieben: Smart<br \/>\nDann ist dies die Version mit Bluetooth<br \/>\nVollst\u00e4ndig ummantelt: wasserdicht, sto\u00dfgesch\u00fctzt und feuerhemmend. Wasser, \u00d6l oder Schmutz k\u00f6nnen den Orion IP67 DC-DC-Konverter nicht besch\u00e4digen. Das Geh\u00e4use besteht aus Aluminiumguss und die Elektronik ist mit Harz \u00fcberzogen.<\/p>\n<p>Datenblatt: <a href=\"https:\/\/www.victronenergy.de\/upload\/documents\/Datasheet-Orion-IP67-24-12-and-12-24-DC-DC-converters-non-isolated-DE.pdf\" rel=\"noopener\" target=\"_blank\">Orion IP67 24\/12 and 12\/24 DC-DC Converters Non-Isolated<\/a><br \/>\nGeh\u00e4useabmessungen: <a href=\"https:\/\/www.victronenergy.de\/upload\/documents\/Orion-IP67-1224-50A-(1200W).pdf\" rel=\"noopener\" target=\"_blank\">Orion IP67 12\/24-50A (1200W)<\/a><br \/>\nHandbuch: <a href=\"https:\/\/www.victronenergy.de\/upload\/documents\/Manual-Orion-DC-DC-converters-not-isolated-IP67-2412&#038;1224-1200W-EN-NL-FR-DE-IT-PT-ES.pdf\" rel=\"noopener\" target=\"_blank\">Orion DC-DC converters not isolated IP67 24\/12 &#038; 12\/24 1200W<\/a><\/p>\n","protected":false},"featured_media":319995,"comment_status":"open","ping_status":"closed","template":"","meta":[],"location":[4275,4276],"product_brand":[],"product_cat":[4282,7733,7794],"product_tag":[],"class_list":{"0":"post-145613","1":"product","2":"type-product","3":"status-publish","4":"has-post-thumbnail","6":"location-aes-emmeloord","7":"location-aes-lemmer","8":"product_cat-victron-de","9":"product_cat-dc-dc-wandler","10":"product_cat-orion-ip67-24-12-und-12-24-dc-dc-konverter","11":"product_shipping_class-paket-0-10-kg","13":"first","14":"onbackorder","15":"sale","16":"taxable","17":"shipping-taxable","18":"purchasable","19":"product-type-simple"},"group_of_quantity":0,"min_quantity":0,"max_quantity":"","exclude_order_quantity_value_rules":"no","exclude_category_quantity_rules":"no","combine_variations":"no","locations":[{"id":4275,"name":"AES Emmeloord","slug":"aes-emmeloord","quantity":""},{"id":4276,"name":"AES Lemmer","slug":"aes-lemmer","quantity":""}],"_links":{"self":[{"href":"https:\/\/ab-marineservice.com\/de\/wp-json\/wp\/v2\/product\/145613","targetHints":{"allow":["GET"]}}],"collection":[{"href":"https:\/\/ab-marineservice.com\/de\/wp-json\/wp\/v2\/product"}],"about":[{"href":"https:\/\/ab-marineservice.com\/de\/wp-json\/wp\/v2\/types\/product"}],"replies":[{"embeddable":true,"href":"https:\/\/ab-marineservice.com\/de\/wp-json\/wp\/v2\/comments?post=145613"}],"wp:featuredmedia":[{"embeddable":true,"href":"https:\/\/ab-marineservice.com\/de\/wp-json\/wp\/v2\/media\/319995"}],"wp:attachment":[{"href":"https:\/\/ab-marineservice.com\/de\/wp-json\/wp\/v2\/media?parent=145613"}],"wp:term":[{"taxonomy":"location","embeddable":true,"href":"https:\/\/ab-marineservice.com\/de\/wp-json\/wp\/v2\/location?post=145613"},{"taxonomy":"product_brand","embeddable":true,"href":"https:\/\/ab-marineservice.com\/de\/wp-json\/wp\/v2\/product_brand?post=145613"},{"taxonomy":"product_cat","embeddable":true,"href":"https:\/\/ab-marineservice.com\/de\/wp-json\/wp\/v2\/product_cat?post=145613"},{"taxonomy":"product_tag","embeddable":true,"href":"https:\/\/ab-marineservice.com\/de\/wp-json\/wp\/v2\/product_tag?post=145613"}],"curies":[{"name":"wp","href":"https:\/\/api.w.org\/{rel}","templated":true}]}}