{"id":145670,"date":"2023-05-04T09:34:38","date_gmt":"2023-05-04T07:58:55","guid":{"rendered":"https:\/\/ab-marineservice.com\/product\/phoenix-wechselrichter-12-375-230v-ve-direct-schuko\/"},"modified":"2025-03-12T15:22:17","modified_gmt":"2025-03-12T14:22:17","slug":"phoenix-wechselrichter-12-375-230v-ve-direct-schuko","status":"publish","type":"product","link":"https:\/\/ab-marineservice.com\/de\/produkt\/phoenix-wechselrichter-12-375-230v-ve-direct-schuko\/","title":{"rendered":"Phoenix Wechselrichter 12\/375 230V VE.Direct SCHUKO"},"content":{"rendered":"","protected":false},"excerpt":{"rendered":"<p>PIN121371200 Victron<br \/>\nDer Victron Phoenix 12\/375 230V VE.Direct SCHUKO-Wechselrichter ist ein reiner Sinus-Wechselrichter mit hohem Wirkungsgrad in einem einzigen kompakten Geh\u00e4use. Die neuen Phoenix-Modelle sind aufgrund des l\u00e4nglichen Stahl-\/Kunststoffgeh\u00e4uses (Schutzart IP 21) gut zu erkennen. Mit einem Wechselrichter k\u00f6nnen Ger\u00e4te, die 230V oder 120V Wechselstrom ben\u00f6tigen, aus einer Batterie mit 12V, 24V oder 48V Gleichstrom betrieben werden.<\/p>\n<p>Datenblatt: <a href=\"https:\/\/www.victronenergy.nl\/upload\/documents\/Datasheet-Inverter-VE.Direct-250VA-1200VA-NL.pdf\" rel=\"noopener\" target=\"_blank\">Wechselrichter VE.Direct 250VA &#8211; 1200VA<\/a><br \/>\nAbmessungen: <a href=\"https:\/\/www.victronenergy.nl\/upload\/documents\/Inverter-VE.Direct-12V-24V-48V-250VA-375VA.pdf\" rel=\"noopener\" target=\"_blank\"> Wechselrichter VE.Direct 12V\/24V\/48V 250VA 375VA<\/a><br \/>\nHandbuch: <a href=\"https:\/\/www.victronenergy.nl\/upload\/documents\/Manual-Inverter-VE.Direct-250VA-1200VA-EN-NL-FR-DE-ES-IT-.pdf\" rel=\"noopener\" target=\"_blank\">Wechselrichter VE.Direct 250VA &#8211; 1200VA<\/a><\/p>\n","protected":false},"featured_media":331503,"comment_status":"open","ping_status":"closed","template":"","meta":[],"location":[4275,4276],"product_brand":[],"product_cat":[4282,7836],"product_tag":[],"class_list":{"0":"post-145670","1":"product","2":"type-product","3":"status-publish","4":"has-post-thumbnail","6":"location-aes-emmeloord","7":"location-aes-lemmer","8":"product_cat-victron-de","9":"product_cat-wechselrichter-ve-direct","10":"product_shipping_class-paket-0-10-kg","12":"first","13":"instock","14":"sale","15":"taxable","16":"shipping-taxable","17":"purchasable","18":"product-type-simple"},"group_of_quantity":0,"min_quantity":0,"max_quantity":"","exclude_order_quantity_value_rules":"no","exclude_category_quantity_rules":"no","combine_variations":"no","locations":[{"id":4275,"name":"AES Emmeloord","slug":"aes-emmeloord","quantity":""},{"id":4276,"name":"AES Lemmer","slug":"aes-lemmer","quantity":""}],"_links":{"self":[{"href":"https:\/\/ab-marineservice.com\/de\/wp-json\/wp\/v2\/product\/145670","targetHints":{"allow":["GET"]}}],"collection":[{"href":"https:\/\/ab-marineservice.com\/de\/wp-json\/wp\/v2\/product"}],"about":[{"href":"https:\/\/ab-marineservice.com\/de\/wp-json\/wp\/v2\/types\/product"}],"replies":[{"embeddable":true,"href":"https:\/\/ab-marineservice.com\/de\/wp-json\/wp\/v2\/comments?post=145670"}],"wp:featuredmedia":[{"embeddable":true,"href":"https:\/\/ab-marineservice.com\/de\/wp-json\/wp\/v2\/media\/331503"}],"wp:attachment":[{"href":"https:\/\/ab-marineservice.com\/de\/wp-json\/wp\/v2\/media?parent=145670"}],"wp:term":[{"taxonomy":"location","embeddable":true,"href":"https:\/\/ab-marineservice.com\/de\/wp-json\/wp\/v2\/location?post=145670"},{"taxonomy":"product_brand","embeddable":true,"href":"https:\/\/ab-marineservice.com\/de\/wp-json\/wp\/v2\/product_brand?post=145670"},{"taxonomy":"product_cat","embeddable":true,"href":"https:\/\/ab-marineservice.com\/de\/wp-json\/wp\/v2\/product_cat?post=145670"},{"taxonomy":"product_tag","embeddable":true,"href":"https:\/\/ab-marineservice.com\/de\/wp-json\/wp\/v2\/product_tag?post=145670"}],"curies":[{"name":"wp","href":"https:\/\/api.w.org\/{rel}","templated":true}]}}