{"id":145683,"date":"2023-05-04T09:34:54","date_gmt":"2023-05-04T07:59:07","guid":{"rendered":"https:\/\/ab-marineservice.com\/product\/phoenix-wechselrichter-12-800-230v-ve-direct-schuko\/"},"modified":"2025-03-12T14:23:21","modified_gmt":"2025-03-12T13:23:21","slug":"phoenix-wechselrichter-12-800-230v-ve-direct-schuko","status":"publish","type":"product","link":"https:\/\/ab-marineservice.com\/de\/produkt\/phoenix-wechselrichter-12-800-230v-ve-direct-schuko\/","title":{"rendered":"Phoenix Wechselrichter 12\/800 230V VE.Direct SCHUKO"},"content":{"rendered":"","protected":false},"excerpt":{"rendered":"<p>PIN242160000 Victron<br \/>\nDer Victron Phoenix Wechselrichter Smart hat einen reinen Sinus-Ausgang, hohe Spitzenleistung und hohen Wirkungsgrad.Dank Hybridtechnik gehen au\u00dfergew\u00f6hnliche Spezifikationen und M\u00f6glichkeiten mit geringem Gewicht und kleinen Abmessungen einher.Die Smart Phoenix Wechselrichter verf\u00fcgen \u00fcber ein integriertes Bluetooth: komplett konfigurierbar mit Tablet oder Smartphone.<br \/>\nDauerleistung : 1600 VA \/ 1300 Watt. Ausgangsspannung : 230 Volt. Eingangsspannung : 24 Volt.<\/p>\n<p>Datenblatt: <a href=\"https:\/\/www.victronenergy.nl\/upload\/documents\/Datasheet-Inverter-VE.Direct-250VA-1200VA-NL.pdf\" target=\"_blank\" rel=\"noopener\">Wechselrichter VE .Direkt 250VA &#8211; 1200VA<\/a><br \/>\nHandbuch: <a href=\"https:\/\/www.victronenergy.nl\/upload\/documents\/Manual-Inverter-VE.Direct-250VA-1200VA-EN-NL-FR-DE-ES-IT-.pdf\" target=\"_blank\" rel=\"noopener\">Wechselrichter VE.Direct 250VA &#8211; 1200VA<\/a><br \/>\nAbmessungen: <a href=\"https:\/\/www.victronenergy.nl\/upload\/documents\/Inverter-VE.Direct-12V-800VA.pdf\" target=\"_blank\" rel=\"noopener\">Wechselrichter VE.Direct 12V 800VA <\/a><br \/>\nVideo: <a href=\"https:\/\/youtu.be\/v0s0x0hf66I?list=PLnKCJA0l3E6balmPIyOD3wmiqgVE9DeVG\" target=\"_blank\" rel=\"noopener\">Wussten Sie, dass der Stromverbrauch eines Wechselrichters im Standby-Modus reduziert werden kann<\/ a><\/p>\n","protected":false},"featured_media":147779,"comment_status":"open","ping_status":"closed","template":"","meta":[],"location":[4275,4276],"product_brand":[],"product_cat":[4282,7836,4608],"product_tag":[],"class_list":{"0":"post-145683","1":"product","2":"type-product","3":"status-publish","4":"has-post-thumbnail","6":"location-aes-emmeloord","7":"location-aes-lemmer","8":"product_cat-victron-de","9":"product_cat-wechselrichter-ve-direct","10":"product_cat-umwandler","11":"product_shipping_class-paket-0-10-kg","13":"first","14":"instock","15":"sale","16":"taxable","17":"shipping-taxable","18":"purchasable","19":"product-type-simple"},"group_of_quantity":0,"min_quantity":0,"max_quantity":"","exclude_order_quantity_value_rules":"no","exclude_category_quantity_rules":"no","combine_variations":"no","locations":[{"id":4275,"name":"AES Emmeloord","slug":"aes-emmeloord","quantity":""},{"id":4276,"name":"AES Lemmer","slug":"aes-lemmer","quantity":""}],"_links":{"self":[{"href":"https:\/\/ab-marineservice.com\/de\/wp-json\/wp\/v2\/product\/145683","targetHints":{"allow":["GET"]}}],"collection":[{"href":"https:\/\/ab-marineservice.com\/de\/wp-json\/wp\/v2\/product"}],"about":[{"href":"https:\/\/ab-marineservice.com\/de\/wp-json\/wp\/v2\/types\/product"}],"replies":[{"embeddable":true,"href":"https:\/\/ab-marineservice.com\/de\/wp-json\/wp\/v2\/comments?post=145683"}],"wp:featuredmedia":[{"embeddable":true,"href":"https:\/\/ab-marineservice.com\/de\/wp-json\/wp\/v2\/media\/147779"}],"wp:attachment":[{"href":"https:\/\/ab-marineservice.com\/de\/wp-json\/wp\/v2\/media?parent=145683"}],"wp:term":[{"taxonomy":"location","embeddable":true,"href":"https:\/\/ab-marineservice.com\/de\/wp-json\/wp\/v2\/location?post=145683"},{"taxonomy":"product_brand","embeddable":true,"href":"https:\/\/ab-marineservice.com\/de\/wp-json\/wp\/v2\/product_brand?post=145683"},{"taxonomy":"product_cat","embeddable":true,"href":"https:\/\/ab-marineservice.com\/de\/wp-json\/wp\/v2\/product_cat?post=145683"},{"taxonomy":"product_tag","embeddable":true,"href":"https:\/\/ab-marineservice.com\/de\/wp-json\/wp\/v2\/product_tag?post=145683"}],"curies":[{"name":"wp","href":"https:\/\/api.w.org\/{rel}","templated":true}]}}