{"id":145697,"date":"2023-05-04T09:34:54","date_gmt":"2023-05-04T07:59:18","guid":{"rendered":"https:\/\/ab-marineservice.com\/product\/phoenix-wechselrichter-12-1600-230v-smart\/"},"modified":"2025-03-12T09:40:35","modified_gmt":"2025-03-12T08:40:35","slug":"phoenix-wechselrichter-12-1600-230v-smart","status":"publish","type":"product","link":"https:\/\/ab-marineservice.com\/de\/produkt\/phoenix-wechselrichter-12-1600-230v-smart\/","title":{"rendered":"Phoenix Wechselrichter 12\/1600 230V Smart"},"content":{"rendered":"","protected":false},"excerpt":{"rendered":"<p>PIN122161000 Victron<\/p>\n<p>Es handelt sich bei diesem Modell um einen effizienten und zuverl\u00e4ssigen Wechselrichter. Er reiht sich in unsere Palette der bew\u00e4hrten und getesteten Phoenix Wechselrichter ein und ist jetzt in einem schlankeren Design und einem Geh\u00e4use aus Ganzmetall erh\u00e4ltlich. Es gibt 1600 VA, 2000 VA, 3000 VA und 5000 VA Modelle f\u00fcr 12, 24 oder 48 V Systeme.<br \/>\nSeine Leistung reicht aus, um die meisten Ger\u00e4te mit Stecker in Ihrem Fahrzeug, Boot, Wohnmobil oder Zuhause zu versorgen. Ein Ringtransformator bietet die M\u00f6glichkeit zur Versorgung auch bei hohen Leistungsspitzen, eine stabile Spannung, Frequenz und eine qualitativ-hochwertige Sinus-Welle.<\/p>\n<p>Die Installation gestaltet sich noch einfacher denn je: Die Anschl\u00fcsse sind f\u00fcr den Installateur noch einfacher zug\u00e4nglich, wodurch man ein noch professionelleres Ergebnis erh\u00e4lt.<\/p>\n<p>Durch die eingebaute Bluetooth Funktion ist das Einrichten Ihres Hochleistungs-Wechselrichters noch einfacher als zuvor. Alarme, Alarm-Relais\u2018, Spannungsabschaltwerte, die Ausgangsspannung, Frequenz, Eco-Modus, etc. &#8211; das alles l\u00e4sst sich \u00fcber die VictronConnect-App einstellen.<\/p>\n<p>Datenblatt: <a href=\"https:\/\/www.victronenergy.de\/upload\/documents\/Datasheet-Inverter-Smart-1600VA-5000VA-DE.pdf\" rel=\"noopener\" target=\"_blank\">Inverter Smart 1600VA &#8211; 5000VA<\/a><br \/>\nHandbuch: <a href=\"https:\/\/www.victronenergy.com\/upload\/documents\/Inverter_Smart\/106668-Inverter_PH_Smart__VE_Direct_and_SUN-pdf-de.pdf?_ga=2.129930060.1950855791.1713182341-1618030747.1711382177\" rel=\"noopener\" target=\"_blank\">Inverter Smart<\/a><br \/>\nGeh\u00e4useabmessungen: <a href=\"https:\/\/www.victronenergy.de\/upload\/documents\/Inverter-Smart-1600VA-&#038;-2000VA-onwards-SN-HQ24xx.pdf\" rel=\"noopener\" target=\"_blank\">Inverter Smart 1600VA &#038; 2000VA <\/a><br \/>\nVideo: <a href=\"https:\/\/youtu.be\/v0s0x0hf66I?list=PLnKCJA0l3E6balmPIyOD3wmiqgVE9DeVG\" rel=\"noopener\" target=\"_blank\">Wussten Sie schon: Reduzieren Sie den Stromverbrauch eines Wechselrichters im Standby-Modus<\/a><\/p>\n","protected":false},"featured_media":309713,"comment_status":"open","ping_status":"closed","template":"","meta":[],"location":[4275,4276],"product_brand":[],"product_cat":[4282,4366,7753,4608],"product_tag":[],"class_list":{"0":"post-145697","1":"product","2":"type-product","3":"status-publish","4":"has-post-thumbnail","6":"location-aes-emmeloord","7":"location-aes-lemmer","8":"product_cat-victron-de","9":"product_cat-laden-umwandlen","10":"product_cat-phoenix-inverter-smart-de","11":"product_cat-umwandler","12":"product_shipping_class-paket-0-10-kg","14":"first","15":"onbackorder","16":"sale","17":"taxable","18":"shipping-taxable","19":"purchasable","20":"product-type-simple"},"group_of_quantity":0,"min_quantity":0,"max_quantity":"","exclude_order_quantity_value_rules":"no","exclude_category_quantity_rules":"no","combine_variations":"no","locations":[{"id":4275,"name":"AES Emmeloord","slug":"aes-emmeloord","quantity":""},{"id":4276,"name":"AES Lemmer","slug":"aes-lemmer","quantity":""}],"_links":{"self":[{"href":"https:\/\/ab-marineservice.com\/de\/wp-json\/wp\/v2\/product\/145697","targetHints":{"allow":["GET"]}}],"collection":[{"href":"https:\/\/ab-marineservice.com\/de\/wp-json\/wp\/v2\/product"}],"about":[{"href":"https:\/\/ab-marineservice.com\/de\/wp-json\/wp\/v2\/types\/product"}],"replies":[{"embeddable":true,"href":"https:\/\/ab-marineservice.com\/de\/wp-json\/wp\/v2\/comments?post=145697"}],"wp:featuredmedia":[{"embeddable":true,"href":"https:\/\/ab-marineservice.com\/de\/wp-json\/wp\/v2\/media\/309713"}],"wp:attachment":[{"href":"https:\/\/ab-marineservice.com\/de\/wp-json\/wp\/v2\/media?parent=145697"}],"wp:term":[{"taxonomy":"location","embeddable":true,"href":"https:\/\/ab-marineservice.com\/de\/wp-json\/wp\/v2\/location?post=145697"},{"taxonomy":"product_brand","embeddable":true,"href":"https:\/\/ab-marineservice.com\/de\/wp-json\/wp\/v2\/product_brand?post=145697"},{"taxonomy":"product_cat","embeddable":true,"href":"https:\/\/ab-marineservice.com\/de\/wp-json\/wp\/v2\/product_cat?post=145697"},{"taxonomy":"product_tag","embeddable":true,"href":"https:\/\/ab-marineservice.com\/de\/wp-json\/wp\/v2\/product_tag?post=145697"}],"curies":[{"name":"wp","href":"https:\/\/api.w.org\/{rel}","templated":true}]}}