{"id":145704,"date":"2023-05-04T09:35:11","date_gmt":"2023-05-04T07:59:31","guid":{"rendered":"https:\/\/ab-marineservice.com\/product\/phoenix-wechselrichter-12-3000-230v-ve-bus\/"},"modified":"2025-03-12T10:52:58","modified_gmt":"2025-03-12T09:52:58","slug":"phoenix-wechselrichter-12-3000-230v-ve-bus","status":"publish","type":"product","link":"https:\/\/ab-marineservice.com\/de\/produkt\/phoenix-wechselrichter-12-3000-230v-ve-bus\/","title":{"rendered":"Phoenix Wechselrichter 12\/3000 230V VE.Bus"},"content":{"rendered":"","protected":false},"excerpt":{"rendered":"<p>PIN123020000 Victron<\/p>\n<p>Reiner Sinuswellenausgang, hohe Spitzenleistung und hoher Wirkungsgrad. Kombinierte Hochfrequenz- und Netzfrequenztechnologien bieten das Beste aus beiden Welten.<\/p>\n<p>SinusMax \u2013 \u00dcberlegene Technologie<br \/>\nDie Wechselrichterserie wurde f\u00fcr den professionellen Einsatz entwickelt und eignet sich f\u00fcr die unterschiedlichsten Anwendungen. Die Designkriterien bestanden darin, einen echten Sinus-Wechselrichter mit optimiertem Wirkungsgrad zu schaffen, aber ohne Kompromisse bei der Leistung. Durch den Einsatz der Hybrid-HF-Technologie entsteht ein Spitzenprodukt mit kompakten Abmessungen, geringem Gewicht und der F\u00e4higkeit, jede Last reibungslos mit Strom zu versorgen. <\/p>\n<p>M\u00f6glichkeit des Parallel- und 3-Phasen-Betriebs<br \/>\nBis zu 6 Wechselrichter k\u00f6nnen parallel betrieben werden, um eine h\u00f6here Leistung zu erzielen. Beispielsweise liefern sechs 24 V 5000 VA-Ger\u00e4te eine Ausgangsleistung von 24 kW \/ 30 kVA. Auch ein Betrieb in 3-Phasen-Konfiguration ist m\u00f6glich.<\/p>\n<p>Datenblatt: <a href=\"https:\/\/www.victronenergy.nl\/upload\/documents\/Datasheet-Inverter-1200VA-5000VA-NL.pdf\" rel=\"noopener\" target=\"_blank\">Wechselrichter 1200VA &#8211; 5000VA<\/a><br \/>\nHandbuch: <a href=\"https:\/\/www.victronenergy.nl\/upload\/documents\/Manual-Inverter-3k-5k-230V-VE-Bus-enabled-(firmware-xxxx4xx)-EN-NL-FR-DE -ES-SE-IT.pdf\" rel=\"noopener\" target=\"_blank\">Wechselrichter 3k 5k 230V<\/a><br \/>\nAbmessungen: <a href=\"https:\/\/www.victronenergy.nl\/upload\/documents\/MultiPlus-Quattro-Inverter-12V-24V-48V-3000VA.pdf\" rel=\"noopener\" target=\"_blank\">MultiPlus- Quattro-Wechselrichter 12V 24V 48V 3000VA<\/a><br \/>\nVideos: <a href=\"https:\/\/youtu.be\/v0s0x0hf66I?list=PLnKCJA0l3E6balmPIyOD3wmiqgVE9DeVG\" rel=\"noopener\" target=\"_blank\">Wussten Sie, dass der Stromverbrauch eines Wechselrichters im Standby-Modus reduziert werden kann<\/ a><br \/>\n<a href=\"https:\/\/www.youtube.com\/watch?v=V1Zceq02vMA\" rel=\"noopener\" target=\"_blank\">VEBasic konfigurieren<\/a><\/p>\n","protected":false},"featured_media":149145,"comment_status":"open","ping_status":"closed","template":"","meta":[],"location":[4275,4276],"product_brand":[],"product_cat":[4282,7832,4608],"product_tag":[],"class_list":{"0":"post-145704","1":"product","2":"type-product","3":"status-publish","4":"has-post-thumbnail","6":"location-aes-emmeloord","7":"location-aes-lemmer","8":"product_cat-victron-de","9":"product_cat-wandler","10":"product_cat-umwandler","11":"product_shipping_class-paket-0-10-kg","13":"first","14":"onbackorder","15":"sale","16":"taxable","17":"shipping-taxable","18":"purchasable","19":"product-type-simple"},"group_of_quantity":0,"min_quantity":0,"max_quantity":"","exclude_order_quantity_value_rules":"no","exclude_category_quantity_rules":"no","combine_variations":"no","locations":[{"id":4275,"name":"AES Emmeloord","slug":"aes-emmeloord","quantity":""},{"id":4276,"name":"AES Lemmer","slug":"aes-lemmer","quantity":""}],"_links":{"self":[{"href":"https:\/\/ab-marineservice.com\/de\/wp-json\/wp\/v2\/product\/145704","targetHints":{"allow":["GET"]}}],"collection":[{"href":"https:\/\/ab-marineservice.com\/de\/wp-json\/wp\/v2\/product"}],"about":[{"href":"https:\/\/ab-marineservice.com\/de\/wp-json\/wp\/v2\/types\/product"}],"replies":[{"embeddable":true,"href":"https:\/\/ab-marineservice.com\/de\/wp-json\/wp\/v2\/comments?post=145704"}],"wp:featuredmedia":[{"embeddable":true,"href":"https:\/\/ab-marineservice.com\/de\/wp-json\/wp\/v2\/media\/149145"}],"wp:attachment":[{"href":"https:\/\/ab-marineservice.com\/de\/wp-json\/wp\/v2\/media?parent=145704"}],"wp:term":[{"taxonomy":"location","embeddable":true,"href":"https:\/\/ab-marineservice.com\/de\/wp-json\/wp\/v2\/location?post=145704"},{"taxonomy":"product_brand","embeddable":true,"href":"https:\/\/ab-marineservice.com\/de\/wp-json\/wp\/v2\/product_brand?post=145704"},{"taxonomy":"product_cat","embeddable":true,"href":"https:\/\/ab-marineservice.com\/de\/wp-json\/wp\/v2\/product_cat?post=145704"},{"taxonomy":"product_tag","embeddable":true,"href":"https:\/\/ab-marineservice.com\/de\/wp-json\/wp\/v2\/product_tag?post=145704"}],"curies":[{"name":"wp","href":"https:\/\/api.w.org\/{rel}","templated":true}]}}