{"id":145789,"date":"2023-05-04T09:36:15","date_gmt":"2023-05-04T08:01:11","guid":{"rendered":"https:\/\/ab-marineservice.com\/product\/phoenix-wechselrichter-48-2000-230v-smart-2\/"},"modified":"2025-03-12T09:03:24","modified_gmt":"2025-03-12T08:03:24","slug":"phoenix-wechselrichter-48-2000-230v-smart-2","status":"publish","type":"product","link":"https:\/\/ab-marineservice.com\/de\/produkt\/phoenix-wechselrichter-48-2000-230v-smart-2\/","title":{"rendered":"Phoenix Wechselrichter 48\/2000 230V Smart"},"content":{"rendered":"","protected":false},"excerpt":{"rendered":"<p>PIN482201000 Victron<\/p>\n<p>Der Phoenix Inverter Smart ist ein effizienter und zuverl\u00e4ssiger Wechselrichter. Es basiert auf unserer bew\u00e4hrten und praxiserprobten Plattform und verf\u00fcgt jetzt \u00fcber ein schlankeres Design und ein Vollmetallgeh\u00e4use. Die Modelle sind mit 1600 VA, 2000 VA, 3000 VA und 5000 VA f\u00fcr 12-, 24- oder 48-V-Systeme erh\u00e4ltlich.<br \/>\nEs ist leistungsstark genug, um die meisten Plug-in-Ger\u00e4te in Ihrem Auto, Boot, Wohnwagen oder Zuhause mit Strom zu versorgen. Ein Ringkerntransformator sorgt f\u00fcr eine hohe Spitzenstromkapazit\u00e4t, stabile Spannung und Frequenz sowie eine hohe Sinuswellenqualit\u00e4t.<\/p>\n<p>Die Installation ist einfacher denn je mit Klemmen, die f\u00fcr den Installateur besser zug\u00e4nglich sind und ein professionelleres Finish erm\u00f6glichen.<\/p>\n<p>Bluetooth ist integriert und macht die Einrichtung Ihres Hochleistungs-Wechselrichters einfacher als je zuvor. Konfigurieren Sie Alarme, Alarmrelais, Stromabschaltung, Eco-Modus und vieles mehr. Alles von VictronConnect.<\/p>\n<p>Datenblatt: <a href=\"https:\/\/www.victronenergy.nl\/upload\/documents\/Datasheet-Inverter-Smart-1600VA-5000VA-NL.pdf\" rel=\"noopener\" target=\"_blank\">Wechselrichter Smart 1600VA &#8211; 5000VA<\/a><br \/>\nHandbuch: <a href=\"https:\/\/www.victronenergy.com\/upload\/documents\/Inverter_Smart\/106668-Inverter_PH_Smart__VE_Direct_and_SUN-pdf-en.pdf\" rel=\"noopener\" target=\"_blank\">Inverter Smart (PDF)< \/a><br \/>\nAbmessungen: <a href=\"https:\/\/www.victronenergy.nl\/upload\/documents\/Inverter-Smart-1600VA-&#038;-2000VA-onwards-SN-HQ24xx.pdf\" rel=\"noopener\" target=\"_blank\"> Inverter Smart 1600VA &#038; 2000VA (ab und inklusive Seriennummer HQ24xx)<\/a><br \/>\n<a href=\"https:\/\/www.victronenergy.nl\/upload\/documents\/Inverter-Smart-1600VA-&#038;-2000VA-till-and-included-SN-HQ23xx.pdf\" rel=\"noopener\" target=\"_blank \">Inverter Smart 1600VA &#038; 2000VA (bis einschlie\u00dflich Seriennummer HQ23xx)<\/a><br \/>\nVideo: <a href=\"https:\/\/youtu.be\/v0s0x0hf66I?list=PLnKCJA0l3E6balmPIyOD3wmiqgVE9DeVG\" rel=\"noopener\" target=\"_blank\">Wussten Sie schon \u2013 Der Stromverbrauch eines Wechselrichters im Standby-Modus kann reduziert werden<\/ a><\/p>\n","protected":false},"featured_media":332154,"comment_status":"open","ping_status":"closed","template":"","meta":[],"location":[4275,4276],"product_brand":[],"product_cat":[4282,7753,4608],"product_tag":[],"class_list":{"0":"post-145789","1":"product","2":"type-product","3":"status-publish","4":"has-post-thumbnail","6":"location-aes-emmeloord","7":"location-aes-lemmer","8":"product_cat-victron-de","9":"product_cat-phoenix-inverter-smart-de","10":"product_cat-umwandler","11":"product_shipping_class-paket-0-10-kg","13":"first","14":"outofstock","15":"sale","16":"taxable","17":"shipping-taxable","18":"purchasable","19":"product-type-simple"},"group_of_quantity":0,"min_quantity":0,"max_quantity":"","exclude_order_quantity_value_rules":"no","exclude_category_quantity_rules":"no","combine_variations":"no","locations":[{"id":4275,"name":"AES Emmeloord","slug":"aes-emmeloord","quantity":""},{"id":4276,"name":"AES Lemmer","slug":"aes-lemmer","quantity":""}],"_links":{"self":[{"href":"https:\/\/ab-marineservice.com\/de\/wp-json\/wp\/v2\/product\/145789","targetHints":{"allow":["GET"]}}],"collection":[{"href":"https:\/\/ab-marineservice.com\/de\/wp-json\/wp\/v2\/product"}],"about":[{"href":"https:\/\/ab-marineservice.com\/de\/wp-json\/wp\/v2\/types\/product"}],"replies":[{"embeddable":true,"href":"https:\/\/ab-marineservice.com\/de\/wp-json\/wp\/v2\/comments?post=145789"}],"wp:featuredmedia":[{"embeddable":true,"href":"https:\/\/ab-marineservice.com\/de\/wp-json\/wp\/v2\/media\/332154"}],"wp:attachment":[{"href":"https:\/\/ab-marineservice.com\/de\/wp-json\/wp\/v2\/media?parent=145789"}],"wp:term":[{"taxonomy":"location","embeddable":true,"href":"https:\/\/ab-marineservice.com\/de\/wp-json\/wp\/v2\/location?post=145789"},{"taxonomy":"product_brand","embeddable":true,"href":"https:\/\/ab-marineservice.com\/de\/wp-json\/wp\/v2\/product_brand?post=145789"},{"taxonomy":"product_cat","embeddable":true,"href":"https:\/\/ab-marineservice.com\/de\/wp-json\/wp\/v2\/product_cat?post=145789"},{"taxonomy":"product_tag","embeddable":true,"href":"https:\/\/ab-marineservice.com\/de\/wp-json\/wp\/v2\/product_tag?post=145789"}],"curies":[{"name":"wp","href":"https:\/\/api.w.org\/{rel}","templated":true}]}}