{"id":145798,"date":"2023-05-04T09:36:15","date_gmt":"2023-05-04T08:01:23","guid":{"rendered":"https:\/\/ab-marineservice.com\/product\/wechselrichter-rs-48-6000-230v-smart\/"},"modified":"2024-10-24T15:24:49","modified_gmt":"2024-10-24T13:24:49","slug":"wechselrichter-rs-48-6000-230v-smart","status":"publish","type":"product","link":"https:\/\/ab-marineservice.com\/de\/produkt\/wechselrichter-rs-48-6000-230v-smart\/","title":{"rendered":"Wechselrichter RS 48\/6000 230V Smart"},"content":{"rendered":"","protected":false},"excerpt":{"rendered":"<p>PIN482600000 Victron<\/p>\n<p>Der Inverter RS \u200b\u200bSmart ist ein leistungsstarker 48 VDC, 6 kVA 230 VAC Wechselrichter. Es verf\u00fcgt \u00fcber ein modernes Design und Hochfrequenztechnologie, wiegt nur 11 kg und verf\u00fcgt \u00fcber einen hervorragenden Wirkungsgrad, einen geringen Standby-Verbrauch und einen sehr leisen Betrieb.<\/p>\n<p>Der Wechselrichter ist mit einem Bildschirm zum Ablesen der Batterie- und Wechselrichterdetails ausgestattet. Diese Parameter k\u00f6nnen auch \u00fcber Bluetooth von der VictronConnect-App ausgelesen werden. Dar\u00fcber hinaus verf\u00fcgt der Wechselrichter \u00fcber einen VE.Direct- und einen VE.Can-Anschluss zum Anschluss an ein GX-Ger\u00e4t zur System\u00fcberwachung.<\/p>\n<p>Datenblatt: <a href=\"https:\/\/www.victronenergy.nl\/upload\/documents\/Datasheet-Inverter-RS-Smart-NL.pdf\" rel=\"noopener\" target=\"_blank\">Wechselrichter RS \u200b\u200b\u200b\u200b48 \/6000 230V Smart<\/a><br \/>\nHandbuch: <a href=\"https:\/\/www.victronenergy.com\/upload\/documents\/Inverter_RS_Smart\/42508-Inverter_RS_Smart-pdf-en.pdf\" rel=\"noopener\" target=\"_blank\">Inverter RS \u200b\u200b\u200b\u200bSmart ( PDF) <\/a><br \/>\nAbmessungen: <a href=\"https:\/\/www.victronenergy.nl\/upload\/documents\/DimensionDrawing-InverterRS-48-6000-230V-Smart.pdf\" rel=\"noopener\" target=\"_blank\">Wechselrichter RS 48\/ 6000 230V Smart<\/a><\/p>\n","protected":false},"featured_media":149208,"comment_status":"open","ping_status":"closed","template":"","meta":[],"location":[4275,4276],"product_brand":[],"product_cat":[4282,7837,4608],"product_tag":[],"class_list":{"0":"post-145798","1":"product","2":"type-product","3":"status-publish","4":"has-post-thumbnail","6":"location-aes-emmeloord","7":"location-aes-lemmer","8":"product_cat-victron-de","9":"product_cat-wechselrichter-rs-smart","10":"product_cat-umwandler","11":"product_shipping_class-paket-0-10-kg","13":"first","14":"onbackorder","15":"sale","16":"taxable","17":"shipping-taxable","18":"purchasable","19":"product-type-simple"},"group_of_quantity":0,"min_quantity":0,"max_quantity":"","exclude_order_quantity_value_rules":"no","exclude_category_quantity_rules":"no","combine_variations":"no","locations":[{"id":4275,"name":"AES Emmeloord","slug":"aes-emmeloord","quantity":""},{"id":4276,"name":"AES Lemmer","slug":"aes-lemmer","quantity":""}],"_links":{"self":[{"href":"https:\/\/ab-marineservice.com\/de\/wp-json\/wp\/v2\/product\/145798","targetHints":{"allow":["GET"]}}],"collection":[{"href":"https:\/\/ab-marineservice.com\/de\/wp-json\/wp\/v2\/product"}],"about":[{"href":"https:\/\/ab-marineservice.com\/de\/wp-json\/wp\/v2\/types\/product"}],"replies":[{"embeddable":true,"href":"https:\/\/ab-marineservice.com\/de\/wp-json\/wp\/v2\/comments?post=145798"}],"wp:featuredmedia":[{"embeddable":true,"href":"https:\/\/ab-marineservice.com\/de\/wp-json\/wp\/v2\/media\/149208"}],"wp:attachment":[{"href":"https:\/\/ab-marineservice.com\/de\/wp-json\/wp\/v2\/media?parent=145798"}],"wp:term":[{"taxonomy":"location","embeddable":true,"href":"https:\/\/ab-marineservice.com\/de\/wp-json\/wp\/v2\/location?post=145798"},{"taxonomy":"product_brand","embeddable":true,"href":"https:\/\/ab-marineservice.com\/de\/wp-json\/wp\/v2\/product_brand?post=145798"},{"taxonomy":"product_cat","embeddable":true,"href":"https:\/\/ab-marineservice.com\/de\/wp-json\/wp\/v2\/product_cat?post=145798"},{"taxonomy":"product_tag","embeddable":true,"href":"https:\/\/ab-marineservice.com\/de\/wp-json\/wp\/v2\/product_tag?post=145798"}],"curies":[{"name":"wp","href":"https:\/\/api.w.org\/{rel}","templated":true}]}}