{"id":145799,"date":"2023-05-04T09:36:15","date_gmt":"2023-05-04T08:01:23","guid":{"rendered":"https:\/\/ab-marineservice.com\/product\/wechselrichter-rs-48-6000-230v-smart-solar\/"},"modified":"2024-10-24T16:49:06","modified_gmt":"2024-10-24T14:49:06","slug":"wechselrichter-rs-48-6000-230v-smart-solar","status":"publish","type":"product","link":"https:\/\/ab-marineservice.com\/de\/produkt\/wechselrichter-rs-48-6000-230v-smart-solar\/","title":{"rendered":"Wechselrichter RS 48\/6000 230V Smart Solar"},"content":{"rendered":"","protected":false},"excerpt":{"rendered":"<p>PIN482601000 Victron<\/p>\n<p>Der Inverter RS \u200b\u200b\u200b\u200bSmart Solar ist eine Kombination aus einem leistungsstarken 48-V-DC-, 6-kVA- und 230-VAC-Wechselrichter und einem Hochspannungs-MPPT-Solarladeger\u00e4t mit 80-450 VDC und 4 kW. Dank seines modernen Designs und der Hochfrequenztechnologie wiegt der Wechselrichter nur 11 kg. und verf\u00fcgt \u00fcber einen hervorragenden Wirkungsgrad, einen geringen Notstrom und einen sehr leisen Betrieb.<\/p>\n<p>Der Wechselrichter ist mit einem Display zum Ablesen von Batterie-, Wechselrichter- und Solarladeger\u00e4tdetails ausgestattet. Diese Parameter k\u00f6nnen auch \u00fcber Bluetooth von der VictronConnect App gelesen werden. Dar\u00fcber hinaus verf\u00fcgt der Wechselrichter \u00fcber einen VE.Can-Port zum Anschluss eines GX-Ger\u00e4ts zur System\u00fcberwachung und einen VE.Direct-Port zum Anschluss eines GlobalLink 520.<\/p>\n<p>Datenblatt: <a href=\"https:\/\/www.victronenergy.nl\/upload\/documents\/Datasheet-Inverter-RS-Smart-Solar-NL.pdf\" rel=\"noopener\" target=\"_blank\">Wechselrichter RS Smart Solar<\/a><br \/>\nHandbuch: <a href=\"https:\/\/www.victronenergy.com\/upload\/documents\/Inverter_RS_Smart_Solar\/11676-Inverter_RS_Smart_Solar-pdf-nl.pdf\" rel=\"noopener\" target=\"_blank\">Inverter RS \u200b\u200b\u200b\u200bSmart Solar (PDF)<\/a><br \/>\nAbmessungen: <a href=\"https:\/\/www.victronenergy.nl\/upload\/documents\/Inverter-RS-48-6000-230V-Smart-Solar.pdf\" rel=\"noopener\" target=\"_blank\">Wechselrichter RS 48\/6000 230V Smart Solar<\/a><br \/>\nVideo: <a href=\"https:\/\/youtu.be\/v0s0x0hf66I?list=PLnKCJA0l3E6balmPIyOD3wmiqgVE9DeVG\" rel=\"noopener\" target=\"_blank\">Wussten Sie schon \u2013 Der Stromverbrauch eines Wechselrichters im Standby-Modus kann reduziert werden<\/ a><\/p>\n","protected":false},"featured_media":149211,"comment_status":"open","ping_status":"closed","template":"","meta":[],"location":[4275,4276],"product_brand":[],"product_cat":[4282,4608],"product_tag":[],"class_list":{"0":"post-145799","1":"product","2":"type-product","3":"status-publish","4":"has-post-thumbnail","6":"location-aes-emmeloord","7":"location-aes-lemmer","8":"product_cat-victron-de","9":"product_cat-umwandler","10":"product_shipping_class-paket-0-10-kg","12":"first","13":"onbackorder","14":"sale","15":"taxable","16":"shipping-taxable","17":"purchasable","18":"product-type-simple"},"group_of_quantity":0,"min_quantity":0,"max_quantity":"","exclude_order_quantity_value_rules":"no","exclude_category_quantity_rules":"no","combine_variations":"no","locations":[{"id":4275,"name":"AES Emmeloord","slug":"aes-emmeloord","quantity":""},{"id":4276,"name":"AES Lemmer","slug":"aes-lemmer","quantity":""}],"_links":{"self":[{"href":"https:\/\/ab-marineservice.com\/de\/wp-json\/wp\/v2\/product\/145799","targetHints":{"allow":["GET"]}}],"collection":[{"href":"https:\/\/ab-marineservice.com\/de\/wp-json\/wp\/v2\/product"}],"about":[{"href":"https:\/\/ab-marineservice.com\/de\/wp-json\/wp\/v2\/types\/product"}],"replies":[{"embeddable":true,"href":"https:\/\/ab-marineservice.com\/de\/wp-json\/wp\/v2\/comments?post=145799"}],"wp:featuredmedia":[{"embeddable":true,"href":"https:\/\/ab-marineservice.com\/de\/wp-json\/wp\/v2\/media\/149211"}],"wp:attachment":[{"href":"https:\/\/ab-marineservice.com\/de\/wp-json\/wp\/v2\/media?parent=145799"}],"wp:term":[{"taxonomy":"location","embeddable":true,"href":"https:\/\/ab-marineservice.com\/de\/wp-json\/wp\/v2\/location?post=145799"},{"taxonomy":"product_brand","embeddable":true,"href":"https:\/\/ab-marineservice.com\/de\/wp-json\/wp\/v2\/product_brand?post=145799"},{"taxonomy":"product_cat","embeddable":true,"href":"https:\/\/ab-marineservice.com\/de\/wp-json\/wp\/v2\/product_cat?post=145799"},{"taxonomy":"product_tag","embeddable":true,"href":"https:\/\/ab-marineservice.com\/de\/wp-json\/wp\/v2\/product_tag?post=145799"}],"curies":[{"name":"wp","href":"https:\/\/api.w.org\/{rel}","templated":true}]}}