{"id":145820,"date":"2023-05-04T09:36:46","date_gmt":"2023-05-04T07:36:46","guid":{"rendered":"https:\/\/ab-marineservice.com\/product\/multiplus-12-2000-80-32-230v-ve-bus\/"},"modified":"2025-03-12T15:40:35","modified_gmt":"2025-03-12T14:40:35","slug":"multiplus-12v-2000va-80a-32a-230v-ve-bus","status":"publish","type":"product","link":"https:\/\/ab-marineservice.com\/de\/produkt\/multiplus-12v-2000va-80a-32a-230v-ve-bus\/","title":{"rendered":"MultiPlus 12V\/2000VA\/80A-32A 230V VE.Bus"},"content":{"rendered":"","protected":false},"excerpt":{"rendered":"<p>PMP122200000 Victron<\/p>\n<p>Der MultiPlus ist, wie der Name schon sagt, ein kombinierter Wechselrichter und Ladeger\u00e4t in einem eleganten Geh\u00e4use. Zu seinen zahlreichen Funktionen geh\u00f6ren ein echter Sinuswellen-Wechselrichter, adaptives Laden, Hybrid-PowerAssist-Technologie und mehrere Systemintegrationsfunktionen.<\/p>\n<p>Datenblatt: <a href=\"https:\/\/www.victronenergy.nl\/upload\/documents\/Datasheet-MultiPlus-500VA-2000VA-NL.pdf\" rel=\"noopener\" target=\"_blank\">MultiPlus 500VA &#8211; 2000VA<\/a><br \/>\nHandbuch: <a href=\"https:\/\/www.victronenergy.com\/upload\/documents\/MultiPlus_2kVA_230V\/MultiPlus_2kVA-nl.pdf\" rel=\"noopener\" target=\"_blank\">MultiPlus 2kVA 230V (PDF)<\/a> <br \/>\nAbmessungen: <a href=\"https:\/\/www.victronenergy.nl\/upload\/documents\/MultiPlus-12V-24V-48V-2000VA-120V-230V.pdf\" rel=\"noopener\" target=\"_blank\">MultiPlus 12V 24V 48V 2000VA<\/a><\/p>\n","protected":false},"featured_media":332504,"comment_status":"open","ping_status":"closed","template":"","meta":[],"location":[],"product_brand":[25934],"product_cat":[4282,4607,25544],"product_tag":[],"class_list":{"0":"post-145820","1":"product","2":"type-product","3":"status-publish","4":"has-post-thumbnail","6":"product_brand-victron-energy","7":"product_cat-victron-de","8":"product_cat-umwandler-batterieladegerate","9":"product_cat-multiplus-2000va","10":"product_shipping_class-paket-0-10-kg","12":"first","13":"onbackorder","14":"sale","15":"taxable","16":"shipping-taxable","17":"purchasable","18":"product-type-simple"},"group_of_quantity":0,"min_quantity":0,"max_quantity":"","exclude_order_quantity_value_rules":"no","exclude_category_quantity_rules":"no","combine_variations":"no","locations":[{"id":4275,"name":"AES Emmeloord","slug":"aes-emmeloord","quantity":""},{"id":4276,"name":"AES Lemmer","slug":"aes-lemmer","quantity":""}],"_links":{"self":[{"href":"https:\/\/ab-marineservice.com\/de\/wp-json\/wp\/v2\/product\/145820","targetHints":{"allow":["GET"]}}],"collection":[{"href":"https:\/\/ab-marineservice.com\/de\/wp-json\/wp\/v2\/product"}],"about":[{"href":"https:\/\/ab-marineservice.com\/de\/wp-json\/wp\/v2\/types\/product"}],"replies":[{"embeddable":true,"href":"https:\/\/ab-marineservice.com\/de\/wp-json\/wp\/v2\/comments?post=145820"}],"wp:featuredmedia":[{"embeddable":true,"href":"https:\/\/ab-marineservice.com\/de\/wp-json\/wp\/v2\/media\/332504"}],"wp:attachment":[{"href":"https:\/\/ab-marineservice.com\/de\/wp-json\/wp\/v2\/media?parent=145820"}],"wp:term":[{"taxonomy":"location","embeddable":true,"href":"https:\/\/ab-marineservice.com\/de\/wp-json\/wp\/v2\/location?post=145820"},{"taxonomy":"product_brand","embeddable":true,"href":"https:\/\/ab-marineservice.com\/de\/wp-json\/wp\/v2\/product_brand?post=145820"},{"taxonomy":"product_cat","embeddable":true,"href":"https:\/\/ab-marineservice.com\/de\/wp-json\/wp\/v2\/product_cat?post=145820"},{"taxonomy":"product_tag","embeddable":true,"href":"https:\/\/ab-marineservice.com\/de\/wp-json\/wp\/v2\/product_tag?post=145820"}],"curies":[{"name":"wp","href":"https:\/\/api.w.org\/{rel}","templated":true}]}}