{"id":145822,"date":"2023-05-04T09:36:46","date_gmt":"2023-05-04T08:01:59","guid":{"rendered":"https:\/\/ab-marineservice.com\/product\/multiplus-12-2000-80-50-120v-ve-bus-ul\/"},"modified":"2024-12-02T16:22:49","modified_gmt":"2024-12-02T15:22:49","slug":"multiplus-12-2000-80-50-120v-ve-bus-ul","status":"publish","type":"product","link":"https:\/\/ab-marineservice.com\/de\/produkt\/multiplus-12-2000-80-50-120v-ve-bus-ul\/","title":{"rendered":"MultiPlus 12\/2000\/80-50 120V VE.Bus (UL)"},"content":{"rendered":"","protected":false},"excerpt":{"rendered":"<p>PMP122200102 Victron<\/p>\n<p>Wie der Name schon verr\u00e4t ist der MultiPlus eine Kombination aus Wechselrichter und Ladeger\u00e4t. Diese elegante L\u00f6sung bietet zahlreiche Funktionen wie die eines echten Sinus-Wechselrichters, eine adaptive Lade-Funktion, eine Hybrid PowerAssist-Technologie sowie mehrere M\u00f6glichkeiten zur Systemintegration.<\/p>\n<p>Datenblatt: <a href=\"https:\/\/www.victronenergy.de\/upload\/documents\/Datasheet-Multiplus-inverter-charger_2kVA-and-3kVA-120V-US-DE.pdf\" rel=\"noopener\" target=\"_blank\">MultiPlus Inverter\/Charger 2kVA and 3kVA 120V<\/a><br \/>\nGeh\u00e4useabmessungen: <a href=\"https:\/\/www.victronenergy.de\/upload\/documents\/MultiPlus-Compact-12V-24V-2000VA.pdf\" rel=\"noopener\" target=\"_blank\">MultiPlus Compact 12V \/ 24V 2000VA<\/a><br \/>\nHandbuch: <a href=\"https:\/\/www.victronenergy.de\/upload\/documents\/Manual-MultiPlus-Compact-2000-120V-REV-09-EN.pdf\" rel=\"noopener\" target=\"_blank\">MultiPlus Compact 12\/24V 2000VA 120V<\/a><br \/>\nFilms: <a href=\"https:\/\/www.youtube.com\/watch?v=AEPmjkyg7UY&#038;list=PLnKCJA0l3E6balmPIyOD3wmiqgVE9DeVG\" rel=\"noopener\" target=\"_blank\">Did You Know &#8211; You can update a MultiPlus Firmware using an Android Phone?<\/a><br \/>\n<a href=\"https:\/\/www.youtube.com\/watch?v=mEN15Z_S4kE\" rel=\"noopener\" target=\"_blank\">So richten Sie den BMV Battery Monitor f\u00fcr Blei- und Lithiumbatterien ein<\/a><br \/>\n<a href=\"https:\/\/www.youtube.com\/watch?v=V1Zceq02vMA\" rel=\"noopener\" target=\"_blank\">VEConfigure basic<\/a><\/p>\n","protected":false},"featured_media":316047,"comment_status":"open","ping_status":"closed","template":"","meta":[],"location":[4275,4276],"product_brand":[],"product_cat":[6699],"product_tag":[],"class_list":{"0":"post-145822","1":"product","2":"type-product","3":"status-publish","4":"has-post-thumbnail","6":"location-aes-emmeloord","7":"location-aes-lemmer","8":"product_cat-victron-120v-ausfuehrung-de","9":"product_shipping_class-paket-0-10-kg","11":"first","12":"outofstock","13":"sale","14":"taxable","15":"shipping-taxable","16":"purchasable","17":"product-type-simple"},"group_of_quantity":0,"min_quantity":0,"max_quantity":"","exclude_order_quantity_value_rules":"no","exclude_category_quantity_rules":"no","combine_variations":"no","locations":[{"id":4275,"name":"AES Emmeloord","slug":"aes-emmeloord","quantity":""},{"id":4276,"name":"AES Lemmer","slug":"aes-lemmer","quantity":""}],"_links":{"self":[{"href":"https:\/\/ab-marineservice.com\/de\/wp-json\/wp\/v2\/product\/145822","targetHints":{"allow":["GET"]}}],"collection":[{"href":"https:\/\/ab-marineservice.com\/de\/wp-json\/wp\/v2\/product"}],"about":[{"href":"https:\/\/ab-marineservice.com\/de\/wp-json\/wp\/v2\/types\/product"}],"replies":[{"embeddable":true,"href":"https:\/\/ab-marineservice.com\/de\/wp-json\/wp\/v2\/comments?post=145822"}],"wp:featuredmedia":[{"embeddable":true,"href":"https:\/\/ab-marineservice.com\/de\/wp-json\/wp\/v2\/media\/316047"}],"wp:attachment":[{"href":"https:\/\/ab-marineservice.com\/de\/wp-json\/wp\/v2\/media?parent=145822"}],"wp:term":[{"taxonomy":"location","embeddable":true,"href":"https:\/\/ab-marineservice.com\/de\/wp-json\/wp\/v2\/location?post=145822"},{"taxonomy":"product_brand","embeddable":true,"href":"https:\/\/ab-marineservice.com\/de\/wp-json\/wp\/v2\/product_brand?post=145822"},{"taxonomy":"product_cat","embeddable":true,"href":"https:\/\/ab-marineservice.com\/de\/wp-json\/wp\/v2\/product_cat?post=145822"},{"taxonomy":"product_tag","embeddable":true,"href":"https:\/\/ab-marineservice.com\/de\/wp-json\/wp\/v2\/product_tag?post=145822"}],"curies":[{"name":"wp","href":"https:\/\/api.w.org\/{rel}","templated":true}]}}