{"id":145825,"date":"2023-05-04T09:36:46","date_gmt":"2023-05-04T08:01:59","guid":{"rendered":"https:\/\/ab-marineservice.com\/product\/multiplus-ii-12-3000-120-32-230v\/"},"modified":"2025-03-12T17:04:01","modified_gmt":"2025-03-12T16:04:01","slug":"multiplus-ii-12v-3000va-120a-32a-230v","status":"publish","type":"product","link":"https:\/\/ab-marineservice.com\/de\/produkt\/multiplus-ii-12v-3000va-120a-32a-230v\/","title":{"rendered":"MultiPlus-II 12V\/3000VA\/120A-32A 230V"},"content":{"rendered":"","protected":false},"excerpt":{"rendered":"<p>PMP122305010 Victron<\/p>\n<p>Der MultiPlus-II vereint die Funktionen des MultiPlus und des MultiGrid.<br \/>\nEs verf\u00fcgt \u00fcber alle Funktionen des MultiPlus und zus\u00e4tzlich \u00fcber eine externe Stromwandleroption zur Implementierung von PowerControl und PowerAssist sowie zur Optimierung des Eigenverbrauchs mit externer Stromerkennung (max. 32 A).<br \/>\nEs verf\u00fcgt au\u00dferdem \u00fcber alle Funktionen des MultiGrid mit integriertem Inselschutz und einer wachsenden Liste an L\u00e4nderzulassungen.<br \/>\nHinweis: F\u00fcr kurze Zeit wurde dieses Produkt auch MultiGrid-II genannt.<\/p>\n<p>Datenblatt: <a href=\"https:\/\/www.victronenergy.nl\/upload\/documents\/Datasheet-MultiPlus-II-inverter-charger-NL.pdf\" target=\"_blank\" rel=\"noopener\">MultiPlus -II 3kVA &#8211; 15kVA 230V<\/a><br \/>\nAbmessungen: <a href=\"https:\/\/www.victronenergy.nl\/upload\/documents\/MultiPlus-II-12V-3000VA-230Vac.pdf\" rel=\"noopener\" target=\"_blank\">MultiPlus-II 12\/3000 \/120-32 230V<\/a><br \/>\nHandbuch: <a href=\"https:\/\/www.victronenergy.com\/upload\/documents\/MultiPlus-II_230V\/32424-MultiPlus-II___Quattro-II-pdf-nl.pdf?_ga=2.897521.1594406786.1716743236-587487195.1711028154\" target=\" _blank\" rel=\"noopener\">MultiPlus-II 230V (PDF)<\/a><br \/>\nVideos: <a href=\"https:\/\/www.youtube.com\/watch?v=AEPmjkyg7UY&amp;list=PLnKCJA0l3E6balmPIyOD3wmiqgVE9DeVG\" target=\"_blank\" rel=\"noopener\">Wussten Sie schon \u2013 Sie k\u00f6nnen die Firmware eines MultiPlus aktualisieren mit einem Android-Telefon?<\/a><br \/>\n<a href=\"https:\/\/www.youtube.com\/watch?v=mEN15Z_S4kE\" target=\"_blank\" rel=\"noopener\">BMV Battery Monitor f\u00fcr Blei- und Lithiumbatterien einrichten<\/a><br \/>\n<a href=\"https:\/\/www.youtube.com\/watch?v=nU5yUY6VhIU\" target=\"_blank\" rel=\"noopener\">Einf\u00fchrung: MultiPlus-II<\/a><\/p>\n","protected":false},"featured_media":332535,"comment_status":"open","ping_status":"closed","template":"","meta":[],"location":[4275,4276],"product_brand":[24218],"product_cat":[4282,4607,7808],"product_tag":[],"class_list":{"0":"post-145825","1":"product","2":"type-product","3":"status-publish","4":"has-post-thumbnail","6":"location-aes-emmeloord","7":"location-aes-lemmer","8":"product_brand-victron-energy","9":"product_cat-victron-de","10":"product_cat-umwandler-batterieladegerate","11":"product_cat-multiplus-ii-de","12":"product_shipping_class-paket-0-10-kg","14":"first","15":"onbackorder","16":"sale","17":"taxable","18":"shipping-taxable","19":"purchasable","20":"product-type-simple"},"group_of_quantity":0,"min_quantity":0,"max_quantity":"","exclude_order_quantity_value_rules":"no","exclude_category_quantity_rules":"no","combine_variations":"no","locations":[{"id":4275,"name":"AES Emmeloord","slug":"aes-emmeloord","quantity":""},{"id":4276,"name":"AES Lemmer","slug":"aes-lemmer","quantity":""}],"_links":{"self":[{"href":"https:\/\/ab-marineservice.com\/de\/wp-json\/wp\/v2\/product\/145825","targetHints":{"allow":["GET"]}}],"collection":[{"href":"https:\/\/ab-marineservice.com\/de\/wp-json\/wp\/v2\/product"}],"about":[{"href":"https:\/\/ab-marineservice.com\/de\/wp-json\/wp\/v2\/types\/product"}],"replies":[{"embeddable":true,"href":"https:\/\/ab-marineservice.com\/de\/wp-json\/wp\/v2\/comments?post=145825"}],"wp:featuredmedia":[{"embeddable":true,"href":"https:\/\/ab-marineservice.com\/de\/wp-json\/wp\/v2\/media\/332535"}],"wp:attachment":[{"href":"https:\/\/ab-marineservice.com\/de\/wp-json\/wp\/v2\/media?parent=145825"}],"wp:term":[{"taxonomy":"location","embeddable":true,"href":"https:\/\/ab-marineservice.com\/de\/wp-json\/wp\/v2\/location?post=145825"},{"taxonomy":"product_brand","embeddable":true,"href":"https:\/\/ab-marineservice.com\/de\/wp-json\/wp\/v2\/product_brand?post=145825"},{"taxonomy":"product_cat","embeddable":true,"href":"https:\/\/ab-marineservice.com\/de\/wp-json\/wp\/v2\/product_cat?post=145825"},{"taxonomy":"product_tag","embeddable":true,"href":"https:\/\/ab-marineservice.com\/de\/wp-json\/wp\/v2\/product_tag?post=145825"}],"curies":[{"name":"wp","href":"https:\/\/api.w.org\/{rel}","templated":true}]}}