{"id":145827,"date":"2023-05-04T09:36:46","date_gmt":"2023-05-04T08:01:59","guid":{"rendered":"https:\/\/ab-marineservice.com\/product\/multiplus-ii-12-3000-120-50-2x120v-ul\/"},"modified":"2024-12-02T16:22:57","modified_gmt":"2024-12-02T15:22:57","slug":"multiplus-ii-12-3000-120-50-2x120v-ul","status":"publish","type":"product","link":"https:\/\/ab-marineservice.com\/de\/produkt\/multiplus-ii-12-3000-120-50-2x120v-ul\/","title":{"rendered":"MultiPlus-II 12\/3000\/120-50 2x120V (UL)"},"content":{"rendered":"","protected":false},"excerpt":{"rendered":"<p>PMP122305102 Victron<\/p>\n<p>Das MultiPlus-II kombiniert die Funktionen des MultiPlus und des MultiGrid.<br \/>\nEs verf\u00fcgt \u00fcber alle Funktionen des MultiPlus und zus\u00e4tzlich \u00fcber eine Option eines externen Stromtransformators, um die Funktionen PowerControl und PowerAssist umzusetzen und, um den Eigenverbrauch mit externer Stromerfassung (max. 32 A) zu optimieren.<br \/>\nEs bietet au\u00dferdem auch s\u00e4mtliche Funktionen des MultiGrid mit der eingebauten Anti-Islanding-Funktion und einer immer l\u00e4nger werdenden Liste mit L\u00e4ndern, in denen es zugelassen ist.<br \/>\nHinweis: F\u00fcr einen kurzen Zeitraum wurde dieses Produkt MultiGrid-II genannt.<\/p>\n<p>Datenblatt: <a href=\"https:\/\/www.victronenergy.de\/upload\/documents\/Datasheet-MultiPlus-II-3kVA-2x120V-EN-.pdf\" rel=\"noopener\" target=\"_blank\">MultiPlus-II 3kVA 2x120V<\/a><br \/>\nGeh\u00e4useabmessungen: <a href=\"https:\/\/www.victronenergy.de\/upload\/documents\/MultiPlus-II-12V-3000VA-120V-(UL).pdf\" rel=\"noopener\" target=\"_blank\">MultiPlus-II 12\/3000\/120-50 120V (UL)<\/a><br \/>\nHandbuch: <a href=\"https:\/\/www.victronenergy.com\/upload\/documents\/MultiPlus-II_120V\/32424-MultiPlus-II___Quattro-II-pdf-de.pdf?_ga=2.196322089.446543229.1717959260-587487195.1711028154\" rel=\"noopener\" target=\"_blank\">MultiPlus-II 120V (PDF)<\/a><br \/>\nFilm: <a href=\"https:\/\/www.youtube.com\/watch?v=AEPmjkyg7UY&#038;list=PLnKCJA0l3E6balmPIyOD3wmiqgVE9DeVG\" rel=\"noopener\" target=\"_blank\">Wussten Sie schon \u2013 So \u00e4ndern Sie den Namen eines Ger\u00e4ts<\/a><br \/>\n<a href=\"https:\/\/www.youtube.com\/watch?v=mEN15Z_S4kE\" rel=\"noopener\" target=\"_blank\">So richten Sie den BMV Battery Monitor f\u00fcr Blei- und Lithiumbatterien ein<\/a><br \/>\n<a href=\"https:\/\/www.youtube.com\/watch?v=nU5yUY6VhIU\" rel=\"noopener\" target=\"_blank\">MultiPlus-II Einf\u00fchrung<\/a><\/p>\n","protected":false},"featured_media":318261,"comment_status":"open","ping_status":"closed","template":"","meta":[],"location":[4275,4276],"product_brand":[],"product_cat":[6699],"product_tag":[],"class_list":{"0":"post-145827","1":"product","2":"type-product","3":"status-publish","4":"has-post-thumbnail","6":"location-aes-emmeloord","7":"location-aes-lemmer","8":"product_cat-victron-120v-ausfuehrung-de","9":"product_shipping_class-paket-0-10-kg","11":"first","12":"outofstock","13":"sale","14":"taxable","15":"shipping-taxable","16":"purchasable","17":"product-type-simple"},"group_of_quantity":0,"min_quantity":0,"max_quantity":"","exclude_order_quantity_value_rules":"no","exclude_category_quantity_rules":"no","combine_variations":"no","locations":[{"id":4275,"name":"AES Emmeloord","slug":"aes-emmeloord","quantity":""},{"id":4276,"name":"AES Lemmer","slug":"aes-lemmer","quantity":""}],"_links":{"self":[{"href":"https:\/\/ab-marineservice.com\/de\/wp-json\/wp\/v2\/product\/145827","targetHints":{"allow":["GET"]}}],"collection":[{"href":"https:\/\/ab-marineservice.com\/de\/wp-json\/wp\/v2\/product"}],"about":[{"href":"https:\/\/ab-marineservice.com\/de\/wp-json\/wp\/v2\/types\/product"}],"replies":[{"embeddable":true,"href":"https:\/\/ab-marineservice.com\/de\/wp-json\/wp\/v2\/comments?post=145827"}],"wp:featuredmedia":[{"embeddable":true,"href":"https:\/\/ab-marineservice.com\/de\/wp-json\/wp\/v2\/media\/318261"}],"wp:attachment":[{"href":"https:\/\/ab-marineservice.com\/de\/wp-json\/wp\/v2\/media?parent=145827"}],"wp:term":[{"taxonomy":"location","embeddable":true,"href":"https:\/\/ab-marineservice.com\/de\/wp-json\/wp\/v2\/location?post=145827"},{"taxonomy":"product_brand","embeddable":true,"href":"https:\/\/ab-marineservice.com\/de\/wp-json\/wp\/v2\/product_brand?post=145827"},{"taxonomy":"product_cat","embeddable":true,"href":"https:\/\/ab-marineservice.com\/de\/wp-json\/wp\/v2\/product_cat?post=145827"},{"taxonomy":"product_tag","embeddable":true,"href":"https:\/\/ab-marineservice.com\/de\/wp-json\/wp\/v2\/product_tag?post=145827"}],"curies":[{"name":"wp","href":"https:\/\/api.w.org\/{rel}","templated":true}]}}