{"id":145845,"date":"2023-05-04T09:37:01","date_gmt":"2023-05-04T08:02:23","guid":{"rendered":"https:\/\/ab-marineservice.com\/product\/multiplus-ii-24-3000-70-32-230v-gx\/"},"modified":"2025-03-12T17:20:40","modified_gmt":"2025-03-12T16:20:40","slug":"multiplus-ii-24v-3000va-70a-32a-230v-gx","status":"publish","type":"product","link":"https:\/\/ab-marineservice.com\/de\/produkt\/multiplus-ii-24v-3000va-70a-32a-230v-gx\/","title":{"rendered":"MultiPlus-II 24V\/3000VA\/70A-32A 230V GX"},"content":{"rendered":"","protected":false},"excerpt":{"rendered":"<p>PMP242306000 Victron<\/p>\n<p>Als Wechselrichter-\/Ladeger\u00e4t mit integrierter Ger\u00e4tevernetzung kommuniziert MultiPlus-II GX mit einem Solarladeger\u00e4t, Batterien und anderen Ger\u00e4ten, um eine netzgekoppelte, netzferne oder entfernte Strominstallation zu steuern. MultiPlus-II GX kann parallel betrieben werden, um die Leistung zu erh\u00f6hen oder die Batterieladezahl zu erh\u00f6hen, und kann auch f\u00fcr eine dreiphasige Stromversorgung konfiguriert werden. Eine Vielzahl fortschrittlicher Funktionen &#8211; wie z.B. unterbrechungsfreie Stromversorgung, Festlegung von Lastgrenzen und Erg\u00e4nzung begrenzter Verf\u00fcgbarkeit von Netzstrom durch Batterieleistung &#8211; k\u00f6nnen direkt vom Smartphone aus gesteuert werden. Fern\u00fcberwachung ist ebenfalls m\u00f6glich.<\/p>\n<p>Datenblatt: <a href=\"https:\/\/www.victronenergy.de\/upload\/documents\/Datasheet-MultiPlus-II-GX-inverter-charger-DE.pdf\" rel=\"noopener\" target=\"_blank\">MultiPlus-II GX<\/a><br \/>\nGeh\u00e4useabmessungen: <a href=\"https:\/\/www.victronenergy.de\/upload\/documents\/MultiPlus-II-24V-3000VA-230V-GX.pdf\" rel=\"noopener\" target=\"_blank\">MultiPlus-II 24V 3000VA 230V GX<\/a><br \/>\nHandbuch: <a href=\"https:\/\/www.victronenergy.com\/upload\/documents\/MultiPlus-II_GX\/2983-MultiPlus-II_GX-pdf-de.pdf?_ga=2.43683555.716399648.1716397710-587487195.1711028154\" rel=\"noopener\" target=\"_blank\">MultiPlus-II GX (PDF)<\/a><br \/>\nFilms: <a href=\"https:\/\/www.youtube.com\/watch?v=8pR9utgkjSI&#038;list=PLnKCJA0l3E6balmPIyOD3wmiqgVE9DeVG\" rel=\"noopener\" target=\"_blank\"> Wussten Sie schon \u2013 \u00c4ndern des Logos auf einem GX-Ger\u00e4t<\/a><br \/>\n<a href=\"https:\/\/www.youtube.com\/watch?v=AEPmjkyg7UY&#038;list=PLnKCJA0l3E6balmPIyOD3wmiqgVE9DeVG\" rel=\"noopener\" target=\"_blank\">Wussten Sie schon, dass Sie eine MultiPlus-Firmware mit einem Android-Telefon aktualisieren k\u00f6nnen?<\/a><br \/>\n<a href=\"https:\/\/www.youtube.com\/watch?v=mEN15Z_S4kE\" rel=\"noopener\" target=\"_blank\">So richten Sie den BMV Battery Monitor f\u00fcr Blei- und Lithiumbatterien ein<\/a><\/p>\n","protected":false},"featured_media":315607,"comment_status":"open","ping_status":"closed","template":"","meta":[],"location":[4275,4276],"product_brand":[],"product_cat":[4282,4607,7810],"product_tag":[],"class_list":{"0":"post-145845","1":"product","2":"type-product","3":"status-publish","4":"has-post-thumbnail","6":"location-aes-emmeloord","7":"location-aes-lemmer","8":"product_cat-victron-de","9":"product_cat-umwandler-batterieladegerate","10":"product_cat-multiplus-ii-gx-de","11":"product_shipping_class-paket-0-10-kg","13":"first","14":"onbackorder","15":"sale","16":"taxable","17":"shipping-taxable","18":"purchasable","19":"product-type-simple"},"group_of_quantity":0,"min_quantity":0,"max_quantity":"","exclude_order_quantity_value_rules":"no","exclude_category_quantity_rules":"no","combine_variations":"no","locations":[{"id":4275,"name":"AES Emmeloord","slug":"aes-emmeloord","quantity":""},{"id":4276,"name":"AES Lemmer","slug":"aes-lemmer","quantity":""}],"_links":{"self":[{"href":"https:\/\/ab-marineservice.com\/de\/wp-json\/wp\/v2\/product\/145845","targetHints":{"allow":["GET"]}}],"collection":[{"href":"https:\/\/ab-marineservice.com\/de\/wp-json\/wp\/v2\/product"}],"about":[{"href":"https:\/\/ab-marineservice.com\/de\/wp-json\/wp\/v2\/types\/product"}],"replies":[{"embeddable":true,"href":"https:\/\/ab-marineservice.com\/de\/wp-json\/wp\/v2\/comments?post=145845"}],"wp:featuredmedia":[{"embeddable":true,"href":"https:\/\/ab-marineservice.com\/de\/wp-json\/wp\/v2\/media\/315607"}],"wp:attachment":[{"href":"https:\/\/ab-marineservice.com\/de\/wp-json\/wp\/v2\/media?parent=145845"}],"wp:term":[{"taxonomy":"location","embeddable":true,"href":"https:\/\/ab-marineservice.com\/de\/wp-json\/wp\/v2\/location?post=145845"},{"taxonomy":"product_brand","embeddable":true,"href":"https:\/\/ab-marineservice.com\/de\/wp-json\/wp\/v2\/product_brand?post=145845"},{"taxonomy":"product_cat","embeddable":true,"href":"https:\/\/ab-marineservice.com\/de\/wp-json\/wp\/v2\/product_cat?post=145845"},{"taxonomy":"product_tag","embeddable":true,"href":"https:\/\/ab-marineservice.com\/de\/wp-json\/wp\/v2\/product_tag?post=145845"}],"curies":[{"name":"wp","href":"https:\/\/api.w.org\/{rel}","templated":true}]}}