{"id":145859,"date":"2023-05-04T09:37:01","date_gmt":"2023-05-04T07:37:01","guid":{"rendered":"https:\/\/ab-marineservice.com\/product\/multiplus-ii-48-3000-35-32-230v\/"},"modified":"2026-01-16T15:47:01","modified_gmt":"2026-01-16T14:47:01","slug":"multiplus-ii-48v-3000va-35a-32a-230v","status":"publish","type":"product","link":"https:\/\/ab-marineservice.com\/de\/produkt\/multiplus-ii-48v-3000va-35a-32a-230v\/","title":{"rendered":"MultiPlus-II 48V\/3000VA\/35A-32A 230V"},"content":{"rendered":"","protected":false},"excerpt":{"rendered":"<p>PMP482305010 Victron<\/p>\n<p>Das MultiPlus-II kombiniert die Funktionen des MultiPlus und des MultiGrid.<br \/>\nEs verf\u00fcgt \u00fcber alle Funktionen des MultiPlus und zus\u00e4tzlich \u00fcber eine Option eines externen Stromtransformators, um die Funktionen PowerControl und PowerAssist umzusetzen und, um den Eigenverbrauch mit externer Stromerfassung (max. 32 A) zu optimieren.<br \/>\nEs bietet au\u00dferdem auch s\u00e4mtliche Funktionen des MultiGrid mit der eingebauten Anti-Islanding-Funktion und einer immer l\u00e4nger werdenden Liste mit L\u00e4ndern, in denen es zugelassen ist.<br \/>\nHinweis: F\u00fcr einen kurzen Zeitraum wurde dieses Produkt MultiGrid-II genannt.<\/p>\n<p>Datenblatt: <a href=\"https:\/\/www.victronenergy.de\/upload\/documents\/Datasheet-MultiPlus-II-inverter-charger-DE.pdf\" rel=\"noopener\" target=\"_blank\">MultiPlus-II 3kVA &#8211; 15kVA 230V<\/a><br \/>\nGeh\u00e4useabmessungen: <a href=\"https:\/\/www.victronenergy.de\/upload\/documents\/MultiPlus-II-48V-3000VA-230V-PMP482305012.pdf\" rel=\"noopener\" target=\"_blank\">MultiPlus-II 48V 3000VA 230V PMP482305012<\/a><br \/>\nHandbuch: <a href=\"https:\/\/www.victronenergy.com\/upload\/documents\/MultiPlus-II_230V\/32424-MultiPlus-II___Quattro-II-pdf-de.pdf?_ga=2.201607380.438964114.1716646437-1618030747.1711382177\" rel=\"noopener\" target=\"_blank\">MultiPlus-II 230V (PDF)<\/a><br \/>\nFilms: <a href=\"https:\/\/www.youtube.com\/watch?v=AEPmjkyg7UY&#038;list=PLnKCJA0l3E6balmPIyOD3wmiqgVE9DeVG\" rel=\"noopener\" target=\"_blank\"> Wussten Sie schon, dass Sie eine MultiPlus-Firmware mit einem Android-Telefon aktualisieren k\u00f6nnen?<\/a><br \/>\n<a href=\"https:\/\/www.youtube.com\/watch?v=mEN15Z_S4kE\" rel=\"noopener\" target=\"_blank\"> So richten Sie den BMV Battery Monitor f\u00fcr Blei- und Lithiumbatterien ein<\/a><br \/>\n<a href=\"https:\/\/www.youtube.com\/watch?v=nU5yUY6VhIU\" rel=\"noopener\" target=\"_blank\">Einf\u00fchrung: MultiPlus-II<\/a>   <\/p>\n","protected":false},"featured_media":315747,"comment_status":"open","ping_status":"closed","template":"","meta":[],"location":[4275,4276],"product_brand":[25934],"product_cat":[4282,4607,7808],"product_tag":[],"class_list":{"0":"post-145859","1":"product","2":"type-product","3":"status-publish","4":"has-post-thumbnail","6":"location-aes-emmeloord","7":"location-aes-lemmer","8":"product_brand-victron-energy","9":"product_cat-victron-de","10":"product_cat-umwandler-batterieladegerate","11":"product_cat-multiplus-ii-de","12":"product_shipping_class-paket-0-10-kg","14":"first","15":"outofstock","16":"sale","17":"taxable","18":"shipping-taxable","19":"purchasable","20":"product-type-simple"},"group_of_quantity":0,"min_quantity":0,"max_quantity":"","exclude_order_quantity_value_rules":"no","exclude_category_quantity_rules":"no","combine_variations":"no","locations":[{"id":4275,"name":"AES Emmeloord","slug":"aes-emmeloord","quantity":""},{"id":4276,"name":"AES Lemmer","slug":"aes-lemmer","quantity":""}],"_links":{"self":[{"href":"https:\/\/ab-marineservice.com\/de\/wp-json\/wp\/v2\/product\/145859","targetHints":{"allow":["GET"]}}],"collection":[{"href":"https:\/\/ab-marineservice.com\/de\/wp-json\/wp\/v2\/product"}],"about":[{"href":"https:\/\/ab-marineservice.com\/de\/wp-json\/wp\/v2\/types\/product"}],"replies":[{"embeddable":true,"href":"https:\/\/ab-marineservice.com\/de\/wp-json\/wp\/v2\/comments?post=145859"}],"wp:featuredmedia":[{"embeddable":true,"href":"https:\/\/ab-marineservice.com\/de\/wp-json\/wp\/v2\/media\/315747"}],"wp:attachment":[{"href":"https:\/\/ab-marineservice.com\/de\/wp-json\/wp\/v2\/media?parent=145859"}],"wp:term":[{"taxonomy":"location","embeddable":true,"href":"https:\/\/ab-marineservice.com\/de\/wp-json\/wp\/v2\/location?post=145859"},{"taxonomy":"product_brand","embeddable":true,"href":"https:\/\/ab-marineservice.com\/de\/wp-json\/wp\/v2\/product_brand?post=145859"},{"taxonomy":"product_cat","embeddable":true,"href":"https:\/\/ab-marineservice.com\/de\/wp-json\/wp\/v2\/product_cat?post=145859"},{"taxonomy":"product_tag","embeddable":true,"href":"https:\/\/ab-marineservice.com\/de\/wp-json\/wp\/v2\/product_tag?post=145859"}],"curies":[{"name":"wp","href":"https:\/\/api.w.org\/{rel}","templated":true}]}}