{"id":145874,"date":"2023-05-04T09:37:17","date_gmt":"2023-05-04T08:02:59","guid":{"rendered":"https:\/\/ab-marineservice.com\/product\/multi-rs-solar-48-6000-100-450-80-1-tracker\/"},"modified":"2024-12-13T15:06:44","modified_gmt":"2024-12-13T14:06:44","slug":"multi-rs-solar-48-6000-100-450-80-1-tracker","status":"publish","type":"product","link":"https:\/\/ab-marineservice.com\/de\/produkt\/multi-rs-solar-48-6000-100-450-80-1-tracker\/","title":{"rendered":"Multi RS Solar 48\/6000\/100-450\/80 1 Tracker"},"content":{"rendered":"","protected":false},"excerpt":{"rendered":"<p>PMR482602000 Victron<\/p>\n<p>Der Multi RS Solar 48\/6000 ist ein 48 V 6 kVA Wechselrichter\/Ladeger\u00e4t mit zwei unabh\u00e4ngigen 3 kWp PV 450 V MPPT-Tracker-Eing\u00e4ngen f\u00fcr insgesamt 6 kWp PV.<br \/>\nDank der Hochfrequenztechnik und eines neuen Designs wiegt dieser leistungsstarke Wechselrichter nur 11 kg. Dar\u00fcber hinaus hat es einen ausgezeichneten Wirkungsgrad, eine geringe Standby-Leistung und einen sehr leisen Betrieb.<br \/>\nDas Display liest die Batterie-, Wechselrichter- und Solarparameter ab. Auf die gleichen Parameter kann mit einem Smartphone oder einem anderen Bluetooth-f\u00e4higen Ger\u00e4t \u00fcber die VictronConnect-App zugegriffen werden.<br \/>\nMitte 2023 wurde der Multi RS von einem Single-MPPT-Tracker zu einem Dual-MPPT-Tracker-Modell weiterentwickelt.<\/p>\n<p>Datenblatt: <a href=\"https:\/\/www.victronenergy.de\/upload\/documents\/Datasheet-Multi-RS-Solar-Dual-Tracker-DE.pdf\" rel=\"noopener\" target=\"_blank\">Multi RS Solar Dual Tracker<\/a><br \/>\nGeh\u00e4useabmessungen: <a href=\"https:\/\/www.victronenergy.de\/upload\/documents\/Multi-RS-Solar-1-tracker-PMR482602000.pdf\" rel=\"noopener\" target=\"_blank\">Multi RS Solar 48\/6000\/100-450\/80 1 tracker &#8211; PMR482602000<\/a><br \/>\nHandbuch: <a href=\"https:\/\/www.victronenergy.com\/upload\/documents\/Multi_RS_Solar\/62787-Multi_RS_Solar-pdf-de.pdf\" rel=\"noopener\" target=\"_blank\">Multi RS Solar (PDF)<\/a><\/p>\n","protected":false},"featured_media":323756,"comment_status":"open","ping_status":"closed","template":"","meta":[],"location":[],"product_brand":[],"product_cat":[4282,4607,7818],"product_tag":[],"class_list":{"0":"post-145874","1":"product","2":"type-product","3":"status-publish","4":"has-post-thumbnail","6":"product_cat-victron-de","7":"product_cat-umwandler-batterieladegerate","8":"product_cat-multi-rs-solar-de","9":"product_shipping_class-paket-0-10-kg","11":"first","12":"outofstock","13":"sale","14":"taxable","15":"shipping-taxable","16":"purchasable","17":"product-type-simple"},"group_of_quantity":0,"min_quantity":0,"max_quantity":"","exclude_order_quantity_value_rules":"no","exclude_category_quantity_rules":"no","combine_variations":"no","locations":[],"_links":{"self":[{"href":"https:\/\/ab-marineservice.com\/de\/wp-json\/wp\/v2\/product\/145874","targetHints":{"allow":["GET"]}}],"collection":[{"href":"https:\/\/ab-marineservice.com\/de\/wp-json\/wp\/v2\/product"}],"about":[{"href":"https:\/\/ab-marineservice.com\/de\/wp-json\/wp\/v2\/types\/product"}],"replies":[{"embeddable":true,"href":"https:\/\/ab-marineservice.com\/de\/wp-json\/wp\/v2\/comments?post=145874"}],"wp:featuredmedia":[{"embeddable":true,"href":"https:\/\/ab-marineservice.com\/de\/wp-json\/wp\/v2\/media\/323756"}],"wp:attachment":[{"href":"https:\/\/ab-marineservice.com\/de\/wp-json\/wp\/v2\/media?parent=145874"}],"wp:term":[{"taxonomy":"location","embeddable":true,"href":"https:\/\/ab-marineservice.com\/de\/wp-json\/wp\/v2\/location?post=145874"},{"taxonomy":"product_brand","embeddable":true,"href":"https:\/\/ab-marineservice.com\/de\/wp-json\/wp\/v2\/product_brand?post=145874"},{"taxonomy":"product_cat","embeddable":true,"href":"https:\/\/ab-marineservice.com\/de\/wp-json\/wp\/v2\/product_cat?post=145874"},{"taxonomy":"product_tag","embeddable":true,"href":"https:\/\/ab-marineservice.com\/de\/wp-json\/wp\/v2\/product_tag?post=145874"}],"curies":[{"name":"wp","href":"https:\/\/api.w.org\/{rel}","templated":true}]}}