{"id":145875,"date":"2023-05-04T09:37:17","date_gmt":"2023-05-04T08:02:59","guid":{"rendered":"https:\/\/ab-marineservice.com\/product\/peak-power-pack-128v-20ah-256wh\/"},"modified":"2024-12-11T16:14:15","modified_gmt":"2024-12-11T15:14:15","slug":"peak-power-pack-128v-20ah-256wh","status":"publish","type":"product","link":"https:\/\/ab-marineservice.com\/de\/produkt\/peak-power-pack-128v-20ah-256wh\/","title":{"rendered":"Peak Power Pack 12,8V\/20Ah &#8211; 256Wh"},"content":{"rendered":"","protected":false},"excerpt":{"rendered":"<p>PPP012020000 Victron<\/p>\n<p>Das Peak Power Pack ist ein vollst\u00e4ndiger Ersatz f\u00fcr schwere Bleis\u00e4ure-Batterien bei Anwendungen, bei denen kurzfristig hohe Str\u00f6me auftreten. Vorrangig f\u00fcr Wohnwagen ausgelegt ist es mit einem eingebauten Ladeger\u00e4t ausgestattet. Damit ist ein Laden \u00fcber das elektrische System des Fahrzeugs w\u00e4hrend des Reisens mit dem Wohnwagen m\u00f6glich. Auf diese Weise ist der Pack bei der Ankunft am Campingplatz voll aufgeladen. Falls notwendig ist auch ein Laden \u00fcber das Netz mithilfe des mitgelieferten Adapters m\u00f6glich. Das Laden \u00fcber ein Solarmodul ist auch m\u00f6glich.<\/p>\n<p>Datenblatt: <a href=\"https:\/\/www.victronenergy.de\/upload\/documents\/Datasheet-Peak-Power-Pack-DE.pdf\" rel=\"noopener\" target=\"_blank\">Peak Power Pack<\/a><br \/>\nGeh\u00e4useabmessungen: <a href=\"https:\/\/www.victronenergy.de\/upload\/documents\/Dimensions-Peak-Power-Pack-12,8V20Ah-256Wh.PDF\" rel=\"noopener\" target=\"_blank\">Peak Power Pack 12,8V 20Ah<\/a><br \/>\nHandbuch: <a href=\"https:\/\/www.victronenergy.de\/upload\/documents\/Manual-Peak-Power-Pack-EN-NL-FR-DE-ES-SE.pdf\" rel=\"noopener\" target=\"_blank\">Peak Power Pack<\/a>   <\/p>\n","protected":false},"featured_media":317942,"comment_status":"open","ping_status":"closed","template":"","meta":[],"location":[4275,4276],"product_brand":[],"product_cat":[4282,4355,10264],"product_tag":[],"class_list":{"0":"post-145875","1":"product","2":"type-product","3":"status-publish","4":"has-post-thumbnail","6":"location-aes-emmeloord","7":"location-aes-lemmer","8":"product_cat-victron-de","9":"product_cat-batterien","10":"product_cat-peak-power-pack-de","11":"product_shipping_class-paket-0-10-kg","13":"first","14":"onbackorder","15":"sale","16":"taxable","17":"shipping-taxable","18":"purchasable","19":"product-type-simple"},"group_of_quantity":0,"min_quantity":0,"max_quantity":"","exclude_order_quantity_value_rules":"no","exclude_category_quantity_rules":"no","combine_variations":"no","locations":[{"id":4275,"name":"AES Emmeloord","slug":"aes-emmeloord","quantity":""},{"id":4276,"name":"AES Lemmer","slug":"aes-lemmer","quantity":""}],"_links":{"self":[{"href":"https:\/\/ab-marineservice.com\/de\/wp-json\/wp\/v2\/product\/145875","targetHints":{"allow":["GET"]}}],"collection":[{"href":"https:\/\/ab-marineservice.com\/de\/wp-json\/wp\/v2\/product"}],"about":[{"href":"https:\/\/ab-marineservice.com\/de\/wp-json\/wp\/v2\/types\/product"}],"replies":[{"embeddable":true,"href":"https:\/\/ab-marineservice.com\/de\/wp-json\/wp\/v2\/comments?post=145875"}],"wp:featuredmedia":[{"embeddable":true,"href":"https:\/\/ab-marineservice.com\/de\/wp-json\/wp\/v2\/media\/317942"}],"wp:attachment":[{"href":"https:\/\/ab-marineservice.com\/de\/wp-json\/wp\/v2\/media?parent=145875"}],"wp:term":[{"taxonomy":"location","embeddable":true,"href":"https:\/\/ab-marineservice.com\/de\/wp-json\/wp\/v2\/location?post=145875"},{"taxonomy":"product_brand","embeddable":true,"href":"https:\/\/ab-marineservice.com\/de\/wp-json\/wp\/v2\/product_brand?post=145875"},{"taxonomy":"product_cat","embeddable":true,"href":"https:\/\/ab-marineservice.com\/de\/wp-json\/wp\/v2\/product_cat?post=145875"},{"taxonomy":"product_tag","embeddable":true,"href":"https:\/\/ab-marineservice.com\/de\/wp-json\/wp\/v2\/product_tag?post=145875"}],"curies":[{"name":"wp","href":"https:\/\/api.w.org\/{rel}","templated":true}]}}