{"id":145887,"date":"2023-05-04T09:37:33","date_gmt":"2023-05-04T08:03:11","guid":{"rendered":"https:\/\/ab-marineservice.com\/product\/phoenix-smart-ip43-ladegeraet-24-2511-230v\/"},"modified":"2024-10-25T10:20:10","modified_gmt":"2024-10-25T08:20:10","slug":"phoenix-smart-ip43-ladegeraet-24-2511-230v","status":"publish","type":"product","link":"https:\/\/ab-marineservice.com\/de\/produkt\/phoenix-smart-ip43-ladegeraet-24-2511-230v\/","title":{"rendered":"Phoenix Smart IP43 Ladeger\u00e4t 24\/25(1+1) 230V"},"content":{"rendered":"","protected":false},"excerpt":{"rendered":"<p>PSC242551085 Victron<\/p>\n<p>Dieses anpassbare f\u00fcnfstufige Batterieladeger\u00e4t richtet sich an Bootsbesitzer und kann jede der drei Batterien mit 30 A oder 50 A aufladen. Das Smart 1+1-Modell kann auch 3 A an die Starterbatterie und den Rest an die \u201eHausbatterie\u201c liefern. 24-V-Modelle sind mit 16 A\/25 A-Ladung erh\u00e4ltlich. Da es mit Bluetooth ausgestattet ist, k\u00f6nnen Sie das Ladeger\u00e4t verwalten und Alarme direkt von Ihrem Telefon aus einstellen. Anpassbare, intelligente und dynamische Ladefunktionen \u2013 siehe Datenblatt unten.<\/p>\n<p>Datenblatt: <a href=\"https:\/\/www.victronenergy.nl\/upload\/documents\/Datasheet-Smart-IP43-Charger-230V-NL.pdf\" rel=\"noopener\" target=\"_blank\">Smart IP43 Ladeger\u00e4t 230V<\/a><br \/>\nHandbuch: <a href=\"https:\/\/www.victronenergy.com\/upload\/documents\/Phoenix_Smart_IP43_Charger_230V\/22097-Phoenix_Smart_IP43_Charger-pdf-en.pdf\" rel=\"noopener\" target=\"_blank\">Phoenix Smart IP43 Ladeger\u00e4t 230V ( PDF)<\/a><br \/>\nAbmessungen: <a href=\"https:\/\/www.victronenergy.nl\/upload\/documents\/Smart-IP43-charger-(1+1)-230V.pdf\" rel=\"noopener\" target=\"_blank\">Smart IP43 Ladeger\u00e4t (1+1) 230V<\/a><\/p>\n","protected":false},"featured_media":332230,"comment_status":"open","ping_status":"closed","template":"","meta":[],"location":[4275,4276],"product_brand":[],"product_cat":[4282,4369,7798],"product_tag":[],"class_list":{"0":"post-145887","1":"product","2":"type-product","3":"status-publish","4":"has-post-thumbnail","6":"location-aes-emmeloord","7":"location-aes-lemmer","8":"product_cat-victron-de","9":"product_cat-batterie-ladegerate","10":"product_cat-smart-ip43-ladegeraet","11":"product_shipping_class-paket-0-10-kg","13":"first","14":"outofstock","15":"sale","16":"taxable","17":"shipping-taxable","18":"purchasable","19":"product-type-simple"},"group_of_quantity":0,"min_quantity":0,"max_quantity":"","exclude_order_quantity_value_rules":"no","exclude_category_quantity_rules":"no","combine_variations":"no","locations":[{"id":4275,"name":"AES Emmeloord","slug":"aes-emmeloord","quantity":""},{"id":4276,"name":"AES Lemmer","slug":"aes-lemmer","quantity":""}],"_links":{"self":[{"href":"https:\/\/ab-marineservice.com\/de\/wp-json\/wp\/v2\/product\/145887","targetHints":{"allow":["GET"]}}],"collection":[{"href":"https:\/\/ab-marineservice.com\/de\/wp-json\/wp\/v2\/product"}],"about":[{"href":"https:\/\/ab-marineservice.com\/de\/wp-json\/wp\/v2\/types\/product"}],"replies":[{"embeddable":true,"href":"https:\/\/ab-marineservice.com\/de\/wp-json\/wp\/v2\/comments?post=145887"}],"wp:featuredmedia":[{"embeddable":true,"href":"https:\/\/ab-marineservice.com\/de\/wp-json\/wp\/v2\/media\/332230"}],"wp:attachment":[{"href":"https:\/\/ab-marineservice.com\/de\/wp-json\/wp\/v2\/media?parent=145887"}],"wp:term":[{"taxonomy":"location","embeddable":true,"href":"https:\/\/ab-marineservice.com\/de\/wp-json\/wp\/v2\/location?post=145887"},{"taxonomy":"product_brand","embeddable":true,"href":"https:\/\/ab-marineservice.com\/de\/wp-json\/wp\/v2\/product_brand?post=145887"},{"taxonomy":"product_cat","embeddable":true,"href":"https:\/\/ab-marineservice.com\/de\/wp-json\/wp\/v2\/product_cat?post=145887"},{"taxonomy":"product_tag","embeddable":true,"href":"https:\/\/ab-marineservice.com\/de\/wp-json\/wp\/v2\/product_tag?post=145887"}],"curies":[{"name":"wp","href":"https:\/\/api.w.org\/{rel}","templated":true}]}}