{"id":145911,"date":"2023-05-04T09:37:49","date_gmt":"2023-05-04T08:03:46","guid":{"rendered":"https:\/\/ab-marineservice.com\/product\/phoenix-wechselrichtersteuerung-utp-rj45\/"},"modified":"2025-05-19T17:26:57","modified_gmt":"2025-05-19T15:26:57","slug":"phoenix-wechselrichtersteuerung-utp-rj45","status":"publish","type":"product","link":"https:\/\/ab-marineservice.com\/de\/produkt\/phoenix-wechselrichtersteuerung-utp-rj45\/","title":{"rendered":"Phoenix Wechselrichtersteuerung UTP\/RJ45"},"content":{"rendered":"","protected":false},"excerpt":{"rendered":"<p>REC030001210 Victron<\/p>\n<p>Dieses Panel ist f\u00fcr Wechselrichter vorgesehen, die mit einem UTP-Kontakt zur Fern\u00fcberwachung und -steuerung ausgestattet sind. Es kann auch f\u00fcr einen MultiPlus Wechselrichter\/Ladeger\u00e4t verwendet werden, wenn ein automatischer Umschalter, aber keine Ladefunktion erforderlich ist. Nachts wird die Lichtintensit\u00e4t der LEDs automatisch reduziert. Nur f\u00fcr folgende Modelle: 12\/1200, 12\/1600, 12\/2000, 12\/3000, 12\/5000, 24\/1200, 24\/1600, 24\/2000, 24\/3000, 24\/5000, 48\/3000 und 48\/5000.<\/p>\n<p>Abmessungen: <a href=\"https:\/\/www.victronenergy.nl\/upload\/documents\/Dimensions-of-metal-panel-for-REC030001210-Inverter-Control_v2.0.pdf\" rel=\"noopener\" Ziel =\"_blank\">Wechselrichtersteuerung<\/a><\/p>\n","protected":false},"featured_media":149434,"comment_status":"open","ping_status":"closed","template":"","meta":[],"location":[4275,4276],"product_brand":[],"product_cat":[4282,4383,7726],"product_tag":[],"class_list":{"0":"post-145911","1":"product","2":"type-product","3":"status-publish","4":"has-post-thumbnail","6":"location-aes-emmeloord","7":"location-aes-lemmer","8":"product_cat-victron-de","9":"product_cat-sonstige","10":"product_cat-display-paneele","11":"product_shipping_class-paket-0-10-kg","13":"first","14":"onbackorder","15":"sale","16":"taxable","17":"shipping-taxable","18":"purchasable","19":"product-type-simple"},"group_of_quantity":0,"min_quantity":0,"max_quantity":"","exclude_order_quantity_value_rules":"no","exclude_category_quantity_rules":"no","combine_variations":"no","locations":[{"id":4275,"name":"AES Emmeloord","slug":"aes-emmeloord","quantity":""},{"id":4276,"name":"AES Lemmer","slug":"aes-lemmer","quantity":""}],"_links":{"self":[{"href":"https:\/\/ab-marineservice.com\/de\/wp-json\/wp\/v2\/product\/145911","targetHints":{"allow":["GET"]}}],"collection":[{"href":"https:\/\/ab-marineservice.com\/de\/wp-json\/wp\/v2\/product"}],"about":[{"href":"https:\/\/ab-marineservice.com\/de\/wp-json\/wp\/v2\/types\/product"}],"replies":[{"embeddable":true,"href":"https:\/\/ab-marineservice.com\/de\/wp-json\/wp\/v2\/comments?post=145911"}],"wp:featuredmedia":[{"embeddable":true,"href":"https:\/\/ab-marineservice.com\/de\/wp-json\/wp\/v2\/media\/149434"}],"wp:attachment":[{"href":"https:\/\/ab-marineservice.com\/de\/wp-json\/wp\/v2\/media?parent=145911"}],"wp:term":[{"taxonomy":"location","embeddable":true,"href":"https:\/\/ab-marineservice.com\/de\/wp-json\/wp\/v2\/location?post=145911"},{"taxonomy":"product_brand","embeddable":true,"href":"https:\/\/ab-marineservice.com\/de\/wp-json\/wp\/v2\/product_brand?post=145911"},{"taxonomy":"product_cat","embeddable":true,"href":"https:\/\/ab-marineservice.com\/de\/wp-json\/wp\/v2\/product_cat?post=145911"},{"taxonomy":"product_tag","embeddable":true,"href":"https:\/\/ab-marineservice.com\/de\/wp-json\/wp\/v2\/product_tag?post=145911"}],"curies":[{"name":"wp","href":"https:\/\/api.w.org\/{rel}","templated":true}]}}