{"id":145913,"date":"2023-05-04T09:37:49","date_gmt":"2023-05-04T08:03:46","guid":{"rendered":"https:\/\/ab-marineservice.com\/product\/anti-islanding-relais-ufr1001e\/"},"modified":"2025-05-19T17:26:54","modified_gmt":"2025-05-19T15:26:54","slug":"anti-islanding-relais-ufr1001e","status":"publish","type":"product","link":"https:\/\/ab-marineservice.com\/de\/produkt\/anti-islanding-relais-ufr1001e\/","title":{"rendered":"Anti-Islanding-Relais UFR1001E"},"content":{"rendered":"","protected":false},"excerpt":{"rendered":"<p>REL100100000 Victron<\/p>\n<p>Das UFR1001E \u00fcberwacht die Spannung und die Frequenz in Anlagen f\u00fcr die Stromeigenerzeugung. Es erf\u00fcllt die Anforderungen der VDE-AR-N 4105 bdew-Richtlinie, der G59\/3, G83\/2 und der \u00d6VE\/\u00d6NORM E 8001-4-712:2009 f\u00fcr Generatoren, die an das \u00f6ffentliche Netz angeschlossen sind. <\/p>\n<p>Weitere Informationen entnehmen Sie bitte dem Datenblatt und den folgenden Zertifizierungen, die zum Herunterladen bereitstehen. Sie k\u00f6nnen auch unter <a href=\"http:\/\/www.ziehl.de\" rel=\"noopener\" target=\"_blank\">www.ziehl.de<\/a> bei dem UFR1001E unter der Netz-\u00dcberwachungs-Gruppe nachsehen.<\/p>\n<p>Datenblatt: <a href=\"https:\/\/www.victronenergy.nl\/upload\/documents\/Ziehl-Voltage-&#038;-Frequency-relay-UFR1001E.pdf\">Ziehl Spannungs- und Frequenz-Relais<\/a><br \/>\nHandbuch: <a href=\"https:\/\/www.ziehl.com\/en\/AllProducts\/dl\/Operating_manual-2698\/?task=download\">Ziehl Spannungs- und Frequenz-Relais<\/a><\/p>\n","protected":false},"featured_media":307999,"comment_status":"open","ping_status":"closed","template":"","meta":[],"location":[4275,4276],"product_brand":[],"product_cat":[4282,11119],"product_tag":[],"class_list":{"0":"post-145913","1":"product","2":"type-product","3":"status-publish","4":"has-post-thumbnail","6":"location-aes-emmeloord","7":"location-aes-lemmer","8":"product_cat-victron-de","9":"product_cat-zubehor-de-6","10":"product_shipping_class-paket-0-10-kg","12":"first","13":"onbackorder","14":"sale","15":"taxable","16":"shipping-taxable","17":"purchasable","18":"product-type-simple"},"group_of_quantity":0,"min_quantity":0,"max_quantity":"","exclude_order_quantity_value_rules":"no","exclude_category_quantity_rules":"no","combine_variations":"no","locations":[{"id":4275,"name":"AES Emmeloord","slug":"aes-emmeloord","quantity":""},{"id":4276,"name":"AES Lemmer","slug":"aes-lemmer","quantity":""}],"_links":{"self":[{"href":"https:\/\/ab-marineservice.com\/de\/wp-json\/wp\/v2\/product\/145913","targetHints":{"allow":["GET"]}}],"collection":[{"href":"https:\/\/ab-marineservice.com\/de\/wp-json\/wp\/v2\/product"}],"about":[{"href":"https:\/\/ab-marineservice.com\/de\/wp-json\/wp\/v2\/types\/product"}],"replies":[{"embeddable":true,"href":"https:\/\/ab-marineservice.com\/de\/wp-json\/wp\/v2\/comments?post=145913"}],"wp:featuredmedia":[{"embeddable":true,"href":"https:\/\/ab-marineservice.com\/de\/wp-json\/wp\/v2\/media\/307999"}],"wp:attachment":[{"href":"https:\/\/ab-marineservice.com\/de\/wp-json\/wp\/v2\/media?parent=145913"}],"wp:term":[{"taxonomy":"location","embeddable":true,"href":"https:\/\/ab-marineservice.com\/de\/wp-json\/wp\/v2\/location?post=145913"},{"taxonomy":"product_brand","embeddable":true,"href":"https:\/\/ab-marineservice.com\/de\/wp-json\/wp\/v2\/product_brand?post=145913"},{"taxonomy":"product_cat","embeddable":true,"href":"https:\/\/ab-marineservice.com\/de\/wp-json\/wp\/v2\/product_cat?post=145913"},{"taxonomy":"product_tag","embeddable":true,"href":"https:\/\/ab-marineservice.com\/de\/wp-json\/wp\/v2\/product_tag?post=145913"}],"curies":[{"name":"wp","href":"https:\/\/api.w.org\/{rel}","templated":true}]}}